{"id":3096,"date":"2026-01-05T12:38:43","date_gmt":"2026-01-05T17:38:43","guid":{"rendered":"https:\/\/angatextiles.com\/?post_type=product&#038;p=3096"},"modified":"2026-03-27T11:34:00","modified_gmt":"2026-03-27T15:34:00","slug":"jersey-epais-camions-et-terre","status":"publish","type":"product","link":"https:\/\/angatextiles.com\/en\/tissus\/jersey\/jersey-a-motif\/jersey-epais-camions-et-terre\/","title":{"rendered":"Heavyweight jersey \u2013 Trucks and land"},"content":{"rendered":"<p style=\"padding-left: 40px;\"><strong>Heavyweight jersey \u2013 Trucks and land<\/strong><\/p>\n<p style=\"padding-left: 40px;\"><strong>Width<\/strong>: 146 cm<br \/>\n<strong>Weight<\/strong>: 250-260 gm (average weight)<br \/>\n<strong>Composition<\/strong>: 95% cotton, 5% elastane<br \/>\n<strong>Interview: <\/strong>Machine wash separately at 40\u00b0C<br \/>\n<b>Narrowing:<\/b> 5%<br \/>\n<strong>Origin:<\/strong> Imported from China<\/p>","protected":false},"excerpt":{"rendered":"<p>Price per half meter;<br \/>\n1 = 1\/2 meter, 2 = 1 meter<\/p>\n<p><strong>Layout:\u00a0<\/strong><a href=\"https:\/\/angatextiles.com\/en\/tissus\/bord-cote-ribbing\/bord-cote-glacage\/\">Ribbing \u2013 Icing<\/a> (color similar to French Terry \u2013 Glacier)<br \/>\n<a href=\"https:\/\/angatextiles.com\/en\/tissus\/bord-cote-ribbing\/bord-cote-ecru\/\">Ribbing \u2013 Ecru<\/a> (Color also available in French terry)<br \/>\n<a href=\"https:\/\/angatextiles.com\/en\/tissus\/bord-cote-ribbing\/bord-cote-orange-brule\/\">Coastal \u2013 Burnt Orange<\/a> (Color also available in French terry)<\/p>\n<p><strong>Suitable for<\/strong>: children&#039;s clothing, dress, leggings, t-shirt, long-sleeved sweater, etc.<\/p>\n<p><strong>Come share your creations or get inspired via our Facebook group: <\/strong><strong><a href=\"https:\/\/www.facebook.com\/groups\/1543417436298889\/\">Anga Textiles \u2013 Inspiration and sharing group<\/a>.<\/strong><\/p>","protected":false},"featured_media":3080,"template":"","meta":{"site-sidebar-layout":"default","site-content-layout":"","ast-site-content-layout":"default","site-content-style":"default","site-sidebar-style":"default","ast-global-header-display":"","ast-banner-title-visibility":"","ast-main-header-display":"","ast-hfb-above-header-display":"","ast-hfb-below-header-display":"","ast-hfb-mobile-header-display":"","site-post-title":"","ast-breadcrumbs-content":"","ast-featured-img":"","footer-sml-layout":"","ast-disable-related-posts":"","theme-transparent-header-meta":"default","adv-header-id-meta":"","stick-header-meta":"","header-above-stick-meta":"","header-main-stick-meta":"","header-below-stick-meta":"","astra-migrate-meta-layouts":"set","ast-page-background-enabled":"default","ast-page-background-meta":{"desktop":{"background-color":"var(--ast-global-color-4)","background-image":"","background-repeat":"repeat","background-position":"center center","background-size":"auto","background-attachment":"scroll","background-type":"","background-media":"","overlay-type":"","overlay-color":"","overlay-opacity":"","overlay-gradient":""},"tablet":{"background-color":"","background-image":"","background-repeat":"repeat","background-position":"center center","background-size":"auto","background-attachment":"scroll","background-type":"","background-media":"","overlay-type":"","overlay-color":"","overlay-opacity":"","overlay-gradient":""},"mobile":{"background-color":"","background-image":"","background-repeat":"repeat","background-position":"center center","background-size":"auto","background-attachment":"scroll","background-type":"","background-media":"","overlay-type":"","overlay-color":"","overlay-opacity":"","overlay-gradient":""}},"ast-content-background-meta":{"desktop":{"background-color":"var(--ast-global-color-5)","background-image":"","background-repeat":"repeat","background-position":"center center","background-size":"auto","background-attachment":"scroll","background-type":"","background-media":"","overlay-type":"","overlay-color":"","overlay-opacity":"","overlay-gradient":""},"tablet":{"background-color":"var(--ast-global-color-5)","background-image":"","background-repeat":"repeat","background-position":"center center","background-size":"auto","background-attachment":"scroll","background-type":"","background-media":"","overlay-type":"","overlay-color":"","overlay-opacity":"","overlay-gradient":""},"mobile":{"background-color":"var(--ast-global-color-5)","background-image":"","background-repeat":"repeat","background-position":"center center","background-size":"auto","background-attachment":"scroll","background-type":"","background-media":"","overlay-type":"","overlay-color":"","overlay-opacity":"","overlay-gradient":""}}},"product_brand":[],"product_cat":[39,38],"product_tag":[],"class_list":{"0":"post-3096","1":"product","2":"type-product","3":"status-publish","4":"has-post-thumbnail","6":"product_cat-jersey","7":"product_cat-jersey-a-motif","8":"desktop-align-left","9":"tablet-align-left","10":"mobile-align-left","12":"first","13":"instock","14":"taxable","15":"shipping-taxable","16":"purchasable","17":"product-type-simple"},"yoast_head":"<!-- This site is optimized with the Yoast SEO plugin v27.1.1 - https:\/\/yoast.com\/product\/yoast-seo-wordpress\/ -->\n<title>Jersey \u00e9pais - Camions et terre<\/title>\n<meta name=\"description\" content=\"Jersey de la collection exclusive. Motif de camions et de terre. Import\u00e9 de Chine. Parfait pour les v\u00eatements d&#039;enfants, robes, leggings, hauts, etc.\" \/>\n<meta name=\"robots\" content=\"index, follow, max-snippet:-1, max-image-preview:large, max-video-preview:-1\" \/>\n<link rel=\"canonical\" href=\"https:\/\/angatextiles.com\/en\/tissus\/jersey\/jersey-a-motif\/jersey-epais-camions-et-terre\/\" \/>\n<meta property=\"og:locale\" content=\"en_US\" \/>\n<meta property=\"og:type\" content=\"article\" \/>\n<meta property=\"og:title\" content=\"Jersey \u00e9pais - Camions et terre\" \/>\n<meta property=\"og:description\" content=\"Jersey de la collection exclusive. Motif de camions et de terre. Import\u00e9 de Chine. Parfait pour les v\u00eatements d&#039;enfants, robes, leggings, hauts, etc.\" \/>\n<meta property=\"og:url\" content=\"https:\/\/angatextiles.com\/en\/tissus\/jersey\/jersey-a-motif\/jersey-epais-camions-et-terre\/\" \/>\n<meta property=\"og:site_name\" content=\"Anga Textiles\" \/>\n<meta property=\"article:publisher\" content=\"https:\/\/facebook.com\/anga.textiles\" \/>\n<meta property=\"article:modified_time\" content=\"2026-03-27T15:34:00+00:00\" \/>\n<meta property=\"og:image\" content=\"https:\/\/angatextiles.com\/wp-content\/uploads\/2025\/10\/Pattern_4.png?v=1761062808\" \/>\n\t<meta property=\"og:image:width\" content=\"1181\" \/>\n\t<meta property=\"og:image:height\" content=\"1181\" \/>\n\t<meta property=\"og:image:type\" content=\"image\/png\" \/>\n<meta name=\"twitter:card\" content=\"summary_large_image\" \/>\n<meta name=\"twitter:label1\" content=\"Est. reading time\" \/>\n\t<meta name=\"twitter:data1\" content=\"1 minute\" \/>\n<script type=\"application\/ld+json\" class=\"yoast-schema-graph\">{\"@context\":\"https:\/\/schema.org\",\"@graph\":[{\"@type\":\"WebPage\",\"@id\":\"https:\/\/angatextiles.com\/tissus\/jersey\/jersey-a-motif\/jersey-epais-camions-et-terre\/\",\"url\":\"https:\/\/angatextiles.com\/tissus\/jersey\/jersey-a-motif\/jersey-epais-camions-et-terre\/\",\"name\":\"Jersey \u00e9pais - Camions et terre\",\"isPartOf\":{\"@id\":\"https:\/\/angatextiles.com\/#website\"},\"primaryImageOfPage\":{\"@id\":\"https:\/\/angatextiles.com\/tissus\/jersey\/jersey-a-motif\/jersey-epais-camions-et-terre\/#primaryimage\"},\"image\":{\"@id\":\"https:\/\/angatextiles.com\/tissus\/jersey\/jersey-a-motif\/jersey-epais-camions-et-terre\/#primaryimage\"},\"thumbnailUrl\":\"https:\/\/angatextiles.com\/wp-content\/uploads\/2025\/10\/Pattern_4.png?v=1761062808\",\"datePublished\":\"2026-01-05T17:38:43+00:00\",\"dateModified\":\"2026-03-27T15:34:00+00:00\",\"description\":\"Jersey de la collection exclusive. Motif de camions et de terre. Import\u00e9 de Chine. Parfait pour les v\u00eatements d'enfants, robes, leggings, hauts, etc.\",\"breadcrumb\":{\"@id\":\"https:\/\/angatextiles.com\/tissus\/jersey\/jersey-a-motif\/jersey-epais-camions-et-terre\/#breadcrumb\"},\"inLanguage\":\"en-CA\",\"potentialAction\":[{\"@type\":\"ReadAction\",\"target\":[\"https:\/\/angatextiles.com\/tissus\/jersey\/jersey-a-motif\/jersey-epais-camions-et-terre\/\"]}]},{\"@type\":\"ImageObject\",\"inLanguage\":\"en-CA\",\"@id\":\"https:\/\/angatextiles.com\/tissus\/jersey\/jersey-a-motif\/jersey-epais-camions-et-terre\/#primaryimage\",\"url\":\"https:\/\/angatextiles.com\/wp-content\/uploads\/2025\/10\/Pattern_4.png?v=1761062808\",\"contentUrl\":\"https:\/\/angatextiles.com\/wp-content\/uploads\/2025\/10\/Pattern_4.png?v=1761062808\",\"width\":1181,\"height\":1181},{\"@type\":\"BreadcrumbList\",\"@id\":\"https:\/\/angatextiles.com\/tissus\/jersey\/jersey-a-motif\/jersey-epais-camions-et-terre\/#breadcrumb\",\"itemListElement\":[{\"@type\":\"ListItem\",\"position\":1,\"name\":\"Accueil\",\"item\":\"https:\/\/angatextiles.com\/\"},{\"@type\":\"ListItem\",\"position\":2,\"name\":\"Tissus\",\"item\":\"https:\/\/angatextiles.com\/tissus\/\"},{\"@type\":\"ListItem\",\"position\":3,\"name\":\"Jersey\",\"item\":\"https:\/\/angatextiles.com\/product-category\/jersey\/\"},{\"@type\":\"ListItem\",\"position\":4,\"name\":\"Jersey \u00e9pais &#8211; Camions et terre\"}]},{\"@type\":\"WebSite\",\"@id\":\"https:\/\/angatextiles.com\/#website\",\"url\":\"https:\/\/angatextiles.com\/\",\"name\":\"Anga Textiles\",\"description\":\"Boutique de tissus en ligne\",\"publisher\":{\"@id\":\"https:\/\/angatextiles.com\/#organization\"},\"potentialAction\":[{\"@type\":\"SearchAction\",\"target\":{\"@type\":\"EntryPoint\",\"urlTemplate\":\"https:\/\/angatextiles.com\/?s={search_term_string}\"},\"query-input\":{\"@type\":\"PropertyValueSpecification\",\"valueRequired\":true,\"valueName\":\"search_term_string\"}}],\"inLanguage\":\"en-CA\"},{\"@type\":\"Organization\",\"@id\":\"https:\/\/angatextiles.com\/#organization\",\"name\":\"Anga Textiles\",\"url\":\"https:\/\/angatextiles.com\/\",\"logo\":{\"@type\":\"ImageObject\",\"inLanguage\":\"en-CA\",\"@id\":\"https:\/\/angatextiles.com\/#\/schema\/logo\/image\/\",\"url\":\"https:\/\/angatextiles.com\/wp-content\/uploads\/2024\/03\/cropped-432615758_392499060370502_4636391169995674141_n.png\",\"contentUrl\":\"https:\/\/angatextiles.com\/wp-content\/uploads\/2024\/03\/cropped-432615758_392499060370502_4636391169995674141_n.png\",\"width\":566,\"height\":189,\"caption\":\"Anga Textiles\"},\"image\":{\"@id\":\"https:\/\/angatextiles.com\/#\/schema\/logo\/image\/\"},\"sameAs\":[\"https:\/\/facebook.com\/anga.textiles\",\"https:\/\/www.instagram.com\/anga_textiles\"]}]}<\/script>\n<!-- \/ Yoast SEO plugin. -->","yoast_head_json":{"title":"Heavyweight jersey - Trucks and land","description":"Jersey from the exclusive collection. Truck and earth print. Imported from China. Perfect for children&#039;s clothing, dresses, leggings, tops, etc.","robots":{"index":"index","follow":"follow","max-snippet":"max-snippet:-1","max-image-preview":"max-image-preview:large","max-video-preview":"max-video-preview:-1"},"canonical":"https:\/\/angatextiles.com\/en\/tissus\/jersey\/jersey-a-motif\/jersey-epais-camions-et-terre\/","og_locale":"en_US","og_type":"article","og_title":"Jersey \u00e9pais - Camions et terre","og_description":"Jersey de la collection exclusive. Motif de camions et de terre. Import\u00e9 de Chine. Parfait pour les v\u00eatements d'enfants, robes, leggings, hauts, etc.","og_url":"https:\/\/angatextiles.com\/en\/tissus\/jersey\/jersey-a-motif\/jersey-epais-camions-et-terre\/","og_site_name":"Anga Textiles","article_publisher":"https:\/\/facebook.com\/anga.textiles","article_modified_time":"2026-03-27T15:34:00+00:00","og_image":[{"width":1181,"height":1181,"url":"https:\/\/angatextiles.com\/wp-content\/uploads\/2025\/10\/Pattern_4.png?v=1761062808","type":"image\/png"}],"twitter_card":"summary_large_image","twitter_misc":{"Est. reading time":"1 minute"},"schema":{"@context":"https:\/\/schema.org","@graph":[{"@type":"WebPage","@id":"https:\/\/angatextiles.com\/tissus\/jersey\/jersey-a-motif\/jersey-epais-camions-et-terre\/","url":"https:\/\/angatextiles.com\/tissus\/jersey\/jersey-a-motif\/jersey-epais-camions-et-terre\/","name":"Heavyweight jersey - Trucks and land","isPartOf":{"@id":"https:\/\/angatextiles.com\/#website"},"primaryImageOfPage":{"@id":"https:\/\/angatextiles.com\/tissus\/jersey\/jersey-a-motif\/jersey-epais-camions-et-terre\/#primaryimage"},"image":{"@id":"https:\/\/angatextiles.com\/tissus\/jersey\/jersey-a-motif\/jersey-epais-camions-et-terre\/#primaryimage"},"thumbnailUrl":"https:\/\/angatextiles.com\/wp-content\/uploads\/2025\/10\/Pattern_4.png?v=1761062808","datePublished":"2026-01-05T17:38:43+00:00","dateModified":"2026-03-27T15:34:00+00:00","description":"Jersey from the exclusive collection. Truck and earth print. Imported from China. Perfect for children&#039;s clothing, dresses, leggings, tops, etc.","breadcrumb":{"@id":"https:\/\/angatextiles.com\/tissus\/jersey\/jersey-a-motif\/jersey-epais-camions-et-terre\/#breadcrumb"},"inLanguage":"en-CA","potentialAction":[{"@type":"ReadAction","target":["https:\/\/angatextiles.com\/tissus\/jersey\/jersey-a-motif\/jersey-epais-camions-et-terre\/"]}]},{"@type":"ImageObject","inLanguage":"en-CA","@id":"https:\/\/angatextiles.com\/tissus\/jersey\/jersey-a-motif\/jersey-epais-camions-et-terre\/#primaryimage","url":"https:\/\/angatextiles.com\/wp-content\/uploads\/2025\/10\/Pattern_4.png?v=1761062808","contentUrl":"https:\/\/angatextiles.com\/wp-content\/uploads\/2025\/10\/Pattern_4.png?v=1761062808","width":1181,"height":1181},{"@type":"BreadcrumbList","@id":"https:\/\/angatextiles.com\/tissus\/jersey\/jersey-a-motif\/jersey-epais-camions-et-terre\/#breadcrumb","itemListElement":[{"@type":"ListItem","position":1,"name":"Accueil","item":"https:\/\/angatextiles.com\/"},{"@type":"ListItem","position":2,"name":"Tissus","item":"https:\/\/angatextiles.com\/tissus\/"},{"@type":"ListItem","position":3,"name":"Jersey","item":"https:\/\/angatextiles.com\/product-category\/jersey\/"},{"@type":"ListItem","position":4,"name":"Jersey \u00e9pais &#8211; Camions et terre"}]},{"@type":"WebSite","@id":"https:\/\/angatextiles.com\/#website","url":"https:\/\/angatextiles.com\/","name":"Anga Textiles","description":"Online fabric store","publisher":{"@id":"https:\/\/angatextiles.com\/#organization"},"potentialAction":[{"@type":"SearchAction","target":{"@type":"EntryPoint","urlTemplate":"https:\/\/angatextiles.com\/?s={search_term_string}"},"query-input":{"@type":"PropertyValueSpecification","valueRequired":true,"valueName":"search_term_string"}}],"inLanguage":"en-CA"},{"@type":"Organization","@id":"https:\/\/angatextiles.com\/#organization","name":"Anga Textiles","url":"https:\/\/angatextiles.com\/","logo":{"@type":"ImageObject","inLanguage":"en-CA","@id":"https:\/\/angatextiles.com\/#\/schema\/logo\/image\/","url":"https:\/\/angatextiles.com\/wp-content\/uploads\/2024\/03\/cropped-432615758_392499060370502_4636391169995674141_n.png","contentUrl":"https:\/\/angatextiles.com\/wp-content\/uploads\/2024\/03\/cropped-432615758_392499060370502_4636391169995674141_n.png","width":566,"height":189,"caption":"Anga Textiles"},"image":{"@id":"https:\/\/angatextiles.com\/#\/schema\/logo\/image\/"},"sameAs":["https:\/\/facebook.com\/anga.textiles","https:\/\/www.instagram.com\/anga_textiles"]}]}},"_links":{"self":[{"href":"https:\/\/angatextiles.com\/en\/wp-json\/wp\/v2\/product\/3096","targetHints":{"allow":["GET"]}}],"collection":[{"href":"https:\/\/angatextiles.com\/en\/wp-json\/wp\/v2\/product"}],"about":[{"href":"https:\/\/angatextiles.com\/en\/wp-json\/wp\/v2\/types\/product"}],"wp:featuredmedia":[{"embeddable":true,"href":"https:\/\/angatextiles.com\/en\/wp-json\/wp\/v2\/media\/3080"}],"wp:attachment":[{"href":"https:\/\/angatextiles.com\/en\/wp-json\/wp\/v2\/media?parent=3096"}],"wp:term":[{"taxonomy":"product_brand","embeddable":true,"href":"https:\/\/angatextiles.com\/en\/wp-json\/wp\/v2\/product_brand?post=3096"},{"taxonomy":"product_cat","embeddable":true,"href":"https:\/\/angatextiles.com\/en\/wp-json\/wp\/v2\/product_cat?post=3096"},{"taxonomy":"product_tag","embeddable":true,"href":"https:\/\/angatextiles.com\/en\/wp-json\/wp\/v2\/product_tag?post=3096"}],"curies":[{"name":"wp","href":"https:\/\/api.w.org\/{rel}","templated":true}]}}