{"id":3087,"date":"2026-01-05T12:38:43","date_gmt":"2026-01-05T17:38:43","guid":{"rendered":"https:\/\/angatextiles.com\/?post_type=product&#038;p=3087"},"modified":"2026-03-27T11:33:35","modified_gmt":"2026-03-27T15:33:35","slug":"coton-ouate-planetes","status":"publish","type":"product","link":"https:\/\/angatextiles.com\/en\/tissus\/coton-ouate\/coton-ouate-planetes\/","title":{"rendered":"Cotton fleece \u2013 Planets"},"content":{"rendered":"<p style=\"padding-left: 40px;\"><strong>Cotton fleece \u2013 Planets<\/strong><\/p>\n<p style=\"padding-left: 40px;\"><strong>Width<\/strong>: 146 cm<br \/>\n<strong>Weight<\/strong>: 280-290 gm (average weight)<br \/>\n<strong>Composition<\/strong>: 95% cotton, 5% elastane<br \/>\n<strong>Interview: <\/strong>Machine wash separately at 40\u00b0C<br \/>\n<b>Narrowing:<\/b> 5%<br \/>\n<strong>Origin:<\/strong> Imported from China<\/p>","protected":false},"excerpt":{"rendered":"<p>Price per half meter;<br \/>\n1 = 1\/2 meter, 2 = 1 meter<\/p>\n<p><strong>Layout: <\/strong><a href=\"https:\/\/angatextiles.com\/en\/tissus\/bord-cote-ribbing\/bord-cote-mauve\/\">Ribbing \u2013 Mauve<\/a> (colour also available in French terry and jersey)<br \/>\n<a href=\"https:\/\/angatextiles.com\/en\/tissus\/bord-cote-ribbing\/bord-cote-lilas\/\">Ribbing \u2013 Lilac<\/a> (colour also available in French terry and jersey)<br \/>\n<a href=\"https:\/\/angatextiles.com\/en\/tissus\/bord-cote-ribbing\/bord-cote-bleu-royal\/\">Ribbed cuffs \u2013 Royal blue<\/a> (Color also available in French terry)<br \/>\n<a href=\"https:\/\/angatextiles.com\/en\/tissus\/bord-cote-ribbing\/bord-cote-regate\/\">Ribbing \u2013 Regatta<\/a><br \/>\n<a href=\"https:\/\/angatextiles.com\/en\/tissus\/bord-cote-ribbing\/bord-cote-fleur-sauvage\/\">Ribbing \u2013 Wild flower<\/a><br \/>\n<a href=\"https:\/\/angatextiles.com\/en\/tissus\/bord-cote-ribbing\/bord-cote-pervenche\/\">Ribbing \u2013 Periwinkle<\/a><br \/>\n<a href=\"https:\/\/angatextiles.com\/en\/tissus\/bord-cote-ribbing\/bord-cote-orange-brule\/\">Coastal \u2013 Spiced Orange<\/a><br \/>\n<a href=\"https:\/\/angatextiles.com\/en\/tissus\/bord-cote-ribbing\/bord-cote-bisou-rose\/\">Ribbing \u2013 Pink Kiss<\/a><br \/>\n<a href=\"https:\/\/angatextiles.com\/en\/tissus\/bord-cote-ribbing\/bord-cote-aquatique\/\">Ribbing \u2013 Aquatic<\/a><\/p>\n<p><strong>Suitable for<\/strong>: children&#039;s clothing, sweaters, joggers, hoodies, etc.<\/p>\n<p><strong>Come share your creations or get inspired via our Facebook group: <\/strong><strong><a href=\"https:\/\/www.facebook.com\/groups\/1543417436298889\/\">Anga Textiles \u2013 Inspiration and sharing group<\/a>.<\/strong><\/p>","protected":false},"featured_media":3075,"template":"","meta":{"site-sidebar-layout":"default","site-content-layout":"","ast-site-content-layout":"default","site-content-style":"default","site-sidebar-style":"default","ast-global-header-display":"","ast-banner-title-visibility":"","ast-main-header-display":"","ast-hfb-above-header-display":"","ast-hfb-below-header-display":"","ast-hfb-mobile-header-display":"","site-post-title":"","ast-breadcrumbs-content":"","ast-featured-img":"","footer-sml-layout":"","ast-disable-related-posts":"","theme-transparent-header-meta":"default","adv-header-id-meta":"","stick-header-meta":"","header-above-stick-meta":"","header-main-stick-meta":"","header-below-stick-meta":"","astra-migrate-meta-layouts":"set","ast-page-background-enabled":"default","ast-page-background-meta":{"desktop":{"background-color":"var(--ast-global-color-4)","background-image":"","background-repeat":"repeat","background-position":"center center","background-size":"auto","background-attachment":"scroll","background-type":"","background-media":"","overlay-type":"","overlay-color":"","overlay-opacity":"","overlay-gradient":""},"tablet":{"background-color":"","background-image":"","background-repeat":"repeat","background-position":"center center","background-size":"auto","background-attachment":"scroll","background-type":"","background-media":"","overlay-type":"","overlay-color":"","overlay-opacity":"","overlay-gradient":""},"mobile":{"background-color":"","background-image":"","background-repeat":"repeat","background-position":"center center","background-size":"auto","background-attachment":"scroll","background-type":"","background-media":"","overlay-type":"","overlay-color":"","overlay-opacity":"","overlay-gradient":""}},"ast-content-background-meta":{"desktop":{"background-color":"var(--ast-global-color-5)","background-image":"","background-repeat":"repeat","background-position":"center center","background-size":"auto","background-attachment":"scroll","background-type":"","background-media":"","overlay-type":"","overlay-color":"","overlay-opacity":"","overlay-gradient":""},"tablet":{"background-color":"var(--ast-global-color-5)","background-image":"","background-repeat":"repeat","background-position":"center center","background-size":"auto","background-attachment":"scroll","background-type":"","background-media":"","overlay-type":"","overlay-color":"","overlay-opacity":"","overlay-gradient":""},"mobile":{"background-color":"var(--ast-global-color-5)","background-image":"","background-repeat":"repeat","background-position":"center center","background-size":"auto","background-attachment":"scroll","background-type":"","background-media":"","overlay-type":"","overlay-color":"","overlay-opacity":"","overlay-gradient":""}}},"product_brand":[],"product_cat":[62],"product_tag":[],"class_list":{"0":"post-3087","1":"product","2":"type-product","3":"status-publish","4":"has-post-thumbnail","6":"product_cat-coton-ouate","7":"desktop-align-left","8":"tablet-align-left","9":"mobile-align-left","11":"first","12":"instock","13":"taxable","14":"shipping-taxable","15":"purchasable","16":"product-type-simple"},"yoast_head":"<!-- This site is optimized with the Yoast SEO plugin v27.1.1 - https:\/\/yoast.com\/product\/yoast-seo-wordpress\/ -->\n<title>Coton ouat\u00e9 - Plan\u00e8tes<\/title>\n<meta name=\"description\" content=\"Coton ouat\u00e9 de la collection exclusive. Motif de plan\u00e8tes. Import\u00e9 de Chine. Parfait pour les v\u00eatements d&#039;enfants, pantalons, hoodies, sweats, etc.\" \/>\n<meta name=\"robots\" content=\"index, follow, max-snippet:-1, max-image-preview:large, max-video-preview:-1\" \/>\n<link rel=\"canonical\" href=\"https:\/\/angatextiles.com\/en\/tissus\/coton-ouate\/coton-ouate-planetes\/\" \/>\n<meta property=\"og:locale\" content=\"en_US\" \/>\n<meta property=\"og:type\" content=\"article\" \/>\n<meta property=\"og:title\" content=\"Coton ouat\u00e9 - Plan\u00e8tes\" \/>\n<meta property=\"og:description\" content=\"Coton ouat\u00e9 de la collection exclusive. Motif de plan\u00e8tes. Import\u00e9 de Chine. Parfait pour les v\u00eatements d&#039;enfants, pantalons, hoodies, sweats, etc.\" \/>\n<meta property=\"og:url\" content=\"https:\/\/angatextiles.com\/en\/tissus\/coton-ouate\/coton-ouate-planetes\/\" \/>\n<meta property=\"og:site_name\" content=\"Anga Textiles\" \/>\n<meta property=\"article:publisher\" content=\"https:\/\/facebook.com\/anga.textiles\" \/>\n<meta property=\"article:modified_time\" content=\"2026-03-27T15:33:35+00:00\" \/>\n<meta property=\"og:image\" content=\"https:\/\/angatextiles.com\/wp-content\/uploads\/2025\/10\/Alv.Planets.jpg?v=1761062797\" \/>\n\t<meta property=\"og:image:width\" content=\"2400\" \/>\n\t<meta property=\"og:image:height\" content=\"2400\" \/>\n\t<meta property=\"og:image:type\" content=\"image\/jpeg\" \/>\n<meta name=\"twitter:card\" content=\"summary_large_image\" \/>\n<meta name=\"twitter:label1\" content=\"Est. reading time\" \/>\n\t<meta name=\"twitter:data1\" content=\"1 minute\" \/>\n<script type=\"application\/ld+json\" class=\"yoast-schema-graph\">{\"@context\":\"https:\/\/schema.org\",\"@graph\":[{\"@type\":\"WebPage\",\"@id\":\"https:\/\/angatextiles.com\/tissus\/coton-ouate\/coton-ouate-planetes\/\",\"url\":\"https:\/\/angatextiles.com\/tissus\/coton-ouate\/coton-ouate-planetes\/\",\"name\":\"Coton ouat\u00e9 - Plan\u00e8tes\",\"isPartOf\":{\"@id\":\"https:\/\/angatextiles.com\/#website\"},\"primaryImageOfPage\":{\"@id\":\"https:\/\/angatextiles.com\/tissus\/coton-ouate\/coton-ouate-planetes\/#primaryimage\"},\"image\":{\"@id\":\"https:\/\/angatextiles.com\/tissus\/coton-ouate\/coton-ouate-planetes\/#primaryimage\"},\"thumbnailUrl\":\"https:\/\/angatextiles.com\/wp-content\/uploads\/2025\/10\/Alv.Planets.jpg?v=1761062797\",\"datePublished\":\"2026-01-05T17:38:43+00:00\",\"dateModified\":\"2026-03-27T15:33:35+00:00\",\"description\":\"Coton ouat\u00e9 de la collection exclusive. Motif de plan\u00e8tes. Import\u00e9 de Chine. Parfait pour les v\u00eatements d'enfants, pantalons, hoodies, sweats, etc.\",\"breadcrumb\":{\"@id\":\"https:\/\/angatextiles.com\/tissus\/coton-ouate\/coton-ouate-planetes\/#breadcrumb\"},\"inLanguage\":\"en-CA\",\"potentialAction\":[{\"@type\":\"ReadAction\",\"target\":[\"https:\/\/angatextiles.com\/tissus\/coton-ouate\/coton-ouate-planetes\/\"]}]},{\"@type\":\"ImageObject\",\"inLanguage\":\"en-CA\",\"@id\":\"https:\/\/angatextiles.com\/tissus\/coton-ouate\/coton-ouate-planetes\/#primaryimage\",\"url\":\"https:\/\/angatextiles.com\/wp-content\/uploads\/2025\/10\/Alv.Planets.jpg?v=1761062797\",\"contentUrl\":\"https:\/\/angatextiles.com\/wp-content\/uploads\/2025\/10\/Alv.Planets.jpg?v=1761062797\",\"width\":2400,\"height\":2400},{\"@type\":\"BreadcrumbList\",\"@id\":\"https:\/\/angatextiles.com\/tissus\/coton-ouate\/coton-ouate-planetes\/#breadcrumb\",\"itemListElement\":[{\"@type\":\"ListItem\",\"position\":1,\"name\":\"Accueil\",\"item\":\"https:\/\/angatextiles.com\/\"},{\"@type\":\"ListItem\",\"position\":2,\"name\":\"Tissus\",\"item\":\"https:\/\/angatextiles.com\/tissus\/\"},{\"@type\":\"ListItem\",\"position\":3,\"name\":\"Coton ouat\u00e9\",\"item\":\"https:\/\/angatextiles.com\/product-category\/coton-ouate\/\"},{\"@type\":\"ListItem\",\"position\":4,\"name\":\"Coton ouat\u00e9 &#8211; Plan\u00e8tes\"}]},{\"@type\":\"WebSite\",\"@id\":\"https:\/\/angatextiles.com\/#website\",\"url\":\"https:\/\/angatextiles.com\/\",\"name\":\"Anga Textiles\",\"description\":\"Boutique de tissus en ligne\",\"publisher\":{\"@id\":\"https:\/\/angatextiles.com\/#organization\"},\"potentialAction\":[{\"@type\":\"SearchAction\",\"target\":{\"@type\":\"EntryPoint\",\"urlTemplate\":\"https:\/\/angatextiles.com\/?s={search_term_string}\"},\"query-input\":{\"@type\":\"PropertyValueSpecification\",\"valueRequired\":true,\"valueName\":\"search_term_string\"}}],\"inLanguage\":\"en-CA\"},{\"@type\":\"Organization\",\"@id\":\"https:\/\/angatextiles.com\/#organization\",\"name\":\"Anga Textiles\",\"url\":\"https:\/\/angatextiles.com\/\",\"logo\":{\"@type\":\"ImageObject\",\"inLanguage\":\"en-CA\",\"@id\":\"https:\/\/angatextiles.com\/#\/schema\/logo\/image\/\",\"url\":\"https:\/\/angatextiles.com\/wp-content\/uploads\/2024\/03\/cropped-432615758_392499060370502_4636391169995674141_n.png\",\"contentUrl\":\"https:\/\/angatextiles.com\/wp-content\/uploads\/2024\/03\/cropped-432615758_392499060370502_4636391169995674141_n.png\",\"width\":566,\"height\":189,\"caption\":\"Anga Textiles\"},\"image\":{\"@id\":\"https:\/\/angatextiles.com\/#\/schema\/logo\/image\/\"},\"sameAs\":[\"https:\/\/facebook.com\/anga.textiles\",\"https:\/\/www.instagram.com\/anga_textiles\"]}]}<\/script>\n<!-- \/ Yoast SEO plugin. -->","yoast_head_json":{"title":"Cotton fleece - Planets","description":"Coton ouat\u00e9 de la collection exclusive. Motif de plan\u00e8tes. Import\u00e9 de Chine. Parfait pour les v\u00eatements d'enfants, pantalons, hoodies, sweats, etc.","robots":{"index":"index","follow":"follow","max-snippet":"max-snippet:-1","max-image-preview":"max-image-preview:large","max-video-preview":"max-video-preview:-1"},"canonical":"https:\/\/angatextiles.com\/en\/tissus\/coton-ouate\/coton-ouate-planetes\/","og_locale":"en_US","og_type":"article","og_title":"Coton ouat\u00e9 - Plan\u00e8tes","og_description":"Coton ouat\u00e9 de la collection exclusive. Motif de plan\u00e8tes. Import\u00e9 de Chine. Parfait pour les v\u00eatements d'enfants, pantalons, hoodies, sweats, etc.","og_url":"https:\/\/angatextiles.com\/en\/tissus\/coton-ouate\/coton-ouate-planetes\/","og_site_name":"Anga Textiles","article_publisher":"https:\/\/facebook.com\/anga.textiles","article_modified_time":"2026-03-27T15:33:35+00:00","og_image":[{"width":2400,"height":2400,"url":"https:\/\/angatextiles.com\/wp-content\/uploads\/2025\/10\/Alv.Planets.jpg?v=1761062797","type":"image\/jpeg"}],"twitter_card":"summary_large_image","twitter_misc":{"Est. reading time":"1 minute"},"schema":{"@context":"https:\/\/schema.org","@graph":[{"@type":"WebPage","@id":"https:\/\/angatextiles.com\/tissus\/coton-ouate\/coton-ouate-planetes\/","url":"https:\/\/angatextiles.com\/tissus\/coton-ouate\/coton-ouate-planetes\/","name":"Cotton fleece - Planets","isPartOf":{"@id":"https:\/\/angatextiles.com\/#website"},"primaryImageOfPage":{"@id":"https:\/\/angatextiles.com\/tissus\/coton-ouate\/coton-ouate-planetes\/#primaryimage"},"image":{"@id":"https:\/\/angatextiles.com\/tissus\/coton-ouate\/coton-ouate-planetes\/#primaryimage"},"thumbnailUrl":"https:\/\/angatextiles.com\/wp-content\/uploads\/2025\/10\/Alv.Planets.jpg?v=1761062797","datePublished":"2026-01-05T17:38:43+00:00","dateModified":"2026-03-27T15:33:35+00:00","description":"Coton ouat\u00e9 de la collection exclusive. Motif de plan\u00e8tes. Import\u00e9 de Chine. Parfait pour les v\u00eatements d'enfants, pantalons, hoodies, sweats, etc.","breadcrumb":{"@id":"https:\/\/angatextiles.com\/tissus\/coton-ouate\/coton-ouate-planetes\/#breadcrumb"},"inLanguage":"en-CA","potentialAction":[{"@type":"ReadAction","target":["https:\/\/angatextiles.com\/tissus\/coton-ouate\/coton-ouate-planetes\/"]}]},{"@type":"ImageObject","inLanguage":"en-CA","@id":"https:\/\/angatextiles.com\/tissus\/coton-ouate\/coton-ouate-planetes\/#primaryimage","url":"https:\/\/angatextiles.com\/wp-content\/uploads\/2025\/10\/Alv.Planets.jpg?v=1761062797","contentUrl":"https:\/\/angatextiles.com\/wp-content\/uploads\/2025\/10\/Alv.Planets.jpg?v=1761062797","width":2400,"height":2400},{"@type":"BreadcrumbList","@id":"https:\/\/angatextiles.com\/tissus\/coton-ouate\/coton-ouate-planetes\/#breadcrumb","itemListElement":[{"@type":"ListItem","position":1,"name":"Accueil","item":"https:\/\/angatextiles.com\/"},{"@type":"ListItem","position":2,"name":"Tissus","item":"https:\/\/angatextiles.com\/tissus\/"},{"@type":"ListItem","position":3,"name":"Coton ouat\u00e9","item":"https:\/\/angatextiles.com\/product-category\/coton-ouate\/"},{"@type":"ListItem","position":4,"name":"Coton ouat\u00e9 &#8211; Plan\u00e8tes"}]},{"@type":"WebSite","@id":"https:\/\/angatextiles.com\/#website","url":"https:\/\/angatextiles.com\/","name":"Anga Textiles","description":"Online fabric store","publisher":{"@id":"https:\/\/angatextiles.com\/#organization"},"potentialAction":[{"@type":"SearchAction","target":{"@type":"EntryPoint","urlTemplate":"https:\/\/angatextiles.com\/?s={search_term_string}"},"query-input":{"@type":"PropertyValueSpecification","valueRequired":true,"valueName":"search_term_string"}}],"inLanguage":"en-CA"},{"@type":"Organization","@id":"https:\/\/angatextiles.com\/#organization","name":"Anga Textiles","url":"https:\/\/angatextiles.com\/","logo":{"@type":"ImageObject","inLanguage":"en-CA","@id":"https:\/\/angatextiles.com\/#\/schema\/logo\/image\/","url":"https:\/\/angatextiles.com\/wp-content\/uploads\/2024\/03\/cropped-432615758_392499060370502_4636391169995674141_n.png","contentUrl":"https:\/\/angatextiles.com\/wp-content\/uploads\/2024\/03\/cropped-432615758_392499060370502_4636391169995674141_n.png","width":566,"height":189,"caption":"Anga Textiles"},"image":{"@id":"https:\/\/angatextiles.com\/#\/schema\/logo\/image\/"},"sameAs":["https:\/\/facebook.com\/anga.textiles","https:\/\/www.instagram.com\/anga_textiles"]}]}},"_links":{"self":[{"href":"https:\/\/angatextiles.com\/en\/wp-json\/wp\/v2\/product\/3087","targetHints":{"allow":["GET"]}}],"collection":[{"href":"https:\/\/angatextiles.com\/en\/wp-json\/wp\/v2\/product"}],"about":[{"href":"https:\/\/angatextiles.com\/en\/wp-json\/wp\/v2\/types\/product"}],"wp:featuredmedia":[{"embeddable":true,"href":"https:\/\/angatextiles.com\/en\/wp-json\/wp\/v2\/media\/3075"}],"wp:attachment":[{"href":"https:\/\/angatextiles.com\/en\/wp-json\/wp\/v2\/media?parent=3087"}],"wp:term":[{"taxonomy":"product_brand","embeddable":true,"href":"https:\/\/angatextiles.com\/en\/wp-json\/wp\/v2\/product_brand?post=3087"},{"taxonomy":"product_cat","embeddable":true,"href":"https:\/\/angatextiles.com\/en\/wp-json\/wp\/v2\/product_cat?post=3087"},{"taxonomy":"product_tag","embeddable":true,"href":"https:\/\/angatextiles.com\/en\/wp-json\/wp\/v2\/product_tag?post=3087"}],"curies":[{"name":"wp","href":"https:\/\/api.w.org\/{rel}","templated":true}]}}