{"id":3041,"date":"2025-10-17T15:36:19","date_gmt":"2025-10-17T19:36:19","guid":{"rendered":"https:\/\/angatextiles.com\/?post_type=product&#038;p=3041"},"modified":"2026-03-27T11:53:36","modified_gmt":"2026-03-27T15:53:36","slug":"bord-cote-denim-fonce","status":"publish","type":"product","link":"https:\/\/angatextiles.com\/en\/tissus\/bord-cote-ribbing\/bord-cote-denim-fonce\/","title":{"rendered":"Ribbed cuffs \u2013 Dark denim"},"content":{"rendered":"<p style=\"padding-left: 40px;\"><strong>Ribbed cuffs \u2013 Dark denim<\/strong><\/p>\n<p style=\"padding-left: 40px;\"><strong>Width<\/strong>: 70 cm, tubular<br \/>\n<strong>Weight<\/strong>: 265 gm (average weight)<br \/>\n<strong>Composition<\/strong>: 95% cotton, 5% elastane, EOKO-TEX certified<br \/>\n<strong><strong>Interview: <\/strong><\/strong>Machine wash separately at 30\u00b0C<strong><br \/>\n<strong>Origin: <\/strong><\/strong>Imported from Europe<\/p>","protected":false},"excerpt":{"rendered":"<p>Price per half meter;<br \/>\n1 = 1\/2 meter, 2 = 1 meter<\/p>\n<p>Ribbing is an elastic cotton knit woven into a tube. It is used to finish the ends of garments, such as necklines, wristbands, waistbands, or ankle bands. Imported from Europe and OEKO-TEX certified.<\/p>","protected":false},"featured_media":3052,"template":"","meta":{"site-sidebar-layout":"default","site-content-layout":"","ast-site-content-layout":"default","site-content-style":"default","site-sidebar-style":"default","ast-global-header-display":"","ast-banner-title-visibility":"","ast-main-header-display":"","ast-hfb-above-header-display":"","ast-hfb-below-header-display":"","ast-hfb-mobile-header-display":"","site-post-title":"","ast-breadcrumbs-content":"","ast-featured-img":"","footer-sml-layout":"","ast-disable-related-posts":"","theme-transparent-header-meta":"default","adv-header-id-meta":"","stick-header-meta":"","header-above-stick-meta":"","header-main-stick-meta":"","header-below-stick-meta":"","astra-migrate-meta-layouts":"set","ast-page-background-enabled":"default","ast-page-background-meta":{"desktop":{"background-color":"var(--ast-global-color-4)","background-image":"","background-repeat":"repeat","background-position":"center center","background-size":"auto","background-attachment":"scroll","background-type":"","background-media":"","overlay-type":"","overlay-color":"","overlay-opacity":"","overlay-gradient":""},"tablet":{"background-color":"","background-image":"","background-repeat":"repeat","background-position":"center center","background-size":"auto","background-attachment":"scroll","background-type":"","background-media":"","overlay-type":"","overlay-color":"","overlay-opacity":"","overlay-gradient":""},"mobile":{"background-color":"","background-image":"","background-repeat":"repeat","background-position":"center center","background-size":"auto","background-attachment":"scroll","background-type":"","background-media":"","overlay-type":"","overlay-color":"","overlay-opacity":"","overlay-gradient":""}},"ast-content-background-meta":{"desktop":{"background-color":"var(--ast-global-color-5)","background-image":"","background-repeat":"repeat","background-position":"center center","background-size":"auto","background-attachment":"scroll","background-type":"","background-media":"","overlay-type":"","overlay-color":"","overlay-opacity":"","overlay-gradient":""},"tablet":{"background-color":"var(--ast-global-color-5)","background-image":"","background-repeat":"repeat","background-position":"center center","background-size":"auto","background-attachment":"scroll","background-type":"","background-media":"","overlay-type":"","overlay-color":"","overlay-opacity":"","overlay-gradient":""},"mobile":{"background-color":"var(--ast-global-color-5)","background-image":"","background-repeat":"repeat","background-position":"center center","background-size":"auto","background-attachment":"scroll","background-type":"","background-media":"","overlay-type":"","overlay-color":"","overlay-opacity":"","overlay-gradient":""}}},"product_brand":[],"product_cat":[53],"product_tag":[],"class_list":{"0":"post-3041","1":"product","2":"type-product","3":"status-publish","4":"has-post-thumbnail","6":"product_cat-bord-cote-ribbing","7":"desktop-align-left","8":"tablet-align-left","9":"mobile-align-left","11":"first","12":"instock","13":"taxable","14":"shipping-taxable","15":"purchasable","16":"product-type-simple"},"yoast_head":"<!-- This site is optimized with the Yoast SEO plugin v27.1.1 - https:\/\/yoast.com\/product\/yoast-seo-wordpress\/ -->\n<title>Bord-c\u00f4te - Denim fonc\u00e9<\/title>\n<meta name=\"description\" content=\"Bord-c\u00f4te en coton. Uni, couleur denim fonc\u00e9. Import\u00e9 d&#039;Europe. Parfait pour les encolures, bandes de taille, de poignet et de cheville.\" \/>\n<meta name=\"robots\" content=\"index, follow, max-snippet:-1, max-image-preview:large, max-video-preview:-1\" \/>\n<link rel=\"canonical\" href=\"https:\/\/angatextiles.com\/en\/tissus\/bord-cote-ribbing\/bord-cote-denim-fonce\/\" \/>\n<meta property=\"og:locale\" content=\"en_US\" \/>\n<meta property=\"og:type\" content=\"article\" \/>\n<meta property=\"og:title\" content=\"Bord-c\u00f4te - Denim fonc\u00e9\" \/>\n<meta property=\"og:description\" content=\"Bord-c\u00f4te en coton. Uni, couleur denim fonc\u00e9. Import\u00e9 d&#039;Europe. Parfait pour les encolures, bandes de taille, de poignet et de cheville.\" \/>\n<meta property=\"og:url\" content=\"https:\/\/angatextiles.com\/en\/tissus\/bord-cote-ribbing\/bord-cote-denim-fonce\/\" \/>\n<meta property=\"og:site_name\" content=\"Anga Textiles\" \/>\n<meta property=\"article:publisher\" content=\"https:\/\/facebook.com\/anga.textiles\" \/>\n<meta property=\"article:modified_time\" content=\"2026-03-27T15:53:36+00:00\" \/>\n<meta property=\"og:image\" content=\"https:\/\/angatextiles.com\/wp-content\/uploads\/2025\/10\/157.jpg\" \/>\n\t<meta property=\"og:image:width\" content=\"1024\" \/>\n\t<meta property=\"og:image:height\" content=\"682\" \/>\n\t<meta property=\"og:image:type\" content=\"image\/jpeg\" \/>\n<meta name=\"twitter:card\" content=\"summary_large_image\" \/>\n<meta name=\"twitter:label1\" content=\"Est. reading time\" \/>\n\t<meta name=\"twitter:data1\" content=\"1 minute\" \/>\n<script type=\"application\/ld+json\" class=\"yoast-schema-graph\">{\"@context\":\"https:\/\/schema.org\",\"@graph\":[{\"@type\":\"WebPage\",\"@id\":\"https:\/\/angatextiles.com\/tissus\/bord-cote-ribbing\/bord-cote-denim-fonce\/\",\"url\":\"https:\/\/angatextiles.com\/tissus\/bord-cote-ribbing\/bord-cote-denim-fonce\/\",\"name\":\"Bord-c\u00f4te - Denim fonc\u00e9\",\"isPartOf\":{\"@id\":\"https:\/\/angatextiles.com\/#website\"},\"primaryImageOfPage\":{\"@id\":\"https:\/\/angatextiles.com\/tissus\/bord-cote-ribbing\/bord-cote-denim-fonce\/#primaryimage\"},\"image\":{\"@id\":\"https:\/\/angatextiles.com\/tissus\/bord-cote-ribbing\/bord-cote-denim-fonce\/#primaryimage\"},\"thumbnailUrl\":\"https:\/\/angatextiles.com\/wp-content\/uploads\/2025\/10\/157.jpg\",\"datePublished\":\"2025-10-17T19:36:19+00:00\",\"dateModified\":\"2026-03-27T15:53:36+00:00\",\"description\":\"Bord-c\u00f4te en coton. Uni, couleur denim fonc\u00e9. Import\u00e9 d'Europe. Parfait pour les encolures, bandes de taille, de poignet et de cheville.\",\"breadcrumb\":{\"@id\":\"https:\/\/angatextiles.com\/tissus\/bord-cote-ribbing\/bord-cote-denim-fonce\/#breadcrumb\"},\"inLanguage\":\"en-CA\",\"potentialAction\":[{\"@type\":\"ReadAction\",\"target\":[\"https:\/\/angatextiles.com\/tissus\/bord-cote-ribbing\/bord-cote-denim-fonce\/\"]}]},{\"@type\":\"ImageObject\",\"inLanguage\":\"en-CA\",\"@id\":\"https:\/\/angatextiles.com\/tissus\/bord-cote-ribbing\/bord-cote-denim-fonce\/#primaryimage\",\"url\":\"https:\/\/angatextiles.com\/wp-content\/uploads\/2025\/10\/157.jpg\",\"contentUrl\":\"https:\/\/angatextiles.com\/wp-content\/uploads\/2025\/10\/157.jpg\",\"width\":1024,\"height\":682},{\"@type\":\"BreadcrumbList\",\"@id\":\"https:\/\/angatextiles.com\/tissus\/bord-cote-ribbing\/bord-cote-denim-fonce\/#breadcrumb\",\"itemListElement\":[{\"@type\":\"ListItem\",\"position\":1,\"name\":\"Accueil\",\"item\":\"https:\/\/angatextiles.com\/\"},{\"@type\":\"ListItem\",\"position\":2,\"name\":\"Tissus\",\"item\":\"https:\/\/angatextiles.com\/tissus\/\"},{\"@type\":\"ListItem\",\"position\":3,\"name\":\"Bord-c\u00f4te (ribbing)\",\"item\":\"https:\/\/angatextiles.com\/product-category\/bord-cote-ribbing\/\"},{\"@type\":\"ListItem\",\"position\":4,\"name\":\"Bord-c\u00f4te &#8211; Denim fonc\u00e9\"}]},{\"@type\":\"WebSite\",\"@id\":\"https:\/\/angatextiles.com\/#website\",\"url\":\"https:\/\/angatextiles.com\/\",\"name\":\"Anga Textiles\",\"description\":\"Boutique de tissus en ligne\",\"publisher\":{\"@id\":\"https:\/\/angatextiles.com\/#organization\"},\"potentialAction\":[{\"@type\":\"SearchAction\",\"target\":{\"@type\":\"EntryPoint\",\"urlTemplate\":\"https:\/\/angatextiles.com\/?s={search_term_string}\"},\"query-input\":{\"@type\":\"PropertyValueSpecification\",\"valueRequired\":true,\"valueName\":\"search_term_string\"}}],\"inLanguage\":\"en-CA\"},{\"@type\":\"Organization\",\"@id\":\"https:\/\/angatextiles.com\/#organization\",\"name\":\"Anga Textiles\",\"url\":\"https:\/\/angatextiles.com\/\",\"logo\":{\"@type\":\"ImageObject\",\"inLanguage\":\"en-CA\",\"@id\":\"https:\/\/angatextiles.com\/#\/schema\/logo\/image\/\",\"url\":\"https:\/\/angatextiles.com\/wp-content\/uploads\/2024\/03\/cropped-432615758_392499060370502_4636391169995674141_n.png\",\"contentUrl\":\"https:\/\/angatextiles.com\/wp-content\/uploads\/2024\/03\/cropped-432615758_392499060370502_4636391169995674141_n.png\",\"width\":566,\"height\":189,\"caption\":\"Anga Textiles\"},\"image\":{\"@id\":\"https:\/\/angatextiles.com\/#\/schema\/logo\/image\/\"},\"sameAs\":[\"https:\/\/facebook.com\/anga.textiles\",\"https:\/\/www.instagram.com\/anga_textiles\"]}]}<\/script>\n<!-- \/ Yoast SEO plugin. -->","yoast_head_json":{"title":"Ribbed cuffs - Dark denim","description":"Bord-c\u00f4te en coton. Uni, couleur denim fonc\u00e9. Import\u00e9 d'Europe. Parfait pour les encolures, bandes de taille, de poignet et de cheville.","robots":{"index":"index","follow":"follow","max-snippet":"max-snippet:-1","max-image-preview":"max-image-preview:large","max-video-preview":"max-video-preview:-1"},"canonical":"https:\/\/angatextiles.com\/en\/tissus\/bord-cote-ribbing\/bord-cote-denim-fonce\/","og_locale":"en_US","og_type":"article","og_title":"Bord-c\u00f4te - Denim fonc\u00e9","og_description":"Bord-c\u00f4te en coton. Uni, couleur denim fonc\u00e9. Import\u00e9 d'Europe. Parfait pour les encolures, bandes de taille, de poignet et de cheville.","og_url":"https:\/\/angatextiles.com\/en\/tissus\/bord-cote-ribbing\/bord-cote-denim-fonce\/","og_site_name":"Anga Textiles","article_publisher":"https:\/\/facebook.com\/anga.textiles","article_modified_time":"2026-03-27T15:53:36+00:00","og_image":[{"width":1024,"height":682,"url":"https:\/\/angatextiles.com\/wp-content\/uploads\/2025\/10\/157.jpg","type":"image\/jpeg"}],"twitter_card":"summary_large_image","twitter_misc":{"Est. reading time":"1 minute"},"schema":{"@context":"https:\/\/schema.org","@graph":[{"@type":"WebPage","@id":"https:\/\/angatextiles.com\/tissus\/bord-cote-ribbing\/bord-cote-denim-fonce\/","url":"https:\/\/angatextiles.com\/tissus\/bord-cote-ribbing\/bord-cote-denim-fonce\/","name":"Ribbed cuffs - Dark denim","isPartOf":{"@id":"https:\/\/angatextiles.com\/#website"},"primaryImageOfPage":{"@id":"https:\/\/angatextiles.com\/tissus\/bord-cote-ribbing\/bord-cote-denim-fonce\/#primaryimage"},"image":{"@id":"https:\/\/angatextiles.com\/tissus\/bord-cote-ribbing\/bord-cote-denim-fonce\/#primaryimage"},"thumbnailUrl":"https:\/\/angatextiles.com\/wp-content\/uploads\/2025\/10\/157.jpg","datePublished":"2025-10-17T19:36:19+00:00","dateModified":"2026-03-27T15:53:36+00:00","description":"Bord-c\u00f4te en coton. Uni, couleur denim fonc\u00e9. Import\u00e9 d'Europe. Parfait pour les encolures, bandes de taille, de poignet et de cheville.","breadcrumb":{"@id":"https:\/\/angatextiles.com\/tissus\/bord-cote-ribbing\/bord-cote-denim-fonce\/#breadcrumb"},"inLanguage":"en-CA","potentialAction":[{"@type":"ReadAction","target":["https:\/\/angatextiles.com\/tissus\/bord-cote-ribbing\/bord-cote-denim-fonce\/"]}]},{"@type":"ImageObject","inLanguage":"en-CA","@id":"https:\/\/angatextiles.com\/tissus\/bord-cote-ribbing\/bord-cote-denim-fonce\/#primaryimage","url":"https:\/\/angatextiles.com\/wp-content\/uploads\/2025\/10\/157.jpg","contentUrl":"https:\/\/angatextiles.com\/wp-content\/uploads\/2025\/10\/157.jpg","width":1024,"height":682},{"@type":"BreadcrumbList","@id":"https:\/\/angatextiles.com\/tissus\/bord-cote-ribbing\/bord-cote-denim-fonce\/#breadcrumb","itemListElement":[{"@type":"ListItem","position":1,"name":"Accueil","item":"https:\/\/angatextiles.com\/"},{"@type":"ListItem","position":2,"name":"Tissus","item":"https:\/\/angatextiles.com\/tissus\/"},{"@type":"ListItem","position":3,"name":"Bord-c\u00f4te (ribbing)","item":"https:\/\/angatextiles.com\/product-category\/bord-cote-ribbing\/"},{"@type":"ListItem","position":4,"name":"Bord-c\u00f4te &#8211; Denim fonc\u00e9"}]},{"@type":"WebSite","@id":"https:\/\/angatextiles.com\/#website","url":"https:\/\/angatextiles.com\/","name":"Anga Textiles","description":"Online fabric store","publisher":{"@id":"https:\/\/angatextiles.com\/#organization"},"potentialAction":[{"@type":"SearchAction","target":{"@type":"EntryPoint","urlTemplate":"https:\/\/angatextiles.com\/?s={search_term_string}"},"query-input":{"@type":"PropertyValueSpecification","valueRequired":true,"valueName":"search_term_string"}}],"inLanguage":"en-CA"},{"@type":"Organization","@id":"https:\/\/angatextiles.com\/#organization","name":"Anga Textiles","url":"https:\/\/angatextiles.com\/","logo":{"@type":"ImageObject","inLanguage":"en-CA","@id":"https:\/\/angatextiles.com\/#\/schema\/logo\/image\/","url":"https:\/\/angatextiles.com\/wp-content\/uploads\/2024\/03\/cropped-432615758_392499060370502_4636391169995674141_n.png","contentUrl":"https:\/\/angatextiles.com\/wp-content\/uploads\/2024\/03\/cropped-432615758_392499060370502_4636391169995674141_n.png","width":566,"height":189,"caption":"Anga Textiles"},"image":{"@id":"https:\/\/angatextiles.com\/#\/schema\/logo\/image\/"},"sameAs":["https:\/\/facebook.com\/anga.textiles","https:\/\/www.instagram.com\/anga_textiles"]}]}},"_links":{"self":[{"href":"https:\/\/angatextiles.com\/en\/wp-json\/wp\/v2\/product\/3041","targetHints":{"allow":["GET"]}}],"collection":[{"href":"https:\/\/angatextiles.com\/en\/wp-json\/wp\/v2\/product"}],"about":[{"href":"https:\/\/angatextiles.com\/en\/wp-json\/wp\/v2\/types\/product"}],"wp:featuredmedia":[{"embeddable":true,"href":"https:\/\/angatextiles.com\/en\/wp-json\/wp\/v2\/media\/3052"}],"wp:attachment":[{"href":"https:\/\/angatextiles.com\/en\/wp-json\/wp\/v2\/media?parent=3041"}],"wp:term":[{"taxonomy":"product_brand","embeddable":true,"href":"https:\/\/angatextiles.com\/en\/wp-json\/wp\/v2\/product_brand?post=3041"},{"taxonomy":"product_cat","embeddable":true,"href":"https:\/\/angatextiles.com\/en\/wp-json\/wp\/v2\/product_cat?post=3041"},{"taxonomy":"product_tag","embeddable":true,"href":"https:\/\/angatextiles.com\/en\/wp-json\/wp\/v2\/product_tag?post=3041"}],"curies":[{"name":"wp","href":"https:\/\/api.w.org\/{rel}","templated":true}]}}