{"id":2770,"date":"2025-07-16T15:21:28","date_gmt":"2025-07-16T19:21:28","guid":{"rendered":"https:\/\/angatextiles.com\/?post_type=product&#038;p=2770"},"modified":"2026-04-12T17:48:32","modified_gmt":"2026-04-12T21:48:32","slug":"etiquettes-tissees-a-coudre-les-petites-faces","status":"publish","type":"product","link":"https:\/\/angatextiles.com\/en\/tissus\/accessoire\/etiquette-tissee-a-coudre\/etiquettes-tissees-a-coudre-les-petites-faces\/","title":{"rendered":"Woven Sew-On Labels \u2013 Small faces"},"content":{"rendered":"","protected":false},"excerpt":{"rendered":"<p>A pack containing 4 woven sew-on labels.<br \/>\nThe dimension is 4cm x 4cm<\/p>\n<p><strong>Come share your creations or get inspired via our Facebook group: <\/strong><strong><a href=\"https:\/\/www.facebook.com\/groups\/1543417436298889\/\">Anga Textiles \u2013 Inspiration and sharing group<\/a>.<\/strong><\/p>","protected":false},"featured_media":2777,"template":"","meta":{"site-sidebar-layout":"default","site-content-layout":"","ast-site-content-layout":"default","site-content-style":"default","site-sidebar-style":"default","ast-global-header-display":"","ast-banner-title-visibility":"","ast-main-header-display":"","ast-hfb-above-header-display":"","ast-hfb-below-header-display":"","ast-hfb-mobile-header-display":"","site-post-title":"","ast-breadcrumbs-content":"","ast-featured-img":"","footer-sml-layout":"","ast-disable-related-posts":"","theme-transparent-header-meta":"default","adv-header-id-meta":"","stick-header-meta":"","header-above-stick-meta":"","header-main-stick-meta":"","header-below-stick-meta":"","astra-migrate-meta-layouts":"set","ast-page-background-enabled":"default","ast-page-background-meta":{"desktop":{"background-color":"var(--ast-global-color-4)","background-image":"","background-repeat":"repeat","background-position":"center center","background-size":"auto","background-attachment":"scroll","background-type":"","background-media":"","overlay-type":"","overlay-color":"","overlay-opacity":"","overlay-gradient":""},"tablet":{"background-color":"","background-image":"","background-repeat":"repeat","background-position":"center center","background-size":"auto","background-attachment":"scroll","background-type":"","background-media":"","overlay-type":"","overlay-color":"","overlay-opacity":"","overlay-gradient":""},"mobile":{"background-color":"","background-image":"","background-repeat":"repeat","background-position":"center center","background-size":"auto","background-attachment":"scroll","background-type":"","background-media":"","overlay-type":"","overlay-color":"","overlay-opacity":"","overlay-gradient":""}},"ast-content-background-meta":{"desktop":{"background-color":"var(--ast-global-color-5)","background-image":"","background-repeat":"repeat","background-position":"center center","background-size":"auto","background-attachment":"scroll","background-type":"","background-media":"","overlay-type":"","overlay-color":"","overlay-opacity":"","overlay-gradient":""},"tablet":{"background-color":"var(--ast-global-color-5)","background-image":"","background-repeat":"repeat","background-position":"center center","background-size":"auto","background-attachment":"scroll","background-type":"","background-media":"","overlay-type":"","overlay-color":"","overlay-opacity":"","overlay-gradient":""},"mobile":{"background-color":"var(--ast-global-color-5)","background-image":"","background-repeat":"repeat","background-position":"center center","background-size":"auto","background-attachment":"scroll","background-type":"","background-media":"","overlay-type":"","overlay-color":"","overlay-opacity":"","overlay-gradient":""}}},"product_brand":[],"product_cat":[57],"product_tag":[],"class_list":{"0":"post-2770","1":"product","2":"type-product","3":"status-publish","4":"has-post-thumbnail","6":"product_cat-etiquette-tissee-a-coudre","7":"product_shipping_class-petite-commande","8":"desktop-align-left","9":"tablet-align-left","10":"mobile-align-left","12":"first","13":"instock","14":"taxable","15":"shipping-taxable","16":"purchasable","17":"product-type-simple"},"yoast_head":"<!-- This site is optimized with the Yoast SEO plugin v27.1.1 - https:\/\/yoast.com\/product\/yoast-seo-wordpress\/ -->\n<title>\u00c9tiquettes tiss\u00e9es \u00e0 coudre - Les petites faces<\/title>\n<meta name=\"description\" content=\"\u00c9tiquettes tiss\u00e9es \u00e0 coudre. Motif de petites faces. Parfait pour \u00e9gayer vos cr\u00e9ations et ajouter une touche d&#039;originalet\u00e9 \u00e0 vos v\u00eatements.\" \/>\n<meta name=\"robots\" content=\"index, follow, max-snippet:-1, max-image-preview:large, max-video-preview:-1\" \/>\n<link rel=\"canonical\" href=\"https:\/\/angatextiles.com\/en\/tissus\/accessoire\/etiquette-tissee-a-coudre\/etiquettes-tissees-a-coudre-les-petites-faces\/\" \/>\n<meta property=\"og:locale\" content=\"en_US\" \/>\n<meta property=\"og:type\" content=\"article\" \/>\n<meta property=\"og:title\" content=\"\u00c9tiquettes tiss\u00e9es \u00e0 coudre - Les petites faces\" \/>\n<meta property=\"og:description\" content=\"\u00c9tiquettes tiss\u00e9es \u00e0 coudre. Motif de petites faces. Parfait pour \u00e9gayer vos cr\u00e9ations et ajouter une touche d&#039;originalet\u00e9 \u00e0 vos v\u00eatements.\" \/>\n<meta property=\"og:url\" content=\"https:\/\/angatextiles.com\/en\/tissus\/accessoire\/etiquette-tissee-a-coudre\/etiquettes-tissees-a-coudre-les-petites-faces\/\" \/>\n<meta property=\"og:site_name\" content=\"Anga Textiles\" \/>\n<meta property=\"article:publisher\" content=\"https:\/\/facebook.com\/anga.textiles\" \/>\n<meta property=\"article:modified_time\" content=\"2026-04-12T21:48:32+00:00\" \/>\n<meta property=\"og:image\" content=\"https:\/\/angatextiles.com\/wp-content\/uploads\/2025\/07\/20250716_144545-rotated.jpg\" \/>\n\t<meta property=\"og:image:width\" content=\"1746\" \/>\n\t<meta property=\"og:image:height\" content=\"2328\" \/>\n\t<meta property=\"og:image:type\" content=\"image\/jpeg\" \/>\n<meta name=\"twitter:card\" content=\"summary_large_image\" \/>\n<meta name=\"twitter:label1\" content=\"Est. reading time\" \/>\n\t<meta name=\"twitter:data1\" content=\"1 minute\" \/>\n<script type=\"application\/ld+json\" class=\"yoast-schema-graph\">{\"@context\":\"https:\/\/schema.org\",\"@graph\":[{\"@type\":\"WebPage\",\"@id\":\"https:\/\/angatextiles.com\/tissus\/accessoire\/etiquette-tissee-a-coudre\/etiquettes-tissees-a-coudre-les-petites-faces\/\",\"url\":\"https:\/\/angatextiles.com\/tissus\/accessoire\/etiquette-tissee-a-coudre\/etiquettes-tissees-a-coudre-les-petites-faces\/\",\"name\":\"\u00c9tiquettes tiss\u00e9es \u00e0 coudre - Les petites faces\",\"isPartOf\":{\"@id\":\"https:\/\/angatextiles.com\/#website\"},\"primaryImageOfPage\":{\"@id\":\"https:\/\/angatextiles.com\/tissus\/accessoire\/etiquette-tissee-a-coudre\/etiquettes-tissees-a-coudre-les-petites-faces\/#primaryimage\"},\"image\":{\"@id\":\"https:\/\/angatextiles.com\/tissus\/accessoire\/etiquette-tissee-a-coudre\/etiquettes-tissees-a-coudre-les-petites-faces\/#primaryimage\"},\"thumbnailUrl\":\"https:\/\/angatextiles.com\/wp-content\/uploads\/2025\/07\/20250716_144545-rotated.jpg\",\"datePublished\":\"2025-07-16T19:21:28+00:00\",\"dateModified\":\"2026-04-12T21:48:32+00:00\",\"description\":\"\u00c9tiquettes tiss\u00e9es \u00e0 coudre. Motif de petites faces. Parfait pour \u00e9gayer vos cr\u00e9ations et ajouter une touche d'originalet\u00e9 \u00e0 vos v\u00eatements.\",\"breadcrumb\":{\"@id\":\"https:\/\/angatextiles.com\/tissus\/accessoire\/etiquette-tissee-a-coudre\/etiquettes-tissees-a-coudre-les-petites-faces\/#breadcrumb\"},\"inLanguage\":\"en-CA\",\"potentialAction\":[{\"@type\":\"ReadAction\",\"target\":[\"https:\/\/angatextiles.com\/tissus\/accessoire\/etiquette-tissee-a-coudre\/etiquettes-tissees-a-coudre-les-petites-faces\/\"]}]},{\"@type\":\"ImageObject\",\"inLanguage\":\"en-CA\",\"@id\":\"https:\/\/angatextiles.com\/tissus\/accessoire\/etiquette-tissee-a-coudre\/etiquettes-tissees-a-coudre-les-petites-faces\/#primaryimage\",\"url\":\"https:\/\/angatextiles.com\/wp-content\/uploads\/2025\/07\/20250716_144545-rotated.jpg\",\"contentUrl\":\"https:\/\/angatextiles.com\/wp-content\/uploads\/2025\/07\/20250716_144545-rotated.jpg\",\"width\":1746,\"height\":2328},{\"@type\":\"BreadcrumbList\",\"@id\":\"https:\/\/angatextiles.com\/tissus\/accessoire\/etiquette-tissee-a-coudre\/etiquettes-tissees-a-coudre-les-petites-faces\/#breadcrumb\",\"itemListElement\":[{\"@type\":\"ListItem\",\"position\":1,\"name\":\"Accueil\",\"item\":\"https:\/\/angatextiles.com\/\"},{\"@type\":\"ListItem\",\"position\":2,\"name\":\"Tissus\",\"item\":\"https:\/\/angatextiles.com\/tissus\/\"},{\"@type\":\"ListItem\",\"position\":3,\"name\":\"Accessoires\",\"item\":\"https:\/\/angatextiles.com\/product-category\/accessoire\/\"},{\"@type\":\"ListItem\",\"position\":4,\"name\":\"\u00c9tiquette tiss\u00e9e \u00e0 coudre\",\"item\":\"https:\/\/angatextiles.com\/product-category\/accessoire\/etiquette-tissee-a-coudre\/\"},{\"@type\":\"ListItem\",\"position\":5,\"name\":\"\u00c9tiquettes tiss\u00e9es \u00e0 coudre &#8211; Les petites faces\"}]},{\"@type\":\"WebSite\",\"@id\":\"https:\/\/angatextiles.com\/#website\",\"url\":\"https:\/\/angatextiles.com\/\",\"name\":\"Anga Textiles\",\"description\":\"Boutique de tissus en ligne\",\"publisher\":{\"@id\":\"https:\/\/angatextiles.com\/#organization\"},\"potentialAction\":[{\"@type\":\"SearchAction\",\"target\":{\"@type\":\"EntryPoint\",\"urlTemplate\":\"https:\/\/angatextiles.com\/?s={search_term_string}\"},\"query-input\":{\"@type\":\"PropertyValueSpecification\",\"valueRequired\":true,\"valueName\":\"search_term_string\"}}],\"inLanguage\":\"en-CA\"},{\"@type\":\"Organization\",\"@id\":\"https:\/\/angatextiles.com\/#organization\",\"name\":\"Anga Textiles\",\"url\":\"https:\/\/angatextiles.com\/\",\"logo\":{\"@type\":\"ImageObject\",\"inLanguage\":\"en-CA\",\"@id\":\"https:\/\/angatextiles.com\/#\/schema\/logo\/image\/\",\"url\":\"https:\/\/angatextiles.com\/wp-content\/uploads\/2024\/03\/cropped-432615758_392499060370502_4636391169995674141_n.png\",\"contentUrl\":\"https:\/\/angatextiles.com\/wp-content\/uploads\/2024\/03\/cropped-432615758_392499060370502_4636391169995674141_n.png\",\"width\":566,\"height\":189,\"caption\":\"Anga Textiles\"},\"image\":{\"@id\":\"https:\/\/angatextiles.com\/#\/schema\/logo\/image\/\"},\"sameAs\":[\"https:\/\/facebook.com\/anga.textiles\",\"https:\/\/www.instagram.com\/anga_textiles\"]}]}<\/script>\n<!-- \/ Yoast SEO plugin. -->","yoast_head_json":{"title":"Woven Sew-On Labels - Small Sides","description":"Woven sew-on labels. Small face pattern. Perfect for brightening up your creations and adding a touch of originality to your clothes.","robots":{"index":"index","follow":"follow","max-snippet":"max-snippet:-1","max-image-preview":"max-image-preview:large","max-video-preview":"max-video-preview:-1"},"canonical":"https:\/\/angatextiles.com\/en\/tissus\/accessoire\/etiquette-tissee-a-coudre\/etiquettes-tissees-a-coudre-les-petites-faces\/","og_locale":"en_US","og_type":"article","og_title":"\u00c9tiquettes tiss\u00e9es \u00e0 coudre - Les petites faces","og_description":"\u00c9tiquettes tiss\u00e9es \u00e0 coudre. Motif de petites faces. Parfait pour \u00e9gayer vos cr\u00e9ations et ajouter une touche d'originalet\u00e9 \u00e0 vos v\u00eatements.","og_url":"https:\/\/angatextiles.com\/en\/tissus\/accessoire\/etiquette-tissee-a-coudre\/etiquettes-tissees-a-coudre-les-petites-faces\/","og_site_name":"Anga Textiles","article_publisher":"https:\/\/facebook.com\/anga.textiles","article_modified_time":"2026-04-12T21:48:32+00:00","og_image":[{"width":1746,"height":2328,"url":"https:\/\/angatextiles.com\/wp-content\/uploads\/2025\/07\/20250716_144545-rotated.jpg","type":"image\/jpeg"}],"twitter_card":"summary_large_image","twitter_misc":{"Est. reading time":"1 minute"},"schema":{"@context":"https:\/\/schema.org","@graph":[{"@type":"WebPage","@id":"https:\/\/angatextiles.com\/tissus\/accessoire\/etiquette-tissee-a-coudre\/etiquettes-tissees-a-coudre-les-petites-faces\/","url":"https:\/\/angatextiles.com\/tissus\/accessoire\/etiquette-tissee-a-coudre\/etiquettes-tissees-a-coudre-les-petites-faces\/","name":"Woven Sew-On Labels - Small Sides","isPartOf":{"@id":"https:\/\/angatextiles.com\/#website"},"primaryImageOfPage":{"@id":"https:\/\/angatextiles.com\/tissus\/accessoire\/etiquette-tissee-a-coudre\/etiquettes-tissees-a-coudre-les-petites-faces\/#primaryimage"},"image":{"@id":"https:\/\/angatextiles.com\/tissus\/accessoire\/etiquette-tissee-a-coudre\/etiquettes-tissees-a-coudre-les-petites-faces\/#primaryimage"},"thumbnailUrl":"https:\/\/angatextiles.com\/wp-content\/uploads\/2025\/07\/20250716_144545-rotated.jpg","datePublished":"2025-07-16T19:21:28+00:00","dateModified":"2026-04-12T21:48:32+00:00","description":"Woven sew-on labels. Small face pattern. Perfect for brightening up your creations and adding a touch of originality to your clothes.","breadcrumb":{"@id":"https:\/\/angatextiles.com\/tissus\/accessoire\/etiquette-tissee-a-coudre\/etiquettes-tissees-a-coudre-les-petites-faces\/#breadcrumb"},"inLanguage":"en-CA","potentialAction":[{"@type":"ReadAction","target":["https:\/\/angatextiles.com\/tissus\/accessoire\/etiquette-tissee-a-coudre\/etiquettes-tissees-a-coudre-les-petites-faces\/"]}]},{"@type":"ImageObject","inLanguage":"en-CA","@id":"https:\/\/angatextiles.com\/tissus\/accessoire\/etiquette-tissee-a-coudre\/etiquettes-tissees-a-coudre-les-petites-faces\/#primaryimage","url":"https:\/\/angatextiles.com\/wp-content\/uploads\/2025\/07\/20250716_144545-rotated.jpg","contentUrl":"https:\/\/angatextiles.com\/wp-content\/uploads\/2025\/07\/20250716_144545-rotated.jpg","width":1746,"height":2328},{"@type":"BreadcrumbList","@id":"https:\/\/angatextiles.com\/tissus\/accessoire\/etiquette-tissee-a-coudre\/etiquettes-tissees-a-coudre-les-petites-faces\/#breadcrumb","itemListElement":[{"@type":"ListItem","position":1,"name":"Accueil","item":"https:\/\/angatextiles.com\/"},{"@type":"ListItem","position":2,"name":"Tissus","item":"https:\/\/angatextiles.com\/tissus\/"},{"@type":"ListItem","position":3,"name":"Accessoires","item":"https:\/\/angatextiles.com\/product-category\/accessoire\/"},{"@type":"ListItem","position":4,"name":"\u00c9tiquette tiss\u00e9e \u00e0 coudre","item":"https:\/\/angatextiles.com\/product-category\/accessoire\/etiquette-tissee-a-coudre\/"},{"@type":"ListItem","position":5,"name":"\u00c9tiquettes tiss\u00e9es \u00e0 coudre &#8211; Les petites faces"}]},{"@type":"WebSite","@id":"https:\/\/angatextiles.com\/#website","url":"https:\/\/angatextiles.com\/","name":"Anga Textiles","description":"Online fabric store","publisher":{"@id":"https:\/\/angatextiles.com\/#organization"},"potentialAction":[{"@type":"SearchAction","target":{"@type":"EntryPoint","urlTemplate":"https:\/\/angatextiles.com\/?s={search_term_string}"},"query-input":{"@type":"PropertyValueSpecification","valueRequired":true,"valueName":"search_term_string"}}],"inLanguage":"en-CA"},{"@type":"Organization","@id":"https:\/\/angatextiles.com\/#organization","name":"Anga Textiles","url":"https:\/\/angatextiles.com\/","logo":{"@type":"ImageObject","inLanguage":"en-CA","@id":"https:\/\/angatextiles.com\/#\/schema\/logo\/image\/","url":"https:\/\/angatextiles.com\/wp-content\/uploads\/2024\/03\/cropped-432615758_392499060370502_4636391169995674141_n.png","contentUrl":"https:\/\/angatextiles.com\/wp-content\/uploads\/2024\/03\/cropped-432615758_392499060370502_4636391169995674141_n.png","width":566,"height":189,"caption":"Anga Textiles"},"image":{"@id":"https:\/\/angatextiles.com\/#\/schema\/logo\/image\/"},"sameAs":["https:\/\/facebook.com\/anga.textiles","https:\/\/www.instagram.com\/anga_textiles"]}]}},"_links":{"self":[{"href":"https:\/\/angatextiles.com\/en\/wp-json\/wp\/v2\/product\/2770","targetHints":{"allow":["GET"]}}],"collection":[{"href":"https:\/\/angatextiles.com\/en\/wp-json\/wp\/v2\/product"}],"about":[{"href":"https:\/\/angatextiles.com\/en\/wp-json\/wp\/v2\/types\/product"}],"wp:featuredmedia":[{"embeddable":true,"href":"https:\/\/angatextiles.com\/en\/wp-json\/wp\/v2\/media\/2777"}],"wp:attachment":[{"href":"https:\/\/angatextiles.com\/en\/wp-json\/wp\/v2\/media?parent=2770"}],"wp:term":[{"taxonomy":"product_brand","embeddable":true,"href":"https:\/\/angatextiles.com\/en\/wp-json\/wp\/v2\/product_brand?post=2770"},{"taxonomy":"product_cat","embeddable":true,"href":"https:\/\/angatextiles.com\/en\/wp-json\/wp\/v2\/product_cat?post=2770"},{"taxonomy":"product_tag","embeddable":true,"href":"https:\/\/angatextiles.com\/en\/wp-json\/wp\/v2\/product_tag?post=2770"}],"curies":[{"name":"wp","href":"https:\/\/api.w.org\/{rel}","templated":true}]}}