{"id":2102,"date":"2025-02-12T08:28:08","date_gmt":"2025-02-12T13:28:08","guid":{"rendered":"https:\/\/angatextiles.com\/?post_type=product&#038;p=2102"},"modified":"2026-01-24T20:20:44","modified_gmt":"2026-01-25T01:20:44","slug":"denim-extensible-fleurs-retro","status":"publish","type":"product","link":"https:\/\/angatextiles.com\/en\/tissus\/denim-extensible\/denim-extensible-fleurs-retro\/","title":{"rendered":"Stretch Denim \u2013 Retro Florals"},"content":{"rendered":"<p style=\"padding-left: 40px;\"><strong>Stretch Denim \u2013 Retro Florals<\/strong><\/p>\n<p style=\"padding-left: 40px;\"><strong>Width<\/strong>: 130cm<br \/>\n<strong>Weight<\/strong>: 250 gm (average weight)<br \/>\n<strong>Composition<\/strong>: 70% cotton, 28 % polyester, 2% elastane<\/p>\n<p style=\"padding-left: 40px;\"><strong>Extensibility<\/strong> : 2 directions, 20% horizontal<strong><br \/>\n<strong>Interview: <\/strong><\/strong>Machine wash separately at 40\u00b0C<strong><br \/>\n<b>Narrowing: <\/b><\/strong>5%<strong><br \/>\n<strong>Origin: <\/strong><\/strong>Imported from Europe<\/p>","protected":false},"excerpt":{"rendered":"<p>Price per half meter;<br \/>\n1 = 1\/2 meter, 2 = 1 meter<\/p>\n<p><strong>Exclusive collection<\/strong>, imported from Europe. Denim in vibrant and festive colors. Soft and supple. Perfect to delight young and old.<\/p>\n<p><strong>Suitable for<\/strong>: skirt, shorts, pants, overalls, bag, etc.<\/p>","protected":false},"featured_media":2142,"template":"","meta":{"site-sidebar-layout":"default","site-content-layout":"","ast-site-content-layout":"default","site-content-style":"default","site-sidebar-style":"default","ast-global-header-display":"","ast-banner-title-visibility":"","ast-main-header-display":"","ast-hfb-above-header-display":"","ast-hfb-below-header-display":"","ast-hfb-mobile-header-display":"","site-post-title":"","ast-breadcrumbs-content":"","ast-featured-img":"","footer-sml-layout":"","ast-disable-related-posts":"","theme-transparent-header-meta":"default","adv-header-id-meta":"","stick-header-meta":"","header-above-stick-meta":"","header-main-stick-meta":"","header-below-stick-meta":"","astra-migrate-meta-layouts":"set","ast-page-background-enabled":"default","ast-page-background-meta":{"desktop":{"background-color":"var(--ast-global-color-4)","background-image":"","background-repeat":"repeat","background-position":"center center","background-size":"auto","background-attachment":"scroll","background-type":"","background-media":"","overlay-type":"","overlay-color":"","overlay-opacity":"","overlay-gradient":""},"tablet":{"background-color":"","background-image":"","background-repeat":"repeat","background-position":"center center","background-size":"auto","background-attachment":"scroll","background-type":"","background-media":"","overlay-type":"","overlay-color":"","overlay-opacity":"","overlay-gradient":""},"mobile":{"background-color":"","background-image":"","background-repeat":"repeat","background-position":"center center","background-size":"auto","background-attachment":"scroll","background-type":"","background-media":"","overlay-type":"","overlay-color":"","overlay-opacity":"","overlay-gradient":""}},"ast-content-background-meta":{"desktop":{"background-color":"var(--ast-global-color-5)","background-image":"","background-repeat":"repeat","background-position":"center center","background-size":"auto","background-attachment":"scroll","background-type":"","background-media":"","overlay-type":"","overlay-color":"","overlay-opacity":"","overlay-gradient":""},"tablet":{"background-color":"var(--ast-global-color-5)","background-image":"","background-repeat":"repeat","background-position":"center center","background-size":"auto","background-attachment":"scroll","background-type":"","background-media":"","overlay-type":"","overlay-color":"","overlay-opacity":"","overlay-gradient":""},"mobile":{"background-color":"var(--ast-global-color-5)","background-image":"","background-repeat":"repeat","background-position":"center center","background-size":"auto","background-attachment":"scroll","background-type":"","background-media":"","overlay-type":"","overlay-color":"","overlay-opacity":"","overlay-gradient":""}}},"product_brand":[],"product_cat":[52],"product_tag":[],"class_list":{"0":"post-2102","1":"product","2":"type-product","3":"status-publish","4":"has-post-thumbnail","6":"product_cat-denim-extensible","7":"desktop-align-left","8":"tablet-align-left","9":"mobile-align-left","11":"first","12":"instock","13":"taxable","14":"shipping-taxable","15":"purchasable","16":"product-type-simple"},"yoast_head":"<!-- This site is optimized with the Yoast SEO plugin v27.1.1 - https:\/\/yoast.com\/product\/yoast-seo-wordpress\/ -->\n<title>Denim extensible - Fleurs r\u00e9tro<\/title>\n<meta name=\"description\" content=\"Jersey de coton. Motif floral r\u00e9tro aux couleurs printani\u00e8res. Import\u00e9 d&#039;Europe. Parfait pour les v\u00eatements d&#039;enfants, pantalons, short, jupe etc.\" \/>\n<meta name=\"robots\" content=\"index, follow, max-snippet:-1, max-image-preview:large, max-video-preview:-1\" \/>\n<link rel=\"canonical\" href=\"https:\/\/angatextiles.com\/en\/tissus\/denim-extensible\/denim-extensible-fleurs-retro\/\" \/>\n<meta property=\"og:locale\" content=\"en_US\" \/>\n<meta property=\"og:type\" content=\"article\" \/>\n<meta property=\"og:title\" content=\"Denim extensible - Fleurs r\u00e9tro\" \/>\n<meta property=\"og:description\" content=\"Jersey de coton. Motif floral r\u00e9tro aux couleurs printani\u00e8res. Import\u00e9 d&#039;Europe. Parfait pour les v\u00eatements d&#039;enfants, pantalons, short, jupe etc.\" \/>\n<meta property=\"og:url\" content=\"https:\/\/angatextiles.com\/en\/tissus\/denim-extensible\/denim-extensible-fleurs-retro\/\" \/>\n<meta property=\"og:site_name\" content=\"Anga Textiles\" \/>\n<meta property=\"article:publisher\" content=\"https:\/\/facebook.com\/anga.textiles\" \/>\n<meta property=\"article:modified_time\" content=\"2026-01-25T01:20:44+00:00\" \/>\n<meta property=\"og:image\" content=\"https:\/\/angatextiles.com\/wp-content\/uploads\/2025\/02\/TJ_PATTERN_12-1.jpg?v=1739811086\" \/>\n\t<meta property=\"og:image:width\" content=\"1800\" \/>\n\t<meta property=\"og:image:height\" content=\"1800\" \/>\n\t<meta property=\"og:image:type\" content=\"image\/jpeg\" \/>\n<meta name=\"twitter:card\" content=\"summary_large_image\" \/>\n<meta name=\"twitter:label1\" content=\"Est. reading time\" \/>\n\t<meta name=\"twitter:data1\" content=\"1 minute\" \/>\n<script type=\"application\/ld+json\" class=\"yoast-schema-graph\">{\"@context\":\"https:\/\/schema.org\",\"@graph\":[{\"@type\":\"WebPage\",\"@id\":\"https:\/\/angatextiles.com\/tissus\/denim-extensible\/denim-extensible-fleurs-retro\/\",\"url\":\"https:\/\/angatextiles.com\/tissus\/denim-extensible\/denim-extensible-fleurs-retro\/\",\"name\":\"Denim extensible - Fleurs r\u00e9tro\",\"isPartOf\":{\"@id\":\"https:\/\/angatextiles.com\/#website\"},\"primaryImageOfPage\":{\"@id\":\"https:\/\/angatextiles.com\/tissus\/denim-extensible\/denim-extensible-fleurs-retro\/#primaryimage\"},\"image\":{\"@id\":\"https:\/\/angatextiles.com\/tissus\/denim-extensible\/denim-extensible-fleurs-retro\/#primaryimage\"},\"thumbnailUrl\":\"https:\/\/angatextiles.com\/wp-content\/uploads\/2025\/02\/TJ_PATTERN_12-1.jpg?v=1739811086\",\"datePublished\":\"2025-02-12T13:28:08+00:00\",\"dateModified\":\"2026-01-25T01:20:44+00:00\",\"description\":\"Jersey de coton. Motif floral r\u00e9tro aux couleurs printani\u00e8res. Import\u00e9 d'Europe. Parfait pour les v\u00eatements d'enfants, pantalons, short, jupe etc.\",\"breadcrumb\":{\"@id\":\"https:\/\/angatextiles.com\/tissus\/denim-extensible\/denim-extensible-fleurs-retro\/#breadcrumb\"},\"inLanguage\":\"en-CA\",\"potentialAction\":[{\"@type\":\"ReadAction\",\"target\":[\"https:\/\/angatextiles.com\/tissus\/denim-extensible\/denim-extensible-fleurs-retro\/\"]}]},{\"@type\":\"ImageObject\",\"inLanguage\":\"en-CA\",\"@id\":\"https:\/\/angatextiles.com\/tissus\/denim-extensible\/denim-extensible-fleurs-retro\/#primaryimage\",\"url\":\"https:\/\/angatextiles.com\/wp-content\/uploads\/2025\/02\/TJ_PATTERN_12-1.jpg?v=1739811086\",\"contentUrl\":\"https:\/\/angatextiles.com\/wp-content\/uploads\/2025\/02\/TJ_PATTERN_12-1.jpg?v=1739811086\",\"width\":1800,\"height\":1800},{\"@type\":\"BreadcrumbList\",\"@id\":\"https:\/\/angatextiles.com\/tissus\/denim-extensible\/denim-extensible-fleurs-retro\/#breadcrumb\",\"itemListElement\":[{\"@type\":\"ListItem\",\"position\":1,\"name\":\"Accueil\",\"item\":\"https:\/\/angatextiles.com\/\"},{\"@type\":\"ListItem\",\"position\":2,\"name\":\"Tissus\",\"item\":\"https:\/\/angatextiles.com\/tissus\/\"},{\"@type\":\"ListItem\",\"position\":3,\"name\":\"Denim extensible\",\"item\":\"https:\/\/angatextiles.com\/product-category\/denim-extensible\/\"},{\"@type\":\"ListItem\",\"position\":4,\"name\":\"Denim extensible &#8211; Fleurs r\u00e9tro\"}]},{\"@type\":\"WebSite\",\"@id\":\"https:\/\/angatextiles.com\/#website\",\"url\":\"https:\/\/angatextiles.com\/\",\"name\":\"Anga Textiles\",\"description\":\"Boutique de tissus en ligne\",\"publisher\":{\"@id\":\"https:\/\/angatextiles.com\/#organization\"},\"potentialAction\":[{\"@type\":\"SearchAction\",\"target\":{\"@type\":\"EntryPoint\",\"urlTemplate\":\"https:\/\/angatextiles.com\/?s={search_term_string}\"},\"query-input\":{\"@type\":\"PropertyValueSpecification\",\"valueRequired\":true,\"valueName\":\"search_term_string\"}}],\"inLanguage\":\"en-CA\"},{\"@type\":\"Organization\",\"@id\":\"https:\/\/angatextiles.com\/#organization\",\"name\":\"Anga Textiles\",\"url\":\"https:\/\/angatextiles.com\/\",\"logo\":{\"@type\":\"ImageObject\",\"inLanguage\":\"en-CA\",\"@id\":\"https:\/\/angatextiles.com\/#\/schema\/logo\/image\/\",\"url\":\"https:\/\/angatextiles.com\/wp-content\/uploads\/2024\/03\/cropped-432615758_392499060370502_4636391169995674141_n.png\",\"contentUrl\":\"https:\/\/angatextiles.com\/wp-content\/uploads\/2024\/03\/cropped-432615758_392499060370502_4636391169995674141_n.png\",\"width\":566,\"height\":189,\"caption\":\"Anga Textiles\"},\"image\":{\"@id\":\"https:\/\/angatextiles.com\/#\/schema\/logo\/image\/\"},\"sameAs\":[\"https:\/\/facebook.com\/anga.textiles\",\"https:\/\/www.instagram.com\/anga_textiles\"]}]}<\/script>\n<!-- \/ Yoast SEO plugin. -->","yoast_head_json":{"title":"Stretch Denim - Retro Flowers","description":"Jersey de coton. Motif floral r\u00e9tro aux couleurs printani\u00e8res. Import\u00e9 d'Europe. Parfait pour les v\u00eatements d'enfants, pantalons, short, jupe etc.","robots":{"index":"index","follow":"follow","max-snippet":"max-snippet:-1","max-image-preview":"max-image-preview:large","max-video-preview":"max-video-preview:-1"},"canonical":"https:\/\/angatextiles.com\/en\/tissus\/denim-extensible\/denim-extensible-fleurs-retro\/","og_locale":"en_US","og_type":"article","og_title":"Denim extensible - Fleurs r\u00e9tro","og_description":"Jersey de coton. Motif floral r\u00e9tro aux couleurs printani\u00e8res. Import\u00e9 d'Europe. Parfait pour les v\u00eatements d'enfants, pantalons, short, jupe etc.","og_url":"https:\/\/angatextiles.com\/en\/tissus\/denim-extensible\/denim-extensible-fleurs-retro\/","og_site_name":"Anga Textiles","article_publisher":"https:\/\/facebook.com\/anga.textiles","article_modified_time":"2026-01-25T01:20:44+00:00","og_image":[{"width":1800,"height":1800,"url":"https:\/\/angatextiles.com\/wp-content\/uploads\/2025\/02\/TJ_PATTERN_12-1.jpg?v=1739811086","type":"image\/jpeg"}],"twitter_card":"summary_large_image","twitter_misc":{"Est. reading time":"1 minute"},"schema":{"@context":"https:\/\/schema.org","@graph":[{"@type":"WebPage","@id":"https:\/\/angatextiles.com\/tissus\/denim-extensible\/denim-extensible-fleurs-retro\/","url":"https:\/\/angatextiles.com\/tissus\/denim-extensible\/denim-extensible-fleurs-retro\/","name":"Stretch Denim - Retro Flowers","isPartOf":{"@id":"https:\/\/angatextiles.com\/#website"},"primaryImageOfPage":{"@id":"https:\/\/angatextiles.com\/tissus\/denim-extensible\/denim-extensible-fleurs-retro\/#primaryimage"},"image":{"@id":"https:\/\/angatextiles.com\/tissus\/denim-extensible\/denim-extensible-fleurs-retro\/#primaryimage"},"thumbnailUrl":"https:\/\/angatextiles.com\/wp-content\/uploads\/2025\/02\/TJ_PATTERN_12-1.jpg?v=1739811086","datePublished":"2025-02-12T13:28:08+00:00","dateModified":"2026-01-25T01:20:44+00:00","description":"Jersey de coton. Motif floral r\u00e9tro aux couleurs printani\u00e8res. Import\u00e9 d'Europe. Parfait pour les v\u00eatements d'enfants, pantalons, short, jupe etc.","breadcrumb":{"@id":"https:\/\/angatextiles.com\/tissus\/denim-extensible\/denim-extensible-fleurs-retro\/#breadcrumb"},"inLanguage":"en-CA","potentialAction":[{"@type":"ReadAction","target":["https:\/\/angatextiles.com\/tissus\/denim-extensible\/denim-extensible-fleurs-retro\/"]}]},{"@type":"ImageObject","inLanguage":"en-CA","@id":"https:\/\/angatextiles.com\/tissus\/denim-extensible\/denim-extensible-fleurs-retro\/#primaryimage","url":"https:\/\/angatextiles.com\/wp-content\/uploads\/2025\/02\/TJ_PATTERN_12-1.jpg?v=1739811086","contentUrl":"https:\/\/angatextiles.com\/wp-content\/uploads\/2025\/02\/TJ_PATTERN_12-1.jpg?v=1739811086","width":1800,"height":1800},{"@type":"BreadcrumbList","@id":"https:\/\/angatextiles.com\/tissus\/denim-extensible\/denim-extensible-fleurs-retro\/#breadcrumb","itemListElement":[{"@type":"ListItem","position":1,"name":"Accueil","item":"https:\/\/angatextiles.com\/"},{"@type":"ListItem","position":2,"name":"Tissus","item":"https:\/\/angatextiles.com\/tissus\/"},{"@type":"ListItem","position":3,"name":"Denim extensible","item":"https:\/\/angatextiles.com\/product-category\/denim-extensible\/"},{"@type":"ListItem","position":4,"name":"Denim extensible &#8211; Fleurs r\u00e9tro"}]},{"@type":"WebSite","@id":"https:\/\/angatextiles.com\/#website","url":"https:\/\/angatextiles.com\/","name":"Anga Textiles","description":"Online fabric store","publisher":{"@id":"https:\/\/angatextiles.com\/#organization"},"potentialAction":[{"@type":"SearchAction","target":{"@type":"EntryPoint","urlTemplate":"https:\/\/angatextiles.com\/?s={search_term_string}"},"query-input":{"@type":"PropertyValueSpecification","valueRequired":true,"valueName":"search_term_string"}}],"inLanguage":"en-CA"},{"@type":"Organization","@id":"https:\/\/angatextiles.com\/#organization","name":"Anga Textiles","url":"https:\/\/angatextiles.com\/","logo":{"@type":"ImageObject","inLanguage":"en-CA","@id":"https:\/\/angatextiles.com\/#\/schema\/logo\/image\/","url":"https:\/\/angatextiles.com\/wp-content\/uploads\/2024\/03\/cropped-432615758_392499060370502_4636391169995674141_n.png","contentUrl":"https:\/\/angatextiles.com\/wp-content\/uploads\/2024\/03\/cropped-432615758_392499060370502_4636391169995674141_n.png","width":566,"height":189,"caption":"Anga Textiles"},"image":{"@id":"https:\/\/angatextiles.com\/#\/schema\/logo\/image\/"},"sameAs":["https:\/\/facebook.com\/anga.textiles","https:\/\/www.instagram.com\/anga_textiles"]}]}},"_links":{"self":[{"href":"https:\/\/angatextiles.com\/en\/wp-json\/wp\/v2\/product\/2102","targetHints":{"allow":["GET"]}}],"collection":[{"href":"https:\/\/angatextiles.com\/en\/wp-json\/wp\/v2\/product"}],"about":[{"href":"https:\/\/angatextiles.com\/en\/wp-json\/wp\/v2\/types\/product"}],"wp:featuredmedia":[{"embeddable":true,"href":"https:\/\/angatextiles.com\/en\/wp-json\/wp\/v2\/media\/2142"}],"wp:attachment":[{"href":"https:\/\/angatextiles.com\/en\/wp-json\/wp\/v2\/media?parent=2102"}],"wp:term":[{"taxonomy":"product_brand","embeddable":true,"href":"https:\/\/angatextiles.com\/en\/wp-json\/wp\/v2\/product_brand?post=2102"},{"taxonomy":"product_cat","embeddable":true,"href":"https:\/\/angatextiles.com\/en\/wp-json\/wp\/v2\/product_cat?post=2102"},{"taxonomy":"product_tag","embeddable":true,"href":"https:\/\/angatextiles.com\/en\/wp-json\/wp\/v2\/product_tag?post=2102"}],"curies":[{"name":"wp","href":"https:\/\/api.w.org\/{rel}","templated":true}]}}