{"id":1621,"date":"2024-07-23T08:09:55","date_gmt":"2024-07-23T12:09:55","guid":{"rendered":"https:\/\/angatextiles.com\/?post_type=product&#038;p=1621"},"modified":"2025-07-08T14:26:20","modified_gmt":"2025-07-08T18:26:20","slug":"lin-vichy-confiture-de-prunes","status":"publish","type":"product","link":"https:\/\/angatextiles.com\/en\/tissus\/lin\/lin-vichy-confiture-de-prunes\/","title":{"rendered":"Vichy linen \u2013 Plum jam"},"content":{"rendered":"<p style=\"padding-left: 40px;\"><strong>Vichy linen \u2013 Plum jam<\/strong><\/p>\n<p style=\"padding-left: 40px;\"><strong>Width<\/strong>: 135cm<br \/>\n<strong>Weight<\/strong>: 148 gm (light weight)<br \/>\n<strong>Composition<\/strong>: 100% linen<br \/>\n<strong>Interview: <\/strong>Machine wash separately at 30\u00b0C<br \/>\n<strong>Origin:<\/strong> China<\/p>","protected":false},"excerpt":{"rendered":"<p>Price per half meter;<br \/>\n1 = 1\/2 meter, 2 = 1 meter<\/p>\n<p>This is an absolutely inspiring fabric. A rustic look with a touch of originality. A lightweight, breathable 100% linen fabric. Blue and red tint.<\/p>\n<p><strong>Suitable for:<\/strong> Loose shirt, ruched dress and skirts, casual pants, accessory, etc.<\/p>\n<p>&nbsp;<\/p>","protected":false},"featured_media":1622,"template":"","meta":{"site-sidebar-layout":"default","site-content-layout":"","ast-site-content-layout":"default","site-content-style":"default","site-sidebar-style":"default","ast-global-header-display":"","ast-banner-title-visibility":"","ast-main-header-display":"","ast-hfb-above-header-display":"","ast-hfb-below-header-display":"","ast-hfb-mobile-header-display":"","site-post-title":"","ast-breadcrumbs-content":"","ast-featured-img":"","footer-sml-layout":"","ast-disable-related-posts":"","theme-transparent-header-meta":"default","adv-header-id-meta":"","stick-header-meta":"","header-above-stick-meta":"","header-main-stick-meta":"","header-below-stick-meta":"","astra-migrate-meta-layouts":"set","ast-page-background-enabled":"default","ast-page-background-meta":{"desktop":{"background-color":"var(--ast-global-color-4)","background-image":"","background-repeat":"repeat","background-position":"center center","background-size":"auto","background-attachment":"scroll","background-type":"","background-media":"","overlay-type":"","overlay-color":"","overlay-opacity":"","overlay-gradient":""},"tablet":{"background-color":"","background-image":"","background-repeat":"repeat","background-position":"center center","background-size":"auto","background-attachment":"scroll","background-type":"","background-media":"","overlay-type":"","overlay-color":"","overlay-opacity":"","overlay-gradient":""},"mobile":{"background-color":"","background-image":"","background-repeat":"repeat","background-position":"center center","background-size":"auto","background-attachment":"scroll","background-type":"","background-media":"","overlay-type":"","overlay-color":"","overlay-opacity":"","overlay-gradient":""}},"ast-content-background-meta":{"desktop":{"background-color":"var(--ast-global-color-5)","background-image":"","background-repeat":"repeat","background-position":"center center","background-size":"auto","background-attachment":"scroll","background-type":"","background-media":"","overlay-type":"","overlay-color":"","overlay-opacity":"","overlay-gradient":""},"tablet":{"background-color":"var(--ast-global-color-5)","background-image":"","background-repeat":"repeat","background-position":"center center","background-size":"auto","background-attachment":"scroll","background-type":"","background-media":"","overlay-type":"","overlay-color":"","overlay-opacity":"","overlay-gradient":""},"mobile":{"background-color":"var(--ast-global-color-5)","background-image":"","background-repeat":"repeat","background-position":"center center","background-size":"auto","background-attachment":"scroll","background-type":"","background-media":"","overlay-type":"","overlay-color":"","overlay-opacity":"","overlay-gradient":""}}},"product_brand":[],"product_cat":[48],"product_tag":[],"class_list":{"0":"post-1621","1":"product","2":"type-product","3":"status-publish","4":"has-post-thumbnail","6":"product_cat-lin","7":"desktop-align-left","8":"tablet-align-left","9":"mobile-align-left","11":"first","12":"instock","13":"taxable","14":"shipping-taxable","15":"purchasable","16":"product-type-simple"},"yoast_head":"<!-- This site is optimized with the Yoast SEO plugin v27.1.1 - https:\/\/yoast.com\/product\/yoast-seo-wordpress\/ -->\n<title>Lin vichy - Confiture de prunes<\/title>\n<meta name=\"description\" content=\"Nouveaut\u00e9 en magasin. Voici un tissu absolument inspirant. Un look rustique avec une touche d&#039;originalit\u00e9. Un tissu l\u00e9ger et respirant 100% lin.\" \/>\n<meta name=\"robots\" content=\"index, follow, max-snippet:-1, max-image-preview:large, max-video-preview:-1\" \/>\n<link rel=\"canonical\" href=\"https:\/\/angatextiles.com\/en\/tissus\/lin\/lin-vichy-confiture-de-prunes\/\" \/>\n<meta property=\"og:locale\" content=\"en_US\" \/>\n<meta property=\"og:type\" content=\"article\" \/>\n<meta property=\"og:title\" content=\"Lin vichy - Confiture de prunes\" \/>\n<meta property=\"og:description\" content=\"Nouveaut\u00e9 en magasin. Voici un tissu absolument inspirant. Un look rustique avec une touche d&#039;originalit\u00e9. Un tissu l\u00e9ger et respirant 100% lin.\" \/>\n<meta property=\"og:url\" content=\"https:\/\/angatextiles.com\/en\/tissus\/lin\/lin-vichy-confiture-de-prunes\/\" \/>\n<meta property=\"og:site_name\" content=\"Anga Textiles\" \/>\n<meta property=\"article:publisher\" content=\"https:\/\/facebook.com\/anga.textiles\" \/>\n<meta property=\"article:modified_time\" content=\"2025-07-08T18:26:20+00:00\" \/>\n<meta property=\"og:image\" content=\"https:\/\/angatextiles.com\/wp-content\/uploads\/2024\/07\/prune1-scaled.jpg\" \/>\n\t<meta property=\"og:image:width\" content=\"1920\" \/>\n\t<meta property=\"og:image:height\" content=\"2560\" \/>\n\t<meta property=\"og:image:type\" content=\"image\/jpeg\" \/>\n<meta name=\"twitter:card\" content=\"summary_large_image\" \/>\n<meta name=\"twitter:label1\" content=\"Est. reading time\" \/>\n\t<meta name=\"twitter:data1\" content=\"1 minute\" \/>\n<script type=\"application\/ld+json\" class=\"yoast-schema-graph\">{\"@context\":\"https:\/\/schema.org\",\"@graph\":[{\"@type\":\"WebPage\",\"@id\":\"https:\/\/angatextiles.com\/tissus\/lin\/lin-vichy-confiture-de-prunes\/\",\"url\":\"https:\/\/angatextiles.com\/tissus\/lin\/lin-vichy-confiture-de-prunes\/\",\"name\":\"Lin vichy - Confiture de prunes\",\"isPartOf\":{\"@id\":\"https:\/\/angatextiles.com\/#website\"},\"primaryImageOfPage\":{\"@id\":\"https:\/\/angatextiles.com\/tissus\/lin\/lin-vichy-confiture-de-prunes\/#primaryimage\"},\"image\":{\"@id\":\"https:\/\/angatextiles.com\/tissus\/lin\/lin-vichy-confiture-de-prunes\/#primaryimage\"},\"thumbnailUrl\":\"https:\/\/angatextiles.com\/wp-content\/uploads\/2024\/07\/prune1-scaled.jpg\",\"datePublished\":\"2024-07-23T12:09:55+00:00\",\"dateModified\":\"2025-07-08T18:26:20+00:00\",\"description\":\"Nouveaut\u00e9 en magasin. Voici un tissu absolument inspirant. Un look rustique avec une touche d'originalit\u00e9. Un tissu l\u00e9ger et respirant 100% lin.\",\"breadcrumb\":{\"@id\":\"https:\/\/angatextiles.com\/tissus\/lin\/lin-vichy-confiture-de-prunes\/#breadcrumb\"},\"inLanguage\":\"en-CA\",\"potentialAction\":[{\"@type\":\"ReadAction\",\"target\":[\"https:\/\/angatextiles.com\/tissus\/lin\/lin-vichy-confiture-de-prunes\/\"]}]},{\"@type\":\"ImageObject\",\"inLanguage\":\"en-CA\",\"@id\":\"https:\/\/angatextiles.com\/tissus\/lin\/lin-vichy-confiture-de-prunes\/#primaryimage\",\"url\":\"https:\/\/angatextiles.com\/wp-content\/uploads\/2024\/07\/prune1-scaled.jpg\",\"contentUrl\":\"https:\/\/angatextiles.com\/wp-content\/uploads\/2024\/07\/prune1-scaled.jpg\",\"width\":1920,\"height\":2560,\"caption\":\"Lin vichy - Confiture de prunes\"},{\"@type\":\"BreadcrumbList\",\"@id\":\"https:\/\/angatextiles.com\/tissus\/lin\/lin-vichy-confiture-de-prunes\/#breadcrumb\",\"itemListElement\":[{\"@type\":\"ListItem\",\"position\":1,\"name\":\"Accueil\",\"item\":\"https:\/\/angatextiles.com\/\"},{\"@type\":\"ListItem\",\"position\":2,\"name\":\"Tissus\",\"item\":\"https:\/\/angatextiles.com\/tissus\/\"},{\"@type\":\"ListItem\",\"position\":3,\"name\":\"Lin\",\"item\":\"https:\/\/angatextiles.com\/product-category\/lin\/\"},{\"@type\":\"ListItem\",\"position\":4,\"name\":\"Lin vichy &#8211; Confiture de prunes\"}]},{\"@type\":\"WebSite\",\"@id\":\"https:\/\/angatextiles.com\/#website\",\"url\":\"https:\/\/angatextiles.com\/\",\"name\":\"Anga Textiles\",\"description\":\"Boutique de tissus en ligne\",\"publisher\":{\"@id\":\"https:\/\/angatextiles.com\/#organization\"},\"potentialAction\":[{\"@type\":\"SearchAction\",\"target\":{\"@type\":\"EntryPoint\",\"urlTemplate\":\"https:\/\/angatextiles.com\/?s={search_term_string}\"},\"query-input\":{\"@type\":\"PropertyValueSpecification\",\"valueRequired\":true,\"valueName\":\"search_term_string\"}}],\"inLanguage\":\"en-CA\"},{\"@type\":\"Organization\",\"@id\":\"https:\/\/angatextiles.com\/#organization\",\"name\":\"Anga Textiles\",\"url\":\"https:\/\/angatextiles.com\/\",\"logo\":{\"@type\":\"ImageObject\",\"inLanguage\":\"en-CA\",\"@id\":\"https:\/\/angatextiles.com\/#\/schema\/logo\/image\/\",\"url\":\"https:\/\/angatextiles.com\/wp-content\/uploads\/2024\/03\/cropped-432615758_392499060370502_4636391169995674141_n.png\",\"contentUrl\":\"https:\/\/angatextiles.com\/wp-content\/uploads\/2024\/03\/cropped-432615758_392499060370502_4636391169995674141_n.png\",\"width\":566,\"height\":189,\"caption\":\"Anga Textiles\"},\"image\":{\"@id\":\"https:\/\/angatextiles.com\/#\/schema\/logo\/image\/\"},\"sameAs\":[\"https:\/\/facebook.com\/anga.textiles\",\"https:\/\/www.instagram.com\/anga_textiles\"]}]}<\/script>\n<!-- \/ Yoast SEO plugin. -->","yoast_head_json":{"title":"Vichy Lin - Plum Jam","description":"New in store. This is an absolutely inspiring fabric. A rustic look with a touch of originality. A lightweight and breathable 100% linen fabric.","robots":{"index":"index","follow":"follow","max-snippet":"max-snippet:-1","max-image-preview":"max-image-preview:large","max-video-preview":"max-video-preview:-1"},"canonical":"https:\/\/angatextiles.com\/en\/tissus\/lin\/lin-vichy-confiture-de-prunes\/","og_locale":"en_US","og_type":"article","og_title":"Lin vichy - Confiture de prunes","og_description":"Nouveaut\u00e9 en magasin. Voici un tissu absolument inspirant. Un look rustique avec une touche d'originalit\u00e9. Un tissu l\u00e9ger et respirant 100% lin.","og_url":"https:\/\/angatextiles.com\/en\/tissus\/lin\/lin-vichy-confiture-de-prunes\/","og_site_name":"Anga Textiles","article_publisher":"https:\/\/facebook.com\/anga.textiles","article_modified_time":"2025-07-08T18:26:20+00:00","og_image":[{"width":1920,"height":2560,"url":"https:\/\/angatextiles.com\/wp-content\/uploads\/2024\/07\/prune1-scaled.jpg","type":"image\/jpeg"}],"twitter_card":"summary_large_image","twitter_misc":{"Est. reading time":"1 minute"},"schema":{"@context":"https:\/\/schema.org","@graph":[{"@type":"WebPage","@id":"https:\/\/angatextiles.com\/tissus\/lin\/lin-vichy-confiture-de-prunes\/","url":"https:\/\/angatextiles.com\/tissus\/lin\/lin-vichy-confiture-de-prunes\/","name":"Vichy Lin - Plum Jam","isPartOf":{"@id":"https:\/\/angatextiles.com\/#website"},"primaryImageOfPage":{"@id":"https:\/\/angatextiles.com\/tissus\/lin\/lin-vichy-confiture-de-prunes\/#primaryimage"},"image":{"@id":"https:\/\/angatextiles.com\/tissus\/lin\/lin-vichy-confiture-de-prunes\/#primaryimage"},"thumbnailUrl":"https:\/\/angatextiles.com\/wp-content\/uploads\/2024\/07\/prune1-scaled.jpg","datePublished":"2024-07-23T12:09:55+00:00","dateModified":"2025-07-08T18:26:20+00:00","description":"New in store. This is an absolutely inspiring fabric. A rustic look with a touch of originality. A lightweight and breathable 100% linen fabric.","breadcrumb":{"@id":"https:\/\/angatextiles.com\/tissus\/lin\/lin-vichy-confiture-de-prunes\/#breadcrumb"},"inLanguage":"en-CA","potentialAction":[{"@type":"ReadAction","target":["https:\/\/angatextiles.com\/tissus\/lin\/lin-vichy-confiture-de-prunes\/"]}]},{"@type":"ImageObject","inLanguage":"en-CA","@id":"https:\/\/angatextiles.com\/tissus\/lin\/lin-vichy-confiture-de-prunes\/#primaryimage","url":"https:\/\/angatextiles.com\/wp-content\/uploads\/2024\/07\/prune1-scaled.jpg","contentUrl":"https:\/\/angatextiles.com\/wp-content\/uploads\/2024\/07\/prune1-scaled.jpg","width":1920,"height":2560,"caption":"Lin vichy - Confiture de prunes"},{"@type":"BreadcrumbList","@id":"https:\/\/angatextiles.com\/tissus\/lin\/lin-vichy-confiture-de-prunes\/#breadcrumb","itemListElement":[{"@type":"ListItem","position":1,"name":"Accueil","item":"https:\/\/angatextiles.com\/"},{"@type":"ListItem","position":2,"name":"Tissus","item":"https:\/\/angatextiles.com\/tissus\/"},{"@type":"ListItem","position":3,"name":"Lin","item":"https:\/\/angatextiles.com\/product-category\/lin\/"},{"@type":"ListItem","position":4,"name":"Lin vichy &#8211; Confiture de prunes"}]},{"@type":"WebSite","@id":"https:\/\/angatextiles.com\/#website","url":"https:\/\/angatextiles.com\/","name":"Anga Textiles","description":"Online fabric store","publisher":{"@id":"https:\/\/angatextiles.com\/#organization"},"potentialAction":[{"@type":"SearchAction","target":{"@type":"EntryPoint","urlTemplate":"https:\/\/angatextiles.com\/?s={search_term_string}"},"query-input":{"@type":"PropertyValueSpecification","valueRequired":true,"valueName":"search_term_string"}}],"inLanguage":"en-CA"},{"@type":"Organization","@id":"https:\/\/angatextiles.com\/#organization","name":"Anga Textiles","url":"https:\/\/angatextiles.com\/","logo":{"@type":"ImageObject","inLanguage":"en-CA","@id":"https:\/\/angatextiles.com\/#\/schema\/logo\/image\/","url":"https:\/\/angatextiles.com\/wp-content\/uploads\/2024\/03\/cropped-432615758_392499060370502_4636391169995674141_n.png","contentUrl":"https:\/\/angatextiles.com\/wp-content\/uploads\/2024\/03\/cropped-432615758_392499060370502_4636391169995674141_n.png","width":566,"height":189,"caption":"Anga Textiles"},"image":{"@id":"https:\/\/angatextiles.com\/#\/schema\/logo\/image\/"},"sameAs":["https:\/\/facebook.com\/anga.textiles","https:\/\/www.instagram.com\/anga_textiles"]}]}},"_links":{"self":[{"href":"https:\/\/angatextiles.com\/en\/wp-json\/wp\/v2\/product\/1621","targetHints":{"allow":["GET"]}}],"collection":[{"href":"https:\/\/angatextiles.com\/en\/wp-json\/wp\/v2\/product"}],"about":[{"href":"https:\/\/angatextiles.com\/en\/wp-json\/wp\/v2\/types\/product"}],"wp:featuredmedia":[{"embeddable":true,"href":"https:\/\/angatextiles.com\/en\/wp-json\/wp\/v2\/media\/1622"}],"wp:attachment":[{"href":"https:\/\/angatextiles.com\/en\/wp-json\/wp\/v2\/media?parent=1621"}],"wp:term":[{"taxonomy":"product_brand","embeddable":true,"href":"https:\/\/angatextiles.com\/en\/wp-json\/wp\/v2\/product_brand?post=1621"},{"taxonomy":"product_cat","embeddable":true,"href":"https:\/\/angatextiles.com\/en\/wp-json\/wp\/v2\/product_cat?post=1621"},{"taxonomy":"product_tag","embeddable":true,"href":"https:\/\/angatextiles.com\/en\/wp-json\/wp\/v2\/product_tag?post=1621"}],"curies":[{"name":"wp","href":"https:\/\/api.w.org\/{rel}","templated":true}]}}