{"id":1574,"date":"2024-07-09T12:51:03","date_gmt":"2024-07-09T16:51:03","guid":{"rendered":"https:\/\/angatextiles.com\/?post_type=product&#038;p=1574"},"modified":"2025-09-17T07:41:09","modified_gmt":"2025-09-17T11:41:09","slug":"merchant-and-mills-fruit-loops-jamdani","status":"publish","type":"product","link":"https:\/\/angatextiles.com\/en\/tissus\/coton-indien\/merchant-and-mills-fruit-loops-jamdani\/","title":{"rendered":"Merchant and Mills \u2013 Fruit loops jamdani"},"content":{"rendered":"<p style=\"padding-left: 40px;\"><strong>Merchant and Mills \u2013 Fruit loops jamdani<\/strong><\/p>\n<p style=\"padding-left: 40px;\"><strong>Width<\/strong>: 118cm<br \/>\n<strong>Weight<\/strong>: 76 gm (very light weight)<br \/>\n<strong>Composition<\/strong>: 100% cotton<br \/>\n<strong>Interview: <\/strong>Machine wash separately at 30\u00b0C -40\u00b0C and for <span style=\"text-decoration: underline;\">first two washes<\/span>, place the fabric in the drum of the machine with a handful of table salt. This will help set the dye.<br \/>\n<strong>Origin:<\/strong> India<\/p>","protected":false},"excerpt":{"rendered":"<p>Price per half meter;<br \/>\n1 = 1\/2 meter, 2 = 1 meter<\/p>\n<p>Jamdani is a fine hand-woven cotton muslin on which a geometric pattern is embroidered. Due to its artisanal method, it is normal to find certain irregularities in the frame. This added texture contributes to the charm of these handcrafted fabrics.<\/p>\n<p>The Fruit loops fabric is beautiful, light and very soft. Off-white with small embroidered flowers.<\/p>\n<p>&nbsp;<\/p>\n<p><strong>Suitable for:<\/strong> Loose shirt, dress, accessory like curtains, etc.<\/p>\n<p>&nbsp;<\/p>","protected":false},"featured_media":1575,"template":"","meta":{"site-sidebar-layout":"default","site-content-layout":"","ast-site-content-layout":"default","site-content-style":"default","site-sidebar-style":"default","ast-global-header-display":"","ast-banner-title-visibility":"","ast-main-header-display":"","ast-hfb-above-header-display":"","ast-hfb-below-header-display":"","ast-hfb-mobile-header-display":"","site-post-title":"","ast-breadcrumbs-content":"","ast-featured-img":"","footer-sml-layout":"","ast-disable-related-posts":"","theme-transparent-header-meta":"default","adv-header-id-meta":"","stick-header-meta":"","header-above-stick-meta":"","header-main-stick-meta":"","header-below-stick-meta":"","astra-migrate-meta-layouts":"set","ast-page-background-enabled":"default","ast-page-background-meta":{"desktop":{"background-color":"var(--ast-global-color-4)","background-image":"","background-repeat":"repeat","background-position":"center center","background-size":"auto","background-attachment":"scroll","background-type":"","background-media":"","overlay-type":"","overlay-color":"","overlay-opacity":"","overlay-gradient":""},"tablet":{"background-color":"","background-image":"","background-repeat":"repeat","background-position":"center center","background-size":"auto","background-attachment":"scroll","background-type":"","background-media":"","overlay-type":"","overlay-color":"","overlay-opacity":"","overlay-gradient":""},"mobile":{"background-color":"","background-image":"","background-repeat":"repeat","background-position":"center center","background-size":"auto","background-attachment":"scroll","background-type":"","background-media":"","overlay-type":"","overlay-color":"","overlay-opacity":"","overlay-gradient":""}},"ast-content-background-meta":{"desktop":{"background-color":"var(--ast-global-color-5)","background-image":"","background-repeat":"repeat","background-position":"center center","background-size":"auto","background-attachment":"scroll","background-type":"","background-media":"","overlay-type":"","overlay-color":"","overlay-opacity":"","overlay-gradient":""},"tablet":{"background-color":"var(--ast-global-color-5)","background-image":"","background-repeat":"repeat","background-position":"center center","background-size":"auto","background-attachment":"scroll","background-type":"","background-media":"","overlay-type":"","overlay-color":"","overlay-opacity":"","overlay-gradient":""},"mobile":{"background-color":"var(--ast-global-color-5)","background-image":"","background-repeat":"repeat","background-position":"center center","background-size":"auto","background-attachment":"scroll","background-type":"","background-media":"","overlay-type":"","overlay-color":"","overlay-opacity":"","overlay-gradient":""}}},"product_brand":[],"product_cat":[49],"product_tag":[32],"class_list":{"0":"post-1574","1":"product","2":"type-product","3":"status-publish","4":"has-post-thumbnail","6":"product_cat-coton-indien","7":"product_tag-solde","8":"desktop-align-left","9":"tablet-align-left","10":"mobile-align-left","12":"first","13":"instock","14":"sale","15":"featured","16":"taxable","17":"shipping-taxable","18":"purchasable","19":"product-type-simple"},"yoast_head":"<!-- This site is optimized with the Yoast SEO plugin v27.1.1 - https:\/\/yoast.com\/product\/yoast-seo-wordpress\/ -->\n<title>Merchant and Mills - Fruit loops jamdani<\/title>\n<meta name=\"description\" content=\"Le tissu Fruit loops est magnifique, l\u00e9ger et tr\u00e8s doux. Blanc cass\u00e9 avec de petits fleurs brod\u00e9es.\u00a0De la marque Merchant and Mills.\" \/>\n<meta name=\"robots\" content=\"index, follow, max-snippet:-1, max-image-preview:large, max-video-preview:-1\" \/>\n<link rel=\"canonical\" href=\"https:\/\/angatextiles.com\/en\/tissus\/coton-indien\/merchant-and-mills-fruit-loops-jamdani\/\" \/>\n<meta property=\"og:locale\" content=\"en_US\" \/>\n<meta property=\"og:type\" content=\"article\" \/>\n<meta property=\"og:title\" content=\"Merchant and Mills - Fruit loops jamdani\" \/>\n<meta property=\"og:description\" content=\"Le tissu Fruit loops est magnifique, l\u00e9ger et tr\u00e8s doux. Blanc cass\u00e9 avec de petits fleurs brod\u00e9es.\u00a0De la marque Merchant and Mills.\" \/>\n<meta property=\"og:url\" content=\"https:\/\/angatextiles.com\/en\/tissus\/coton-indien\/merchant-and-mills-fruit-loops-jamdani\/\" \/>\n<meta property=\"og:site_name\" content=\"Anga Textiles\" \/>\n<meta property=\"article:publisher\" content=\"https:\/\/facebook.com\/anga.textiles\" \/>\n<meta property=\"article:modified_time\" content=\"2025-09-17T11:41:09+00:00\" \/>\n<meta property=\"og:image\" content=\"https:\/\/angatextiles.com\/wp-content\/uploads\/2024\/07\/CCI-FRUITLOOPS.webp\" \/>\n\t<meta property=\"og:image:width\" content=\"665\" \/>\n\t<meta property=\"og:image:height\" content=\"1000\" \/>\n\t<meta property=\"og:image:type\" content=\"image\/webp\" \/>\n<meta name=\"twitter:card\" content=\"summary_large_image\" \/>\n<meta name=\"twitter:label1\" content=\"Est. reading time\" \/>\n\t<meta name=\"twitter:data1\" content=\"1 minute\" \/>\n<script type=\"application\/ld+json\" class=\"yoast-schema-graph\">{\"@context\":\"https:\/\/schema.org\",\"@graph\":[{\"@type\":\"WebPage\",\"@id\":\"https:\/\/angatextiles.com\/tissus\/coton-indien\/merchant-and-mills-fruit-loops-jamdani\/\",\"url\":\"https:\/\/angatextiles.com\/tissus\/coton-indien\/merchant-and-mills-fruit-loops-jamdani\/\",\"name\":\"Merchant and Mills - Fruit loops jamdani\",\"isPartOf\":{\"@id\":\"https:\/\/angatextiles.com\/#website\"},\"primaryImageOfPage\":{\"@id\":\"https:\/\/angatextiles.com\/tissus\/coton-indien\/merchant-and-mills-fruit-loops-jamdani\/#primaryimage\"},\"image\":{\"@id\":\"https:\/\/angatextiles.com\/tissus\/coton-indien\/merchant-and-mills-fruit-loops-jamdani\/#primaryimage\"},\"thumbnailUrl\":\"https:\/\/angatextiles.com\/wp-content\/uploads\/2024\/07\/CCI-FRUITLOOPS.webp\",\"datePublished\":\"2024-07-09T16:51:03+00:00\",\"dateModified\":\"2025-09-17T11:41:09+00:00\",\"description\":\"Le tissu Fruit loops est magnifique, l\u00e9ger et tr\u00e8s doux. Blanc cass\u00e9 avec de petits fleurs brod\u00e9es.\u00a0De la marque Merchant and Mills.\",\"breadcrumb\":{\"@id\":\"https:\/\/angatextiles.com\/tissus\/coton-indien\/merchant-and-mills-fruit-loops-jamdani\/#breadcrumb\"},\"inLanguage\":\"en-CA\",\"potentialAction\":[{\"@type\":\"ReadAction\",\"target\":[\"https:\/\/angatextiles.com\/tissus\/coton-indien\/merchant-and-mills-fruit-loops-jamdani\/\"]}]},{\"@type\":\"ImageObject\",\"inLanguage\":\"en-CA\",\"@id\":\"https:\/\/angatextiles.com\/tissus\/coton-indien\/merchant-and-mills-fruit-loops-jamdani\/#primaryimage\",\"url\":\"https:\/\/angatextiles.com\/wp-content\/uploads\/2024\/07\/CCI-FRUITLOOPS.webp\",\"contentUrl\":\"https:\/\/angatextiles.com\/wp-content\/uploads\/2024\/07\/CCI-FRUITLOOPS.webp\",\"width\":665,\"height\":1000,\"caption\":\"Merchant and mills - Fruit loops jamdani\"},{\"@type\":\"BreadcrumbList\",\"@id\":\"https:\/\/angatextiles.com\/tissus\/coton-indien\/merchant-and-mills-fruit-loops-jamdani\/#breadcrumb\",\"itemListElement\":[{\"@type\":\"ListItem\",\"position\":1,\"name\":\"Accueil\",\"item\":\"https:\/\/angatextiles.com\/\"},{\"@type\":\"ListItem\",\"position\":2,\"name\":\"Tissus\",\"item\":\"https:\/\/angatextiles.com\/tissus\/\"},{\"@type\":\"ListItem\",\"position\":3,\"name\":\"Coton Indien\",\"item\":\"https:\/\/angatextiles.com\/product-category\/coton-indien\/\"},{\"@type\":\"ListItem\",\"position\":4,\"name\":\"Merchant and Mills &#8211; Fruit loops jamdani\"}]},{\"@type\":\"WebSite\",\"@id\":\"https:\/\/angatextiles.com\/#website\",\"url\":\"https:\/\/angatextiles.com\/\",\"name\":\"Anga Textiles\",\"description\":\"Boutique de tissus en ligne\",\"publisher\":{\"@id\":\"https:\/\/angatextiles.com\/#organization\"},\"potentialAction\":[{\"@type\":\"SearchAction\",\"target\":{\"@type\":\"EntryPoint\",\"urlTemplate\":\"https:\/\/angatextiles.com\/?s={search_term_string}\"},\"query-input\":{\"@type\":\"PropertyValueSpecification\",\"valueRequired\":true,\"valueName\":\"search_term_string\"}}],\"inLanguage\":\"en-CA\"},{\"@type\":\"Organization\",\"@id\":\"https:\/\/angatextiles.com\/#organization\",\"name\":\"Anga Textiles\",\"url\":\"https:\/\/angatextiles.com\/\",\"logo\":{\"@type\":\"ImageObject\",\"inLanguage\":\"en-CA\",\"@id\":\"https:\/\/angatextiles.com\/#\/schema\/logo\/image\/\",\"url\":\"https:\/\/angatextiles.com\/wp-content\/uploads\/2024\/03\/cropped-432615758_392499060370502_4636391169995674141_n.png\",\"contentUrl\":\"https:\/\/angatextiles.com\/wp-content\/uploads\/2024\/03\/cropped-432615758_392499060370502_4636391169995674141_n.png\",\"width\":566,\"height\":189,\"caption\":\"Anga Textiles\"},\"image\":{\"@id\":\"https:\/\/angatextiles.com\/#\/schema\/logo\/image\/\"},\"sameAs\":[\"https:\/\/facebook.com\/anga.textiles\",\"https:\/\/www.instagram.com\/anga_textiles\"]}]}<\/script>\n<!-- \/ Yoast SEO plugin. -->","yoast_head_json":{"title":"Merchant and Mills - Fruit loops jamdani","description":"Fruit Loops fabric is beautiful, lightweight, and very soft. Off-white with small embroidered flowers. From Merchant and Mills.","robots":{"index":"index","follow":"follow","max-snippet":"max-snippet:-1","max-image-preview":"max-image-preview:large","max-video-preview":"max-video-preview:-1"},"canonical":"https:\/\/angatextiles.com\/en\/tissus\/coton-indien\/merchant-and-mills-fruit-loops-jamdani\/","og_locale":"en_US","og_type":"article","og_title":"Merchant and Mills - Fruit loops jamdani","og_description":"Le tissu Fruit loops est magnifique, l\u00e9ger et tr\u00e8s doux. Blanc cass\u00e9 avec de petits fleurs brod\u00e9es.\u00a0De la marque Merchant and Mills.","og_url":"https:\/\/angatextiles.com\/en\/tissus\/coton-indien\/merchant-and-mills-fruit-loops-jamdani\/","og_site_name":"Anga Textiles","article_publisher":"https:\/\/facebook.com\/anga.textiles","article_modified_time":"2025-09-17T11:41:09+00:00","og_image":[{"width":665,"height":1000,"url":"https:\/\/angatextiles.com\/wp-content\/uploads\/2024\/07\/CCI-FRUITLOOPS.webp","type":"image\/webp"}],"twitter_card":"summary_large_image","twitter_misc":{"Est. reading time":"1 minute"},"schema":{"@context":"https:\/\/schema.org","@graph":[{"@type":"WebPage","@id":"https:\/\/angatextiles.com\/tissus\/coton-indien\/merchant-and-mills-fruit-loops-jamdani\/","url":"https:\/\/angatextiles.com\/tissus\/coton-indien\/merchant-and-mills-fruit-loops-jamdani\/","name":"Merchant and Mills - Fruit loops jamdani","isPartOf":{"@id":"https:\/\/angatextiles.com\/#website"},"primaryImageOfPage":{"@id":"https:\/\/angatextiles.com\/tissus\/coton-indien\/merchant-and-mills-fruit-loops-jamdani\/#primaryimage"},"image":{"@id":"https:\/\/angatextiles.com\/tissus\/coton-indien\/merchant-and-mills-fruit-loops-jamdani\/#primaryimage"},"thumbnailUrl":"https:\/\/angatextiles.com\/wp-content\/uploads\/2024\/07\/CCI-FRUITLOOPS.webp","datePublished":"2024-07-09T16:51:03+00:00","dateModified":"2025-09-17T11:41:09+00:00","description":"Fruit Loops fabric is beautiful, lightweight, and very soft. Off-white with small embroidered flowers. From Merchant and Mills.","breadcrumb":{"@id":"https:\/\/angatextiles.com\/tissus\/coton-indien\/merchant-and-mills-fruit-loops-jamdani\/#breadcrumb"},"inLanguage":"en-CA","potentialAction":[{"@type":"ReadAction","target":["https:\/\/angatextiles.com\/tissus\/coton-indien\/merchant-and-mills-fruit-loops-jamdani\/"]}]},{"@type":"ImageObject","inLanguage":"en-CA","@id":"https:\/\/angatextiles.com\/tissus\/coton-indien\/merchant-and-mills-fruit-loops-jamdani\/#primaryimage","url":"https:\/\/angatextiles.com\/wp-content\/uploads\/2024\/07\/CCI-FRUITLOOPS.webp","contentUrl":"https:\/\/angatextiles.com\/wp-content\/uploads\/2024\/07\/CCI-FRUITLOOPS.webp","width":665,"height":1000,"caption":"Merchant and mills - Fruit loops jamdani"},{"@type":"BreadcrumbList","@id":"https:\/\/angatextiles.com\/tissus\/coton-indien\/merchant-and-mills-fruit-loops-jamdani\/#breadcrumb","itemListElement":[{"@type":"ListItem","position":1,"name":"Accueil","item":"https:\/\/angatextiles.com\/"},{"@type":"ListItem","position":2,"name":"Tissus","item":"https:\/\/angatextiles.com\/tissus\/"},{"@type":"ListItem","position":3,"name":"Coton Indien","item":"https:\/\/angatextiles.com\/product-category\/coton-indien\/"},{"@type":"ListItem","position":4,"name":"Merchant and Mills &#8211; Fruit loops jamdani"}]},{"@type":"WebSite","@id":"https:\/\/angatextiles.com\/#website","url":"https:\/\/angatextiles.com\/","name":"Anga Textiles","description":"Online fabric store","publisher":{"@id":"https:\/\/angatextiles.com\/#organization"},"potentialAction":[{"@type":"SearchAction","target":{"@type":"EntryPoint","urlTemplate":"https:\/\/angatextiles.com\/?s={search_term_string}"},"query-input":{"@type":"PropertyValueSpecification","valueRequired":true,"valueName":"search_term_string"}}],"inLanguage":"en-CA"},{"@type":"Organization","@id":"https:\/\/angatextiles.com\/#organization","name":"Anga Textiles","url":"https:\/\/angatextiles.com\/","logo":{"@type":"ImageObject","inLanguage":"en-CA","@id":"https:\/\/angatextiles.com\/#\/schema\/logo\/image\/","url":"https:\/\/angatextiles.com\/wp-content\/uploads\/2024\/03\/cropped-432615758_392499060370502_4636391169995674141_n.png","contentUrl":"https:\/\/angatextiles.com\/wp-content\/uploads\/2024\/03\/cropped-432615758_392499060370502_4636391169995674141_n.png","width":566,"height":189,"caption":"Anga Textiles"},"image":{"@id":"https:\/\/angatextiles.com\/#\/schema\/logo\/image\/"},"sameAs":["https:\/\/facebook.com\/anga.textiles","https:\/\/www.instagram.com\/anga_textiles"]}]}},"_links":{"self":[{"href":"https:\/\/angatextiles.com\/en\/wp-json\/wp\/v2\/product\/1574","targetHints":{"allow":["GET"]}}],"collection":[{"href":"https:\/\/angatextiles.com\/en\/wp-json\/wp\/v2\/product"}],"about":[{"href":"https:\/\/angatextiles.com\/en\/wp-json\/wp\/v2\/types\/product"}],"wp:featuredmedia":[{"embeddable":true,"href":"https:\/\/angatextiles.com\/en\/wp-json\/wp\/v2\/media\/1575"}],"wp:attachment":[{"href":"https:\/\/angatextiles.com\/en\/wp-json\/wp\/v2\/media?parent=1574"}],"wp:term":[{"taxonomy":"product_brand","embeddable":true,"href":"https:\/\/angatextiles.com\/en\/wp-json\/wp\/v2\/product_brand?post=1574"},{"taxonomy":"product_cat","embeddable":true,"href":"https:\/\/angatextiles.com\/en\/wp-json\/wp\/v2\/product_cat?post=1574"},{"taxonomy":"product_tag","embeddable":true,"href":"https:\/\/angatextiles.com\/en\/wp-json\/wp\/v2\/product_tag?post=1574"}],"curies":[{"name":"wp","href":"https:\/\/api.w.org\/{rel}","templated":true}]}}