{"id":1484,"date":"2024-04-25T11:32:14","date_gmt":"2024-04-25T15:32:14","guid":{"rendered":"https:\/\/angatextiles.com\/?post_type=product&#038;p=1484"},"modified":"2025-03-30T10:59:05","modified_gmt":"2025-03-30T14:59:05","slug":"viscose-cousette-jungle-de-fleurs-blush","status":"publish","type":"product","link":"https:\/\/angatextiles.com\/en\/tissus\/viscose\/viscose-cousette-jungle-de-fleurs-blush\/","title":{"rendered":"Viscose Cousette Jungle of Flowers \u2013 Blush"},"content":{"rendered":"<p style=\"padding-left: 40px;\"><strong>Viscose Cousette Jungle of Flowers \u2013 Blush<\/strong><\/p>\n<p style=\"padding-left: 40px;\"><strong>Width<\/strong>: 140cm<br \/>\n<strong>Weight<\/strong>: 110 gm (light weight)<br \/>\n<strong>Composition<\/strong>: 100% viscose, Oeko-Tex\u00ae Standard<br \/>\n<strong>Elasticity:<\/strong> none<br \/>\n<strong>Interview: <\/strong>Machine wash separately at 30\u00b0C<br \/>\n<strong>Origin:<\/strong> Portugal<\/p>","protected":false},"excerpt":{"rendered":"<p>Price per half meter;<br \/>\n1 = 1\/2 meter, 2 = 1 meter<\/p>\n<p>Magnificent fabrics from the French brand Cousette. 100 % viscose, fluid, soft and OEKO-TEX certified. Fabric imported from Europe.<\/p>\n<p><strong>Suitable for<\/strong> : summer clothing, blouse, dress and pants, etc.<\/p>","protected":false},"featured_media":1473,"template":"","meta":{"site-sidebar-layout":"default","site-content-layout":"","ast-site-content-layout":"default","site-content-style":"default","site-sidebar-style":"default","ast-global-header-display":"","ast-banner-title-visibility":"","ast-main-header-display":"","ast-hfb-above-header-display":"","ast-hfb-below-header-display":"","ast-hfb-mobile-header-display":"","site-post-title":"","ast-breadcrumbs-content":"","ast-featured-img":"","footer-sml-layout":"","ast-disable-related-posts":"","theme-transparent-header-meta":"default","adv-header-id-meta":"","stick-header-meta":"","header-above-stick-meta":"","header-main-stick-meta":"","header-below-stick-meta":"","astra-migrate-meta-layouts":"set","ast-page-background-enabled":"default","ast-page-background-meta":{"desktop":{"background-color":"var(--ast-global-color-4)","background-image":"","background-repeat":"repeat","background-position":"center center","background-size":"auto","background-attachment":"scroll","background-type":"","background-media":"","overlay-type":"","overlay-color":"","overlay-opacity":"","overlay-gradient":""},"tablet":{"background-color":"","background-image":"","background-repeat":"repeat","background-position":"center center","background-size":"auto","background-attachment":"scroll","background-type":"","background-media":"","overlay-type":"","overlay-color":"","overlay-opacity":"","overlay-gradient":""},"mobile":{"background-color":"","background-image":"","background-repeat":"repeat","background-position":"center center","background-size":"auto","background-attachment":"scroll","background-type":"","background-media":"","overlay-type":"","overlay-color":"","overlay-opacity":"","overlay-gradient":""}},"ast-content-background-meta":{"desktop":{"background-color":"var(--ast-global-color-5)","background-image":"","background-repeat":"repeat","background-position":"center center","background-size":"auto","background-attachment":"scroll","background-type":"","background-media":"","overlay-type":"","overlay-color":"","overlay-opacity":"","overlay-gradient":""},"tablet":{"background-color":"var(--ast-global-color-5)","background-image":"","background-repeat":"repeat","background-position":"center center","background-size":"auto","background-attachment":"scroll","background-type":"","background-media":"","overlay-type":"","overlay-color":"","overlay-opacity":"","overlay-gradient":""},"mobile":{"background-color":"var(--ast-global-color-5)","background-image":"","background-repeat":"repeat","background-position":"center center","background-size":"auto","background-attachment":"scroll","background-type":"","background-media":"","overlay-type":"","overlay-color":"","overlay-opacity":"","overlay-gradient":""}}},"product_brand":[],"product_cat":[47],"product_tag":[32],"class_list":{"0":"post-1484","1":"product","2":"type-product","3":"status-publish","4":"has-post-thumbnail","6":"product_cat-viscose","7":"product_tag-solde","8":"desktop-align-left","9":"tablet-align-left","10":"mobile-align-left","12":"first","13":"instock","14":"sale","15":"taxable","16":"shipping-taxable","17":"purchasable","18":"product-type-simple"},"yoast_head":"<!-- This site is optimized with the Yoast SEO plugin v27.1.1 - https:\/\/yoast.com\/product\/yoast-seo-wordpress\/ -->\n<title>Viscose Cousette Jungle de fleurs - Blush<\/title>\n<meta name=\"description\" content=\"Tissus de la marque Cousette. 100 % viscose, fluide et douce. Certifi\u00e9 OEKO-TEX et import\u00e9 d&#039;Europe. Id\u00e9al pour les blouses, robes et pantalons.\" \/>\n<meta name=\"robots\" content=\"index, follow, max-snippet:-1, max-image-preview:large, max-video-preview:-1\" \/>\n<link rel=\"canonical\" href=\"https:\/\/angatextiles.com\/en\/tissus\/viscose\/viscose-cousette-jungle-de-fleurs-blush\/\" \/>\n<meta property=\"og:locale\" content=\"en_US\" \/>\n<meta property=\"og:type\" content=\"article\" \/>\n<meta property=\"og:title\" content=\"Viscose Cousette Jungle de fleurs - Blush\" \/>\n<meta property=\"og:description\" content=\"Tissus de la marque Cousette. 100 % viscose, fluide et douce. Certifi\u00e9 OEKO-TEX et import\u00e9 d&#039;Europe. Id\u00e9al pour les blouses, robes et pantalons.\" \/>\n<meta property=\"og:url\" content=\"https:\/\/angatextiles.com\/en\/tissus\/viscose\/viscose-cousette-jungle-de-fleurs-blush\/\" \/>\n<meta property=\"og:site_name\" content=\"Anga Textiles\" \/>\n<meta property=\"article:publisher\" content=\"https:\/\/facebook.com\/anga.textiles\" \/>\n<meta property=\"article:modified_time\" content=\"2025-03-30T14:59:05+00:00\" \/>\n<meta property=\"og:image\" content=\"https:\/\/angatextiles.com\/wp-content\/uploads\/2024\/04\/1a460060e8ec3423c207eabb29cd4cba06cd7622e16a93cebb0b8752325131d1.webp\" \/>\n\t<meta property=\"og:image:width\" content=\"661\" \/>\n\t<meta property=\"og:image:height\" content=\"661\" \/>\n\t<meta property=\"og:image:type\" content=\"image\/webp\" \/>\n<meta name=\"twitter:card\" content=\"summary_large_image\" \/>\n<meta name=\"twitter:label1\" content=\"Est. reading time\" \/>\n\t<meta name=\"twitter:data1\" content=\"1 minute\" \/>\n<script type=\"application\/ld+json\" class=\"yoast-schema-graph\">{\"@context\":\"https:\/\/schema.org\",\"@graph\":[{\"@type\":\"WebPage\",\"@id\":\"https:\/\/angatextiles.com\/tissus\/viscose\/viscose-cousette-jungle-de-fleurs-blush\/\",\"url\":\"https:\/\/angatextiles.com\/tissus\/viscose\/viscose-cousette-jungle-de-fleurs-blush\/\",\"name\":\"Viscose Cousette Jungle de fleurs - Blush\",\"isPartOf\":{\"@id\":\"https:\/\/angatextiles.com\/#website\"},\"primaryImageOfPage\":{\"@id\":\"https:\/\/angatextiles.com\/tissus\/viscose\/viscose-cousette-jungle-de-fleurs-blush\/#primaryimage\"},\"image\":{\"@id\":\"https:\/\/angatextiles.com\/tissus\/viscose\/viscose-cousette-jungle-de-fleurs-blush\/#primaryimage\"},\"thumbnailUrl\":\"https:\/\/angatextiles.com\/wp-content\/uploads\/2024\/04\/1a460060e8ec3423c207eabb29cd4cba06cd7622e16a93cebb0b8752325131d1.webp\",\"datePublished\":\"2024-04-25T15:32:14+00:00\",\"dateModified\":\"2025-03-30T14:59:05+00:00\",\"description\":\"Tissus de la marque Cousette. 100 % viscose, fluide et douce. Certifi\u00e9 OEKO-TEX et import\u00e9 d'Europe. Id\u00e9al pour les blouses, robes et pantalons.\",\"breadcrumb\":{\"@id\":\"https:\/\/angatextiles.com\/tissus\/viscose\/viscose-cousette-jungle-de-fleurs-blush\/#breadcrumb\"},\"inLanguage\":\"en-CA\",\"potentialAction\":[{\"@type\":\"ReadAction\",\"target\":[\"https:\/\/angatextiles.com\/tissus\/viscose\/viscose-cousette-jungle-de-fleurs-blush\/\"]}]},{\"@type\":\"ImageObject\",\"inLanguage\":\"en-CA\",\"@id\":\"https:\/\/angatextiles.com\/tissus\/viscose\/viscose-cousette-jungle-de-fleurs-blush\/#primaryimage\",\"url\":\"https:\/\/angatextiles.com\/wp-content\/uploads\/2024\/04\/1a460060e8ec3423c207eabb29cd4cba06cd7622e16a93cebb0b8752325131d1.webp\",\"contentUrl\":\"https:\/\/angatextiles.com\/wp-content\/uploads\/2024\/04\/1a460060e8ec3423c207eabb29cd4cba06cd7622e16a93cebb0b8752325131d1.webp\",\"width\":661,\"height\":661,\"caption\":\"Tissu 100% viscose de Cousette. Jungle de fleurs - Blush\"},{\"@type\":\"BreadcrumbList\",\"@id\":\"https:\/\/angatextiles.com\/tissus\/viscose\/viscose-cousette-jungle-de-fleurs-blush\/#breadcrumb\",\"itemListElement\":[{\"@type\":\"ListItem\",\"position\":1,\"name\":\"Accueil\",\"item\":\"https:\/\/angatextiles.com\/\"},{\"@type\":\"ListItem\",\"position\":2,\"name\":\"Tissus\",\"item\":\"https:\/\/angatextiles.com\/tissus\/\"},{\"@type\":\"ListItem\",\"position\":3,\"name\":\"Viscose\",\"item\":\"https:\/\/angatextiles.com\/product-category\/viscose\/\"},{\"@type\":\"ListItem\",\"position\":4,\"name\":\"Viscose Cousette Jungle de fleurs &#8211; Blush\"}]},{\"@type\":\"WebSite\",\"@id\":\"https:\/\/angatextiles.com\/#website\",\"url\":\"https:\/\/angatextiles.com\/\",\"name\":\"Anga Textiles\",\"description\":\"Boutique de tissus en ligne\",\"publisher\":{\"@id\":\"https:\/\/angatextiles.com\/#organization\"},\"potentialAction\":[{\"@type\":\"SearchAction\",\"target\":{\"@type\":\"EntryPoint\",\"urlTemplate\":\"https:\/\/angatextiles.com\/?s={search_term_string}\"},\"query-input\":{\"@type\":\"PropertyValueSpecification\",\"valueRequired\":true,\"valueName\":\"search_term_string\"}}],\"inLanguage\":\"en-CA\"},{\"@type\":\"Organization\",\"@id\":\"https:\/\/angatextiles.com\/#organization\",\"name\":\"Anga Textiles\",\"url\":\"https:\/\/angatextiles.com\/\",\"logo\":{\"@type\":\"ImageObject\",\"inLanguage\":\"en-CA\",\"@id\":\"https:\/\/angatextiles.com\/#\/schema\/logo\/image\/\",\"url\":\"https:\/\/angatextiles.com\/wp-content\/uploads\/2024\/03\/cropped-432615758_392499060370502_4636391169995674141_n.png\",\"contentUrl\":\"https:\/\/angatextiles.com\/wp-content\/uploads\/2024\/03\/cropped-432615758_392499060370502_4636391169995674141_n.png\",\"width\":566,\"height\":189,\"caption\":\"Anga Textiles\"},\"image\":{\"@id\":\"https:\/\/angatextiles.com\/#\/schema\/logo\/image\/\"},\"sameAs\":[\"https:\/\/facebook.com\/anga.textiles\",\"https:\/\/www.instagram.com\/anga_textiles\"]}]}<\/script>\n<!-- \/ Yoast SEO plugin. -->","yoast_head_json":{"title":"Viscose Cousette Flower Jungle - Blush","description":"Cousette brand fabrics. 100% viscose, fluid and soft. OEKO-TEX certified and imported from Europe. Ideal for blouses, dresses, and pants.","robots":{"index":"index","follow":"follow","max-snippet":"max-snippet:-1","max-image-preview":"max-image-preview:large","max-video-preview":"max-video-preview:-1"},"canonical":"https:\/\/angatextiles.com\/en\/tissus\/viscose\/viscose-cousette-jungle-de-fleurs-blush\/","og_locale":"en_US","og_type":"article","og_title":"Viscose Cousette Jungle de fleurs - Blush","og_description":"Tissus de la marque Cousette. 100 % viscose, fluide et douce. Certifi\u00e9 OEKO-TEX et import\u00e9 d'Europe. Id\u00e9al pour les blouses, robes et pantalons.","og_url":"https:\/\/angatextiles.com\/en\/tissus\/viscose\/viscose-cousette-jungle-de-fleurs-blush\/","og_site_name":"Anga Textiles","article_publisher":"https:\/\/facebook.com\/anga.textiles","article_modified_time":"2025-03-30T14:59:05+00:00","og_image":[{"width":661,"height":661,"url":"https:\/\/angatextiles.com\/wp-content\/uploads\/2024\/04\/1a460060e8ec3423c207eabb29cd4cba06cd7622e16a93cebb0b8752325131d1.webp","type":"image\/webp"}],"twitter_card":"summary_large_image","twitter_misc":{"Est. reading time":"1 minute"},"schema":{"@context":"https:\/\/schema.org","@graph":[{"@type":"WebPage","@id":"https:\/\/angatextiles.com\/tissus\/viscose\/viscose-cousette-jungle-de-fleurs-blush\/","url":"https:\/\/angatextiles.com\/tissus\/viscose\/viscose-cousette-jungle-de-fleurs-blush\/","name":"Viscose Cousette Flower Jungle - Blush","isPartOf":{"@id":"https:\/\/angatextiles.com\/#website"},"primaryImageOfPage":{"@id":"https:\/\/angatextiles.com\/tissus\/viscose\/viscose-cousette-jungle-de-fleurs-blush\/#primaryimage"},"image":{"@id":"https:\/\/angatextiles.com\/tissus\/viscose\/viscose-cousette-jungle-de-fleurs-blush\/#primaryimage"},"thumbnailUrl":"https:\/\/angatextiles.com\/wp-content\/uploads\/2024\/04\/1a460060e8ec3423c207eabb29cd4cba06cd7622e16a93cebb0b8752325131d1.webp","datePublished":"2024-04-25T15:32:14+00:00","dateModified":"2025-03-30T14:59:05+00:00","description":"Cousette brand fabrics. 100% viscose, fluid and soft. OEKO-TEX certified and imported from Europe. Ideal for blouses, dresses, and pants.","breadcrumb":{"@id":"https:\/\/angatextiles.com\/tissus\/viscose\/viscose-cousette-jungle-de-fleurs-blush\/#breadcrumb"},"inLanguage":"en-CA","potentialAction":[{"@type":"ReadAction","target":["https:\/\/angatextiles.com\/tissus\/viscose\/viscose-cousette-jungle-de-fleurs-blush\/"]}]},{"@type":"ImageObject","inLanguage":"en-CA","@id":"https:\/\/angatextiles.com\/tissus\/viscose\/viscose-cousette-jungle-de-fleurs-blush\/#primaryimage","url":"https:\/\/angatextiles.com\/wp-content\/uploads\/2024\/04\/1a460060e8ec3423c207eabb29cd4cba06cd7622e16a93cebb0b8752325131d1.webp","contentUrl":"https:\/\/angatextiles.com\/wp-content\/uploads\/2024\/04\/1a460060e8ec3423c207eabb29cd4cba06cd7622e16a93cebb0b8752325131d1.webp","width":661,"height":661,"caption":"Tissu 100% viscose de Cousette. Jungle de fleurs - Blush"},{"@type":"BreadcrumbList","@id":"https:\/\/angatextiles.com\/tissus\/viscose\/viscose-cousette-jungle-de-fleurs-blush\/#breadcrumb","itemListElement":[{"@type":"ListItem","position":1,"name":"Accueil","item":"https:\/\/angatextiles.com\/"},{"@type":"ListItem","position":2,"name":"Tissus","item":"https:\/\/angatextiles.com\/tissus\/"},{"@type":"ListItem","position":3,"name":"Viscose","item":"https:\/\/angatextiles.com\/product-category\/viscose\/"},{"@type":"ListItem","position":4,"name":"Viscose Cousette Jungle de fleurs &#8211; Blush"}]},{"@type":"WebSite","@id":"https:\/\/angatextiles.com\/#website","url":"https:\/\/angatextiles.com\/","name":"Anga Textiles","description":"Online fabric store","publisher":{"@id":"https:\/\/angatextiles.com\/#organization"},"potentialAction":[{"@type":"SearchAction","target":{"@type":"EntryPoint","urlTemplate":"https:\/\/angatextiles.com\/?s={search_term_string}"},"query-input":{"@type":"PropertyValueSpecification","valueRequired":true,"valueName":"search_term_string"}}],"inLanguage":"en-CA"},{"@type":"Organization","@id":"https:\/\/angatextiles.com\/#organization","name":"Anga Textiles","url":"https:\/\/angatextiles.com\/","logo":{"@type":"ImageObject","inLanguage":"en-CA","@id":"https:\/\/angatextiles.com\/#\/schema\/logo\/image\/","url":"https:\/\/angatextiles.com\/wp-content\/uploads\/2024\/03\/cropped-432615758_392499060370502_4636391169995674141_n.png","contentUrl":"https:\/\/angatextiles.com\/wp-content\/uploads\/2024\/03\/cropped-432615758_392499060370502_4636391169995674141_n.png","width":566,"height":189,"caption":"Anga Textiles"},"image":{"@id":"https:\/\/angatextiles.com\/#\/schema\/logo\/image\/"},"sameAs":["https:\/\/facebook.com\/anga.textiles","https:\/\/www.instagram.com\/anga_textiles"]}]}},"_links":{"self":[{"href":"https:\/\/angatextiles.com\/en\/wp-json\/wp\/v2\/product\/1484","targetHints":{"allow":["GET"]}}],"collection":[{"href":"https:\/\/angatextiles.com\/en\/wp-json\/wp\/v2\/product"}],"about":[{"href":"https:\/\/angatextiles.com\/en\/wp-json\/wp\/v2\/types\/product"}],"wp:featuredmedia":[{"embeddable":true,"href":"https:\/\/angatextiles.com\/en\/wp-json\/wp\/v2\/media\/1473"}],"wp:attachment":[{"href":"https:\/\/angatextiles.com\/en\/wp-json\/wp\/v2\/media?parent=1484"}],"wp:term":[{"taxonomy":"product_brand","embeddable":true,"href":"https:\/\/angatextiles.com\/en\/wp-json\/wp\/v2\/product_brand?post=1484"},{"taxonomy":"product_cat","embeddable":true,"href":"https:\/\/angatextiles.com\/en\/wp-json\/wp\/v2\/product_cat?post=1484"},{"taxonomy":"product_tag","embeddable":true,"href":"https:\/\/angatextiles.com\/en\/wp-json\/wp\/v2\/product_tag?post=1484"}],"curies":[{"name":"wp","href":"https:\/\/api.w.org\/{rel}","templated":true}]}}