{"id":144,"date":"2024-01-30T20:31:20","date_gmt":"2024-01-31T01:31:20","guid":{"rendered":"https:\/\/angatextiles.com\/?post_type=product&#038;p=144"},"modified":"2025-02-20T08:17:14","modified_gmt":"2025-02-20T13:17:14","slug":"pointelle-marguerite-blanc","status":"publish","type":"product","link":"https:\/\/angatextiles.com\/en\/tissus\/pointelle\/pointelle-marguerite-blanc\/","title":{"rendered":"Daisy Pointelle \u2013 White"},"content":{"rendered":"<p style=\"padding-left: 40px;\"><strong>Daisy Pointelle \u2013 White<\/strong><\/p>\n<p style=\"padding-left: 40px;\"><strong>Width<\/strong>: 140cm<br \/>\n<strong>Weight<\/strong>: 190 gm (light weight)<br \/>\n<strong>Composition<\/strong>: 100% cotton, GOTS certified<br \/>\n<strong>Interview: <\/strong>Machine wash separately at 30\u00b0C<br \/>\n<b>Narrowing: <\/b>5%<br \/>\n<strong>Origin: <\/strong>T\u00fcrkiye<\/p>\n<p style=\"padding-left: 40px;\">","protected":false},"excerpt":{"rendered":"<p><img loading=\"lazy\" decoding=\"async\" class=\"alignright wp-image-475 size-thumbnail\" src=\"https:\/\/angatextiles.com\/wp-content\/uploads\/2024\/01\/gots-logo-compleet-01-e1708707694937-150x150.jpg\" alt=\"\" width=\"150\" height=\"150\" srcset=\"https:\/\/angatextiles.com\/wp-content\/uploads\/2024\/01\/gots-logo-compleet-01-e1708707694937-150x150.jpg 150w, https:\/\/angatextiles.com\/wp-content\/uploads\/2024\/01\/gots-logo-compleet-01-e1708707694937-300x297.jpg 300w, https:\/\/angatextiles.com\/wp-content\/uploads\/2024\/01\/gots-logo-compleet-01-e1708707694937-100x100.jpg 100w, https:\/\/angatextiles.com\/wp-content\/uploads\/2024\/01\/gots-logo-compleet-01-e1708707694937.jpg 578w\" sizes=\"auto, (max-width: 150px) 100vw, 150px\" \/><\/p>\n<p>Price per half meter;<br \/>\n1 = 1\/2 meter, 2 = 1 meter<\/p>\n<p>Pointelle is a knitted fabric like jersey that has a certain elasticity even though it is made of 100% cotton. With a nostalgic look, this fabric is characterized by its flexibility and airy side. Its pattern consists of small chevron-shaped holes.<\/p>\n<p>A soft and soothing pattern, perfect for your summer creations.<\/p>\n<p><strong>Agrees: <\/strong>t-shirts, sleepwear, children&#039;s and baby clothing, etc.<\/p>","protected":false},"featured_media":81,"template":"","meta":{"site-sidebar-layout":"default","site-content-layout":"","ast-site-content-layout":"default","site-content-style":"default","site-sidebar-style":"default","ast-global-header-display":"","ast-banner-title-visibility":"","ast-main-header-display":"","ast-hfb-above-header-display":"","ast-hfb-below-header-display":"","ast-hfb-mobile-header-display":"","site-post-title":"","ast-breadcrumbs-content":"","ast-featured-img":"","footer-sml-layout":"","ast-disable-related-posts":"","theme-transparent-header-meta":"default","adv-header-id-meta":"","stick-header-meta":"","header-above-stick-meta":"","header-main-stick-meta":"","header-below-stick-meta":"","astra-migrate-meta-layouts":"set","ast-page-background-enabled":"default","ast-page-background-meta":{"desktop":{"background-color":"var(--ast-global-color-4)","background-image":"","background-repeat":"repeat","background-position":"center center","background-size":"auto","background-attachment":"scroll","background-type":"","background-media":"","overlay-type":"","overlay-color":"","overlay-opacity":"","overlay-gradient":""},"tablet":{"background-color":"","background-image":"","background-repeat":"repeat","background-position":"center center","background-size":"auto","background-attachment":"scroll","background-type":"","background-media":"","overlay-type":"","overlay-color":"","overlay-opacity":"","overlay-gradient":""},"mobile":{"background-color":"","background-image":"","background-repeat":"repeat","background-position":"center center","background-size":"auto","background-attachment":"scroll","background-type":"","background-media":"","overlay-type":"","overlay-color":"","overlay-opacity":"","overlay-gradient":""}},"ast-content-background-meta":{"desktop":{"background-color":"var(--ast-global-color-5)","background-image":"","background-repeat":"repeat","background-position":"center center","background-size":"auto","background-attachment":"scroll","background-type":"","background-media":"","overlay-type":"","overlay-color":"","overlay-opacity":"","overlay-gradient":""},"tablet":{"background-color":"var(--ast-global-color-5)","background-image":"","background-repeat":"repeat","background-position":"center center","background-size":"auto","background-attachment":"scroll","background-type":"","background-media":"","overlay-type":"","overlay-color":"","overlay-opacity":"","overlay-gradient":""},"mobile":{"background-color":"var(--ast-global-color-5)","background-image":"","background-repeat":"repeat","background-position":"center center","background-size":"auto","background-attachment":"scroll","background-type":"","background-media":"","overlay-type":"","overlay-color":"","overlay-opacity":"","overlay-gradient":""}}},"product_brand":[],"product_cat":[41],"product_tag":[32],"class_list":{"0":"post-144","1":"product","2":"type-product","3":"status-publish","4":"has-post-thumbnail","6":"product_cat-pointelle","7":"product_tag-solde","8":"desktop-align-left","9":"tablet-align-left","10":"mobile-align-left","12":"first","13":"instock","14":"sale","15":"featured","16":"taxable","17":"shipping-taxable","18":"purchasable","19":"product-type-simple"},"yoast_head":"<!-- This site is optimized with the Yoast SEO plugin v27.1.1 - https:\/\/yoast.com\/product\/yoast-seo-wordpress\/ -->\n<title>Pointelle marguerite - Blanc<\/title>\n<meta name=\"description\" content=\"Tissu pointelle blanc avec motif de marguerite. Certifi\u00e9 GOTS. Tissu id\u00e9al pour des t-shirts, v\u00eatements de nuit, v\u00eatement pour enfants et b\u00e9b\u00e9, etc.\" \/>\n<meta name=\"robots\" content=\"index, follow, max-snippet:-1, max-image-preview:large, max-video-preview:-1\" \/>\n<link rel=\"canonical\" href=\"https:\/\/angatextiles.com\/en\/tissus\/motifs-pour-enfants\/pointelle-marguerite-blanc\/\" \/>\n<meta property=\"og:locale\" content=\"en_US\" \/>\n<meta property=\"og:type\" content=\"article\" \/>\n<meta property=\"og:title\" content=\"Pointelle marguerite - Blanc\" \/>\n<meta property=\"og:description\" content=\"Tissu pointelle blanc avec motif de marguerite. Certifi\u00e9 GOTS. Tissu id\u00e9al pour des t-shirts, v\u00eatements de nuit, v\u00eatement pour enfants et b\u00e9b\u00e9, etc.\" \/>\n<meta property=\"og:url\" content=\"https:\/\/angatextiles.com\/en\/tissus\/motifs-pour-enfants\/pointelle-marguerite-blanc\/\" \/>\n<meta property=\"og:site_name\" content=\"Anga Textiles\" \/>\n<meta property=\"article:publisher\" content=\"https:\/\/facebook.com\/anga.textiles\" \/>\n<meta property=\"article:modified_time\" content=\"2025-02-20T13:17:14+00:00\" \/>\n<meta property=\"og:image\" content=\"https:\/\/angatextiles.com\/wp-content\/uploads\/2024\/01\/09806.004_mainimage.jpg\" \/>\n\t<meta property=\"og:image:width\" content=\"1000\" \/>\n\t<meta property=\"og:image:height\" content=\"1000\" \/>\n\t<meta property=\"og:image:type\" content=\"image\/jpeg\" \/>\n<meta name=\"twitter:card\" content=\"summary_large_image\" \/>\n<meta name=\"twitter:label1\" content=\"Est. reading time\" \/>\n\t<meta name=\"twitter:data1\" content=\"1 minute\" \/>\n<script type=\"application\/ld+json\" class=\"yoast-schema-graph\">{\"@context\":\"https:\/\/schema.org\",\"@graph\":[{\"@type\":\"WebPage\",\"@id\":\"https:\/\/angatextiles.com\/tissus\/motifs-pour-enfants\/pointelle-marguerite-blanc\/\",\"url\":\"https:\/\/angatextiles.com\/tissus\/motifs-pour-enfants\/pointelle-marguerite-blanc\/\",\"name\":\"Pointelle marguerite - Blanc\",\"isPartOf\":{\"@id\":\"https:\/\/angatextiles.com\/#website\"},\"primaryImageOfPage\":{\"@id\":\"https:\/\/angatextiles.com\/tissus\/motifs-pour-enfants\/pointelle-marguerite-blanc\/#primaryimage\"},\"image\":{\"@id\":\"https:\/\/angatextiles.com\/tissus\/motifs-pour-enfants\/pointelle-marguerite-blanc\/#primaryimage\"},\"thumbnailUrl\":\"https:\/\/angatextiles.com\/wp-content\/uploads\/2024\/01\/09806.004_mainimage.jpg\",\"datePublished\":\"2024-01-31T01:31:20+00:00\",\"dateModified\":\"2025-02-20T13:17:14+00:00\",\"description\":\"Tissu pointelle blanc avec motif de marguerite. Certifi\u00e9 GOTS. Tissu id\u00e9al pour des t-shirts, v\u00eatements de nuit, v\u00eatement pour enfants et b\u00e9b\u00e9, etc.\",\"breadcrumb\":{\"@id\":\"https:\/\/angatextiles.com\/tissus\/motifs-pour-enfants\/pointelle-marguerite-blanc\/#breadcrumb\"},\"inLanguage\":\"en-CA\",\"potentialAction\":[{\"@type\":\"ReadAction\",\"target\":[\"https:\/\/angatextiles.com\/tissus\/motifs-pour-enfants\/pointelle-marguerite-blanc\/\"]}]},{\"@type\":\"ImageObject\",\"inLanguage\":\"en-CA\",\"@id\":\"https:\/\/angatextiles.com\/tissus\/motifs-pour-enfants\/pointelle-marguerite-blanc\/#primaryimage\",\"url\":\"https:\/\/angatextiles.com\/wp-content\/uploads\/2024\/01\/09806.004_mainimage.jpg\",\"contentUrl\":\"https:\/\/angatextiles.com\/wp-content\/uploads\/2024\/01\/09806.004_mainimage.jpg\",\"width\":1000,\"height\":1000,\"caption\":\"Pointelle marguerite - Blanc\"},{\"@type\":\"BreadcrumbList\",\"@id\":\"https:\/\/angatextiles.com\/tissus\/motifs-pour-enfants\/pointelle-marguerite-blanc\/#breadcrumb\",\"itemListElement\":[{\"@type\":\"ListItem\",\"position\":1,\"name\":\"Accueil\",\"item\":\"https:\/\/angatextiles.com\/\"},{\"@type\":\"ListItem\",\"position\":2,\"name\":\"Tissus\",\"item\":\"https:\/\/angatextiles.com\/tissus\/\"},{\"@type\":\"ListItem\",\"position\":3,\"name\":\"Pointelle marguerite &#8211; Blanc\"}]},{\"@type\":\"WebSite\",\"@id\":\"https:\/\/angatextiles.com\/#website\",\"url\":\"https:\/\/angatextiles.com\/\",\"name\":\"Anga Textiles\",\"description\":\"Boutique de tissus en ligne\",\"publisher\":{\"@id\":\"https:\/\/angatextiles.com\/#organization\"},\"potentialAction\":[{\"@type\":\"SearchAction\",\"target\":{\"@type\":\"EntryPoint\",\"urlTemplate\":\"https:\/\/angatextiles.com\/?s={search_term_string}\"},\"query-input\":{\"@type\":\"PropertyValueSpecification\",\"valueRequired\":true,\"valueName\":\"search_term_string\"}}],\"inLanguage\":\"en-CA\"},{\"@type\":\"Organization\",\"@id\":\"https:\/\/angatextiles.com\/#organization\",\"name\":\"Anga Textiles\",\"url\":\"https:\/\/angatextiles.com\/\",\"logo\":{\"@type\":\"ImageObject\",\"inLanguage\":\"en-CA\",\"@id\":\"https:\/\/angatextiles.com\/#\/schema\/logo\/image\/\",\"url\":\"https:\/\/angatextiles.com\/wp-content\/uploads\/2024\/03\/cropped-432615758_392499060370502_4636391169995674141_n.png\",\"contentUrl\":\"https:\/\/angatextiles.com\/wp-content\/uploads\/2024\/03\/cropped-432615758_392499060370502_4636391169995674141_n.png\",\"width\":566,\"height\":189,\"caption\":\"Anga Textiles\"},\"image\":{\"@id\":\"https:\/\/angatextiles.com\/#\/schema\/logo\/image\/\"},\"sameAs\":[\"https:\/\/facebook.com\/anga.textiles\",\"https:\/\/www.instagram.com\/anga_textiles\"]}]}<\/script>\n<!-- \/ Yoast SEO plugin. -->","yoast_head_json":{"title":"Daisy Pointelle - White","description":"White pointelle fabric with daisy pattern. GOTS certified. Ideal for t-shirts, sleepwear, children&#039;s and baby clothing, etc.","robots":{"index":"index","follow":"follow","max-snippet":"max-snippet:-1","max-image-preview":"max-image-preview:large","max-video-preview":"max-video-preview:-1"},"canonical":"https:\/\/angatextiles.com\/en\/tissus\/motifs-pour-enfants\/pointelle-marguerite-blanc\/","og_locale":"en_US","og_type":"article","og_title":"Pointelle marguerite - Blanc","og_description":"Tissu pointelle blanc avec motif de marguerite. Certifi\u00e9 GOTS. Tissu id\u00e9al pour des t-shirts, v\u00eatements de nuit, v\u00eatement pour enfants et b\u00e9b\u00e9, etc.","og_url":"https:\/\/angatextiles.com\/en\/tissus\/motifs-pour-enfants\/pointelle-marguerite-blanc\/","og_site_name":"Anga Textiles","article_publisher":"https:\/\/facebook.com\/anga.textiles","article_modified_time":"2025-02-20T13:17:14+00:00","og_image":[{"width":1000,"height":1000,"url":"https:\/\/angatextiles.com\/wp-content\/uploads\/2024\/01\/09806.004_mainimage.jpg","type":"image\/jpeg"}],"twitter_card":"summary_large_image","twitter_misc":{"Est. reading time":"1 minute"},"schema":{"@context":"https:\/\/schema.org","@graph":[{"@type":"WebPage","@id":"https:\/\/angatextiles.com\/tissus\/motifs-pour-enfants\/pointelle-marguerite-blanc\/","url":"https:\/\/angatextiles.com\/tissus\/motifs-pour-enfants\/pointelle-marguerite-blanc\/","name":"Daisy Pointelle - White","isPartOf":{"@id":"https:\/\/angatextiles.com\/#website"},"primaryImageOfPage":{"@id":"https:\/\/angatextiles.com\/tissus\/motifs-pour-enfants\/pointelle-marguerite-blanc\/#primaryimage"},"image":{"@id":"https:\/\/angatextiles.com\/tissus\/motifs-pour-enfants\/pointelle-marguerite-blanc\/#primaryimage"},"thumbnailUrl":"https:\/\/angatextiles.com\/wp-content\/uploads\/2024\/01\/09806.004_mainimage.jpg","datePublished":"2024-01-31T01:31:20+00:00","dateModified":"2025-02-20T13:17:14+00:00","description":"White pointelle fabric with daisy pattern. GOTS certified. Ideal for t-shirts, sleepwear, children&#039;s and baby clothing, etc.","breadcrumb":{"@id":"https:\/\/angatextiles.com\/tissus\/motifs-pour-enfants\/pointelle-marguerite-blanc\/#breadcrumb"},"inLanguage":"en-CA","potentialAction":[{"@type":"ReadAction","target":["https:\/\/angatextiles.com\/tissus\/motifs-pour-enfants\/pointelle-marguerite-blanc\/"]}]},{"@type":"ImageObject","inLanguage":"en-CA","@id":"https:\/\/angatextiles.com\/tissus\/motifs-pour-enfants\/pointelle-marguerite-blanc\/#primaryimage","url":"https:\/\/angatextiles.com\/wp-content\/uploads\/2024\/01\/09806.004_mainimage.jpg","contentUrl":"https:\/\/angatextiles.com\/wp-content\/uploads\/2024\/01\/09806.004_mainimage.jpg","width":1000,"height":1000,"caption":"Pointelle marguerite - Blanc"},{"@type":"BreadcrumbList","@id":"https:\/\/angatextiles.com\/tissus\/motifs-pour-enfants\/pointelle-marguerite-blanc\/#breadcrumb","itemListElement":[{"@type":"ListItem","position":1,"name":"Accueil","item":"https:\/\/angatextiles.com\/"},{"@type":"ListItem","position":2,"name":"Tissus","item":"https:\/\/angatextiles.com\/tissus\/"},{"@type":"ListItem","position":3,"name":"Pointelle marguerite &#8211; Blanc"}]},{"@type":"WebSite","@id":"https:\/\/angatextiles.com\/#website","url":"https:\/\/angatextiles.com\/","name":"Anga Textiles","description":"Online fabric store","publisher":{"@id":"https:\/\/angatextiles.com\/#organization"},"potentialAction":[{"@type":"SearchAction","target":{"@type":"EntryPoint","urlTemplate":"https:\/\/angatextiles.com\/?s={search_term_string}"},"query-input":{"@type":"PropertyValueSpecification","valueRequired":true,"valueName":"search_term_string"}}],"inLanguage":"en-CA"},{"@type":"Organization","@id":"https:\/\/angatextiles.com\/#organization","name":"Anga Textiles","url":"https:\/\/angatextiles.com\/","logo":{"@type":"ImageObject","inLanguage":"en-CA","@id":"https:\/\/angatextiles.com\/#\/schema\/logo\/image\/","url":"https:\/\/angatextiles.com\/wp-content\/uploads\/2024\/03\/cropped-432615758_392499060370502_4636391169995674141_n.png","contentUrl":"https:\/\/angatextiles.com\/wp-content\/uploads\/2024\/03\/cropped-432615758_392499060370502_4636391169995674141_n.png","width":566,"height":189,"caption":"Anga Textiles"},"image":{"@id":"https:\/\/angatextiles.com\/#\/schema\/logo\/image\/"},"sameAs":["https:\/\/facebook.com\/anga.textiles","https:\/\/www.instagram.com\/anga_textiles"]}]}},"_links":{"self":[{"href":"https:\/\/angatextiles.com\/en\/wp-json\/wp\/v2\/product\/144","targetHints":{"allow":["GET"]}}],"collection":[{"href":"https:\/\/angatextiles.com\/en\/wp-json\/wp\/v2\/product"}],"about":[{"href":"https:\/\/angatextiles.com\/en\/wp-json\/wp\/v2\/types\/product"}],"wp:featuredmedia":[{"embeddable":true,"href":"https:\/\/angatextiles.com\/en\/wp-json\/wp\/v2\/media\/81"}],"wp:attachment":[{"href":"https:\/\/angatextiles.com\/en\/wp-json\/wp\/v2\/media?parent=144"}],"wp:term":[{"taxonomy":"product_brand","embeddable":true,"href":"https:\/\/angatextiles.com\/en\/wp-json\/wp\/v2\/product_brand?post=144"},{"taxonomy":"product_cat","embeddable":true,"href":"https:\/\/angatextiles.com\/en\/wp-json\/wp\/v2\/product_cat?post=144"},{"taxonomy":"product_tag","embeddable":true,"href":"https:\/\/angatextiles.com\/en\/wp-json\/wp\/v2\/product_tag?post=144"}],"curies":[{"name":"wp","href":"https:\/\/api.w.org\/{rel}","templated":true}]}}