{"id":124,"date":"2024-01-27T20:10:47","date_gmt":"2024-01-28T01:10:47","guid":{"rendered":"https:\/\/angatextiles.com\/?post_type=product&#038;p=124"},"modified":"2026-04-10T11:07:38","modified_gmt":"2026-04-10T15:07:38","slug":"popeline-ligne-brisee-de-nerida-hansen-petrole","status":"publish","type":"product","link":"https:\/\/angatextiles.com\/en\/tissus\/autre-coton-tisse\/popeline-ligne-brisee-de-nerida-hansen-petrole\/","title":{"rendered":"Broken line poplin by Nerida Hansen \u2013 Petrol"},"content":{"rendered":"<p style=\"padding-left: 40px;\"><strong>Broken line poplin by Nerida Hansen \u2013 Petrol<\/strong><\/p>\n<p style=\"padding-left: 40px;\"><strong>Width<\/strong>: 148cm<br \/>\n<strong>Weight<\/strong>: 110 gm (light weight)<br \/>\n<strong>Composition<\/strong>: 100% cotton, OEKO-TEX\u00ae certified<br \/>\n<strong>Interview: <\/strong>Machine wash separately at 30\u00b0C<br \/>\n<b>Narrowing:<\/b> 4%<br \/>\n<strong>Origin:<\/strong> Pakistan<\/p>","protected":false},"excerpt":{"rendered":"<p>Price per half meter;<br \/>\n1 = 1\/2 meter, 2 = 1 meter<\/p>\n<p>Poplin is a versatile fabric that is suitable for many garments and creative projects. Soft, with a slightly silky finish and easy to work with, poplin is ideal for beginner seamstresses.<\/p>\n<p><strong>Suitable for:<\/strong> Shirt, dress, skirt, accessory, etc.<\/p>\n<p>&nbsp;<\/p>","protected":false},"featured_media":43,"template":"","meta":{"site-sidebar-layout":"default","site-content-layout":"","ast-site-content-layout":"default","site-content-style":"default","site-sidebar-style":"default","ast-global-header-display":"","ast-banner-title-visibility":"","ast-main-header-display":"","ast-hfb-above-header-display":"","ast-hfb-below-header-display":"","ast-hfb-mobile-header-display":"","site-post-title":"","ast-breadcrumbs-content":"","ast-featured-img":"","footer-sml-layout":"","ast-disable-related-posts":"","theme-transparent-header-meta":"default","adv-header-id-meta":"","stick-header-meta":"","header-above-stick-meta":"","header-main-stick-meta":"","header-below-stick-meta":"","astra-migrate-meta-layouts":"set","ast-page-background-enabled":"default","ast-page-background-meta":{"desktop":{"background-color":"var(--ast-global-color-4)","background-image":"","background-repeat":"repeat","background-position":"center center","background-size":"auto","background-attachment":"scroll","background-type":"","background-media":"","overlay-type":"","overlay-color":"","overlay-opacity":"","overlay-gradient":""},"tablet":{"background-color":"","background-image":"","background-repeat":"repeat","background-position":"center center","background-size":"auto","background-attachment":"scroll","background-type":"","background-media":"","overlay-type":"","overlay-color":"","overlay-opacity":"","overlay-gradient":""},"mobile":{"background-color":"","background-image":"","background-repeat":"repeat","background-position":"center center","background-size":"auto","background-attachment":"scroll","background-type":"","background-media":"","overlay-type":"","overlay-color":"","overlay-opacity":"","overlay-gradient":""}},"ast-content-background-meta":{"desktop":{"background-color":"var(--ast-global-color-5)","background-image":"","background-repeat":"repeat","background-position":"center center","background-size":"auto","background-attachment":"scroll","background-type":"","background-media":"","overlay-type":"","overlay-color":"","overlay-opacity":"","overlay-gradient":""},"tablet":{"background-color":"var(--ast-global-color-5)","background-image":"","background-repeat":"repeat","background-position":"center center","background-size":"auto","background-attachment":"scroll","background-type":"","background-media":"","overlay-type":"","overlay-color":"","overlay-opacity":"","overlay-gradient":""},"mobile":{"background-color":"var(--ast-global-color-5)","background-image":"","background-repeat":"repeat","background-position":"center center","background-size":"auto","background-attachment":"scroll","background-type":"","background-media":"","overlay-type":"","overlay-color":"","overlay-opacity":"","overlay-gradient":""}}},"product_brand":[],"product_cat":[22],"product_tag":[32],"class_list":{"0":"post-124","1":"product","2":"type-product","3":"status-publish","4":"has-post-thumbnail","6":"product_cat-autre-coton-tisse","7":"product_tag-solde","8":"desktop-align-left","9":"tablet-align-left","10":"mobile-align-left","12":"first","13":"instock","14":"sale","15":"featured","16":"taxable","17":"shipping-taxable","18":"purchasable","19":"product-type-simple"},"yoast_head":"<!-- This site is optimized with the Yoast SEO plugin v27.1.1 - https:\/\/yoast.com\/product\/yoast-seo-wordpress\/ -->\n<title>Popeline ligne bris\u00e9e de Nerida Hansen - P\u00e9trole<\/title>\n<meta name=\"description\" content=\"Tissu popeline 100 % coton. Import\u00e9 d&#039;Europe et certifi\u00e9 OEKO-TEX\u00ae. Convient pour des chemise, robe, jupe, accessoire, etc\" \/>\n<meta name=\"robots\" content=\"index, follow, max-snippet:-1, max-image-preview:large, max-video-preview:-1\" \/>\n<link rel=\"canonical\" href=\"https:\/\/angatextiles.com\/en\/tissus\/autre-coton-tisse\/popeline-ligne-brisee-de-nerida-hansen-petrole\/\" \/>\n<meta property=\"og:locale\" content=\"en_US\" \/>\n<meta property=\"og:type\" content=\"article\" \/>\n<meta property=\"og:title\" content=\"Popeline ligne bris\u00e9e de Nerida Hansen - P\u00e9trole\" \/>\n<meta property=\"og:description\" content=\"Tissu popeline 100 % coton. Import\u00e9 d&#039;Europe et certifi\u00e9 OEKO-TEX\u00ae. Convient pour des chemise, robe, jupe, accessoire, etc\" \/>\n<meta property=\"og:url\" content=\"https:\/\/angatextiles.com\/en\/tissus\/autre-coton-tisse\/popeline-ligne-brisee-de-nerida-hansen-petrole\/\" \/>\n<meta property=\"og:site_name\" content=\"Anga Textiles\" \/>\n<meta property=\"article:publisher\" content=\"https:\/\/facebook.com\/anga.textiles\" \/>\n<meta property=\"article:modified_time\" content=\"2026-04-10T15:07:38+00:00\" \/>\n<meta property=\"og:image\" content=\"https:\/\/angatextiles.com\/wp-content\/uploads\/2024\/01\/05018.024_mainimage.jpg\" \/>\n\t<meta property=\"og:image:width\" content=\"1000\" \/>\n\t<meta property=\"og:image:height\" content=\"1000\" \/>\n\t<meta property=\"og:image:type\" content=\"image\/jpeg\" \/>\n<meta name=\"twitter:card\" content=\"summary_large_image\" \/>\n<meta name=\"twitter:label1\" content=\"Est. reading time\" \/>\n\t<meta name=\"twitter:data1\" content=\"1 minute\" \/>\n<script type=\"application\/ld+json\" class=\"yoast-schema-graph\">{\"@context\":\"https:\/\/schema.org\",\"@graph\":[{\"@type\":\"WebPage\",\"@id\":\"https:\/\/angatextiles.com\/tissus\/autre-coton-tisse\/popeline-ligne-brisee-de-nerida-hansen-petrole\/\",\"url\":\"https:\/\/angatextiles.com\/tissus\/autre-coton-tisse\/popeline-ligne-brisee-de-nerida-hansen-petrole\/\",\"name\":\"Popeline ligne bris\u00e9e de Nerida Hansen - P\u00e9trole\",\"isPartOf\":{\"@id\":\"https:\/\/angatextiles.com\/#website\"},\"primaryImageOfPage\":{\"@id\":\"https:\/\/angatextiles.com\/tissus\/autre-coton-tisse\/popeline-ligne-brisee-de-nerida-hansen-petrole\/#primaryimage\"},\"image\":{\"@id\":\"https:\/\/angatextiles.com\/tissus\/autre-coton-tisse\/popeline-ligne-brisee-de-nerida-hansen-petrole\/#primaryimage\"},\"thumbnailUrl\":\"https:\/\/angatextiles.com\/wp-content\/uploads\/2024\/01\/05018.024_mainimage.jpg\",\"datePublished\":\"2024-01-28T01:10:47+00:00\",\"dateModified\":\"2026-04-10T15:07:38+00:00\",\"description\":\"Tissu popeline 100 % coton. Import\u00e9 d'Europe et certifi\u00e9 OEKO-TEX\u00ae. Convient pour des chemise, robe, jupe, accessoire, etc\",\"breadcrumb\":{\"@id\":\"https:\/\/angatextiles.com\/tissus\/autre-coton-tisse\/popeline-ligne-brisee-de-nerida-hansen-petrole\/#breadcrumb\"},\"inLanguage\":\"en-CA\",\"potentialAction\":[{\"@type\":\"ReadAction\",\"target\":[\"https:\/\/angatextiles.com\/tissus\/autre-coton-tisse\/popeline-ligne-brisee-de-nerida-hansen-petrole\/\"]}]},{\"@type\":\"ImageObject\",\"inLanguage\":\"en-CA\",\"@id\":\"https:\/\/angatextiles.com\/tissus\/autre-coton-tisse\/popeline-ligne-brisee-de-nerida-hansen-petrole\/#primaryimage\",\"url\":\"https:\/\/angatextiles.com\/wp-content\/uploads\/2024\/01\/05018.024_mainimage.jpg\",\"contentUrl\":\"https:\/\/angatextiles.com\/wp-content\/uploads\/2024\/01\/05018.024_mainimage.jpg\",\"width\":1000,\"height\":1000,\"caption\":\"Popeline ligne bris\u00e9e de Nerida Hansen - P\u00e9trole\"},{\"@type\":\"BreadcrumbList\",\"@id\":\"https:\/\/angatextiles.com\/tissus\/autre-coton-tisse\/popeline-ligne-brisee-de-nerida-hansen-petrole\/#breadcrumb\",\"itemListElement\":[{\"@type\":\"ListItem\",\"position\":1,\"name\":\"Accueil\",\"item\":\"https:\/\/angatextiles.com\/\"},{\"@type\":\"ListItem\",\"position\":2,\"name\":\"Tissus\",\"item\":\"https:\/\/angatextiles.com\/tissus\/\"},{\"@type\":\"ListItem\",\"position\":3,\"name\":\"Autre coton tiss\u00e9\",\"item\":\"https:\/\/angatextiles.com\/product-category\/autre-coton-tisse\/\"},{\"@type\":\"ListItem\",\"position\":4,\"name\":\"Popeline ligne bris\u00e9e de Nerida Hansen &#8211; P\u00e9trole\"}]},{\"@type\":\"WebSite\",\"@id\":\"https:\/\/angatextiles.com\/#website\",\"url\":\"https:\/\/angatextiles.com\/\",\"name\":\"Anga Textiles\",\"description\":\"Boutique de tissus en ligne\",\"publisher\":{\"@id\":\"https:\/\/angatextiles.com\/#organization\"},\"potentialAction\":[{\"@type\":\"SearchAction\",\"target\":{\"@type\":\"EntryPoint\",\"urlTemplate\":\"https:\/\/angatextiles.com\/?s={search_term_string}\"},\"query-input\":{\"@type\":\"PropertyValueSpecification\",\"valueRequired\":true,\"valueName\":\"search_term_string\"}}],\"inLanguage\":\"en-CA\"},{\"@type\":\"Organization\",\"@id\":\"https:\/\/angatextiles.com\/#organization\",\"name\":\"Anga Textiles\",\"url\":\"https:\/\/angatextiles.com\/\",\"logo\":{\"@type\":\"ImageObject\",\"inLanguage\":\"en-CA\",\"@id\":\"https:\/\/angatextiles.com\/#\/schema\/logo\/image\/\",\"url\":\"https:\/\/angatextiles.com\/wp-content\/uploads\/2024\/03\/cropped-432615758_392499060370502_4636391169995674141_n.png\",\"contentUrl\":\"https:\/\/angatextiles.com\/wp-content\/uploads\/2024\/03\/cropped-432615758_392499060370502_4636391169995674141_n.png\",\"width\":566,\"height\":189,\"caption\":\"Anga Textiles\"},\"image\":{\"@id\":\"https:\/\/angatextiles.com\/#\/schema\/logo\/image\/\"},\"sameAs\":[\"https:\/\/facebook.com\/anga.textiles\",\"https:\/\/www.instagram.com\/anga_textiles\"]}]}<\/script>\n<!-- \/ Yoast SEO plugin. -->","yoast_head_json":{"title":"Nerida Hansen Broken Line Poplin - Petrol","description":"100% cotton poplin fabric. Imported from Europe and OEKO-TEX\u00ae certified. Suitable for shirts, dresses, skirts, accessories, etc.","robots":{"index":"index","follow":"follow","max-snippet":"max-snippet:-1","max-image-preview":"max-image-preview:large","max-video-preview":"max-video-preview:-1"},"canonical":"https:\/\/angatextiles.com\/en\/tissus\/autre-coton-tisse\/popeline-ligne-brisee-de-nerida-hansen-petrole\/","og_locale":"en_US","og_type":"article","og_title":"Popeline ligne bris\u00e9e de Nerida Hansen - P\u00e9trole","og_description":"Tissu popeline 100 % coton. Import\u00e9 d'Europe et certifi\u00e9 OEKO-TEX\u00ae. Convient pour des chemise, robe, jupe, accessoire, etc","og_url":"https:\/\/angatextiles.com\/en\/tissus\/autre-coton-tisse\/popeline-ligne-brisee-de-nerida-hansen-petrole\/","og_site_name":"Anga Textiles","article_publisher":"https:\/\/facebook.com\/anga.textiles","article_modified_time":"2026-04-10T15:07:38+00:00","og_image":[{"width":1000,"height":1000,"url":"https:\/\/angatextiles.com\/wp-content\/uploads\/2024\/01\/05018.024_mainimage.jpg","type":"image\/jpeg"}],"twitter_card":"summary_large_image","twitter_misc":{"Est. reading time":"1 minute"},"schema":{"@context":"https:\/\/schema.org","@graph":[{"@type":"WebPage","@id":"https:\/\/angatextiles.com\/tissus\/autre-coton-tisse\/popeline-ligne-brisee-de-nerida-hansen-petrole\/","url":"https:\/\/angatextiles.com\/tissus\/autre-coton-tisse\/popeline-ligne-brisee-de-nerida-hansen-petrole\/","name":"Nerida Hansen Broken Line Poplin - Petrol","isPartOf":{"@id":"https:\/\/angatextiles.com\/#website"},"primaryImageOfPage":{"@id":"https:\/\/angatextiles.com\/tissus\/autre-coton-tisse\/popeline-ligne-brisee-de-nerida-hansen-petrole\/#primaryimage"},"image":{"@id":"https:\/\/angatextiles.com\/tissus\/autre-coton-tisse\/popeline-ligne-brisee-de-nerida-hansen-petrole\/#primaryimage"},"thumbnailUrl":"https:\/\/angatextiles.com\/wp-content\/uploads\/2024\/01\/05018.024_mainimage.jpg","datePublished":"2024-01-28T01:10:47+00:00","dateModified":"2026-04-10T15:07:38+00:00","description":"100% cotton poplin fabric. Imported from Europe and OEKO-TEX\u00ae certified. Suitable for shirts, dresses, skirts, accessories, etc.","breadcrumb":{"@id":"https:\/\/angatextiles.com\/tissus\/autre-coton-tisse\/popeline-ligne-brisee-de-nerida-hansen-petrole\/#breadcrumb"},"inLanguage":"en-CA","potentialAction":[{"@type":"ReadAction","target":["https:\/\/angatextiles.com\/tissus\/autre-coton-tisse\/popeline-ligne-brisee-de-nerida-hansen-petrole\/"]}]},{"@type":"ImageObject","inLanguage":"en-CA","@id":"https:\/\/angatextiles.com\/tissus\/autre-coton-tisse\/popeline-ligne-brisee-de-nerida-hansen-petrole\/#primaryimage","url":"https:\/\/angatextiles.com\/wp-content\/uploads\/2024\/01\/05018.024_mainimage.jpg","contentUrl":"https:\/\/angatextiles.com\/wp-content\/uploads\/2024\/01\/05018.024_mainimage.jpg","width":1000,"height":1000,"caption":"Popeline ligne bris\u00e9e de Nerida Hansen - P\u00e9trole"},{"@type":"BreadcrumbList","@id":"https:\/\/angatextiles.com\/tissus\/autre-coton-tisse\/popeline-ligne-brisee-de-nerida-hansen-petrole\/#breadcrumb","itemListElement":[{"@type":"ListItem","position":1,"name":"Accueil","item":"https:\/\/angatextiles.com\/"},{"@type":"ListItem","position":2,"name":"Tissus","item":"https:\/\/angatextiles.com\/tissus\/"},{"@type":"ListItem","position":3,"name":"Autre coton tiss\u00e9","item":"https:\/\/angatextiles.com\/product-category\/autre-coton-tisse\/"},{"@type":"ListItem","position":4,"name":"Popeline ligne bris\u00e9e de Nerida Hansen &#8211; P\u00e9trole"}]},{"@type":"WebSite","@id":"https:\/\/angatextiles.com\/#website","url":"https:\/\/angatextiles.com\/","name":"Anga Textiles","description":"Online fabric store","publisher":{"@id":"https:\/\/angatextiles.com\/#organization"},"potentialAction":[{"@type":"SearchAction","target":{"@type":"EntryPoint","urlTemplate":"https:\/\/angatextiles.com\/?s={search_term_string}"},"query-input":{"@type":"PropertyValueSpecification","valueRequired":true,"valueName":"search_term_string"}}],"inLanguage":"en-CA"},{"@type":"Organization","@id":"https:\/\/angatextiles.com\/#organization","name":"Anga Textiles","url":"https:\/\/angatextiles.com\/","logo":{"@type":"ImageObject","inLanguage":"en-CA","@id":"https:\/\/angatextiles.com\/#\/schema\/logo\/image\/","url":"https:\/\/angatextiles.com\/wp-content\/uploads\/2024\/03\/cropped-432615758_392499060370502_4636391169995674141_n.png","contentUrl":"https:\/\/angatextiles.com\/wp-content\/uploads\/2024\/03\/cropped-432615758_392499060370502_4636391169995674141_n.png","width":566,"height":189,"caption":"Anga Textiles"},"image":{"@id":"https:\/\/angatextiles.com\/#\/schema\/logo\/image\/"},"sameAs":["https:\/\/facebook.com\/anga.textiles","https:\/\/www.instagram.com\/anga_textiles"]}]}},"_links":{"self":[{"href":"https:\/\/angatextiles.com\/en\/wp-json\/wp\/v2\/product\/124","targetHints":{"allow":["GET"]}}],"collection":[{"href":"https:\/\/angatextiles.com\/en\/wp-json\/wp\/v2\/product"}],"about":[{"href":"https:\/\/angatextiles.com\/en\/wp-json\/wp\/v2\/types\/product"}],"wp:featuredmedia":[{"embeddable":true,"href":"https:\/\/angatextiles.com\/en\/wp-json\/wp\/v2\/media\/43"}],"wp:attachment":[{"href":"https:\/\/angatextiles.com\/en\/wp-json\/wp\/v2\/media?parent=124"}],"wp:term":[{"taxonomy":"product_brand","embeddable":true,"href":"https:\/\/angatextiles.com\/en\/wp-json\/wp\/v2\/product_brand?post=124"},{"taxonomy":"product_cat","embeddable":true,"href":"https:\/\/angatextiles.com\/en\/wp-json\/wp\/v2\/product_cat?post=124"},{"taxonomy":"product_tag","embeddable":true,"href":"https:\/\/angatextiles.com\/en\/wp-json\/wp\/v2\/product_tag?post=124"}],"curies":[{"name":"wp","href":"https:\/\/api.w.org\/{rel}","templated":true}]}}