{"id":120,"date":"2024-01-27T19:34:31","date_gmt":"2024-01-28T00:34:31","guid":{"rendered":"https:\/\/angatextiles.com\/?post_type=product&#038;p=120"},"modified":"2025-07-09T08:03:23","modified_gmt":"2025-07-09T12:03:23","slug":"voile-de-coton-de-nerida-hansen-london-floral-bleu-pale","status":"publish","type":"product","link":"https:\/\/angatextiles.com\/en\/tissus\/autre-coton-tisse\/voile-de-coton-de-nerida-hansen-london-floral-bleu-pale\/","title":{"rendered":"N\u00e9rida Hansen London Floral Cotton Voile \u2013 Pale Blue"},"content":{"rendered":"<p style=\"padding-left: 40px;\"><ins datetime=\"2024-02-23T18:57:53+00:00\"><strong>N\u00e9rida Hansen London Floral Cotton Voile \u2013 Pale Blue<\/strong><\/ins><\/p>\n<p style=\"padding-left: 40px;\"><ins datetime=\"2024-02-23T18:57:53+00:00\"><strong>Width<\/strong>: 148cm<br \/>\n<strong>Weight<\/strong>: 75 gm (extra light weight)<br \/>\n<strong>Composition<\/strong>: 100% cotton, OEKO-TEX certified<br \/>\n<strong>Interview: <\/strong>Machine wash at 30\u00b0C<br \/>\n<strong>Narrowing:<\/strong> 3-4%<br \/>\n<strong>Origin:<\/strong> Pakistan<\/ins><\/p>","protected":false},"excerpt":{"rendered":"<p>Price per half meter<br \/>\n1 = 1\/2 meter, 2 = 1 meter<\/p>\n<p>N\u00e9rida Hansen&#039;s cotton voile is a light, soft, airy and delicate fabric. It is ideal for making comfortable and breathable clothing. Perfect for fluid and airy patterns.<\/p>\n<p><strong>Suitable for:<\/strong> Shirt, dress, skirt<\/p>\n<p>&nbsp;<\/p>","protected":false},"featured_media":33,"template":"","meta":{"site-sidebar-layout":"default","site-content-layout":"","ast-site-content-layout":"default","site-content-style":"default","site-sidebar-style":"default","ast-global-header-display":"","ast-banner-title-visibility":"","ast-main-header-display":"","ast-hfb-above-header-display":"","ast-hfb-below-header-display":"","ast-hfb-mobile-header-display":"","site-post-title":"","ast-breadcrumbs-content":"","ast-featured-img":"","footer-sml-layout":"","ast-disable-related-posts":"","theme-transparent-header-meta":"default","adv-header-id-meta":"","stick-header-meta":"","header-above-stick-meta":"","header-main-stick-meta":"","header-below-stick-meta":"","astra-migrate-meta-layouts":"set","ast-page-background-enabled":"default","ast-page-background-meta":{"desktop":{"background-color":"var(--ast-global-color-4)","background-image":"","background-repeat":"repeat","background-position":"center center","background-size":"auto","background-attachment":"scroll","background-type":"","background-media":"","overlay-type":"","overlay-color":"","overlay-opacity":"","overlay-gradient":""},"tablet":{"background-color":"","background-image":"","background-repeat":"repeat","background-position":"center center","background-size":"auto","background-attachment":"scroll","background-type":"","background-media":"","overlay-type":"","overlay-color":"","overlay-opacity":"","overlay-gradient":""},"mobile":{"background-color":"","background-image":"","background-repeat":"repeat","background-position":"center center","background-size":"auto","background-attachment":"scroll","background-type":"","background-media":"","overlay-type":"","overlay-color":"","overlay-opacity":"","overlay-gradient":""}},"ast-content-background-meta":{"desktop":{"background-color":"var(--ast-global-color-5)","background-image":"","background-repeat":"repeat","background-position":"center center","background-size":"auto","background-attachment":"scroll","background-type":"","background-media":"","overlay-type":"","overlay-color":"","overlay-opacity":"","overlay-gradient":""},"tablet":{"background-color":"var(--ast-global-color-5)","background-image":"","background-repeat":"repeat","background-position":"center center","background-size":"auto","background-attachment":"scroll","background-type":"","background-media":"","overlay-type":"","overlay-color":"","overlay-opacity":"","overlay-gradient":""},"mobile":{"background-color":"var(--ast-global-color-5)","background-image":"","background-repeat":"repeat","background-position":"center center","background-size":"auto","background-attachment":"scroll","background-type":"","background-media":"","overlay-type":"","overlay-color":"","overlay-opacity":"","overlay-gradient":""}}},"product_brand":[],"product_cat":[22],"product_tag":[32],"class_list":{"0":"post-120","1":"product","2":"type-product","3":"status-publish","4":"has-post-thumbnail","6":"product_cat-autre-coton-tisse","7":"product_tag-solde","8":"desktop-align-left","9":"tablet-align-left","10":"mobile-align-left","12":"first","13":"outofstock","14":"sale","15":"featured","16":"taxable","17":"shipping-taxable","18":"purchasable","19":"product-type-simple"},"yoast_head":"<!-- This site is optimized with the Yoast SEO plugin v27.1.1 - https:\/\/yoast.com\/product\/yoast-seo-wordpress\/ -->\n<title>Voile de coton de N\u00e9rida Hansen London floral - Bleu p\u00e2le<\/title>\n<meta name=\"description\" content=\"Tissu 100 % coton. Voile au motif de fleurs. Import\u00e9 d&#039;Europe et certifi\u00e9 OEKO-TEX. Convient pour les chemises, robes, jupes, etc.\" \/>\n<meta name=\"robots\" content=\"index, follow, max-snippet:-1, max-image-preview:large, max-video-preview:-1\" \/>\n<link rel=\"canonical\" href=\"https:\/\/angatextiles.com\/en\/tissus\/autre-coton-tisse\/voile-de-coton-de-nerida-hansen-london-floral-bleu-pale\/\" \/>\n<meta property=\"og:locale\" content=\"en_US\" \/>\n<meta property=\"og:type\" content=\"article\" \/>\n<meta property=\"og:title\" content=\"Voile de coton de N\u00e9rida Hansen London floral - Bleu p\u00e2le\" \/>\n<meta property=\"og:description\" content=\"Tissu 100 % coton. Voile au motif de fleurs. Import\u00e9 d&#039;Europe et certifi\u00e9 OEKO-TEX. Convient pour les chemises, robes, jupes, etc.\" \/>\n<meta property=\"og:url\" content=\"https:\/\/angatextiles.com\/en\/tissus\/autre-coton-tisse\/voile-de-coton-de-nerida-hansen-london-floral-bleu-pale\/\" \/>\n<meta property=\"og:site_name\" content=\"Anga Textiles\" \/>\n<meta property=\"article:publisher\" content=\"https:\/\/facebook.com\/anga.textiles\" \/>\n<meta property=\"article:modified_time\" content=\"2025-07-09T12:03:23+00:00\" \/>\n<meta property=\"og:image\" content=\"https:\/\/angatextiles.com\/wp-content\/uploads\/2024\/01\/05009.003_mainimage.jpg\" \/>\n\t<meta property=\"og:image:width\" content=\"1000\" \/>\n\t<meta property=\"og:image:height\" content=\"1000\" \/>\n\t<meta property=\"og:image:type\" content=\"image\/jpeg\" \/>\n<meta name=\"twitter:card\" content=\"summary_large_image\" \/>\n<meta name=\"twitter:label1\" content=\"Est. reading time\" \/>\n\t<meta name=\"twitter:data1\" content=\"1 minute\" \/>\n<script type=\"application\/ld+json\" class=\"yoast-schema-graph\">{\"@context\":\"https:\/\/schema.org\",\"@graph\":[{\"@type\":\"WebPage\",\"@id\":\"https:\/\/angatextiles.com\/tissus\/autre-coton-tisse\/voile-de-coton-de-nerida-hansen-london-floral-bleu-pale\/\",\"url\":\"https:\/\/angatextiles.com\/tissus\/autre-coton-tisse\/voile-de-coton-de-nerida-hansen-london-floral-bleu-pale\/\",\"name\":\"Voile de coton de N\u00e9rida Hansen London floral - Bleu p\u00e2le\",\"isPartOf\":{\"@id\":\"https:\/\/angatextiles.com\/#website\"},\"primaryImageOfPage\":{\"@id\":\"https:\/\/angatextiles.com\/tissus\/autre-coton-tisse\/voile-de-coton-de-nerida-hansen-london-floral-bleu-pale\/#primaryimage\"},\"image\":{\"@id\":\"https:\/\/angatextiles.com\/tissus\/autre-coton-tisse\/voile-de-coton-de-nerida-hansen-london-floral-bleu-pale\/#primaryimage\"},\"thumbnailUrl\":\"https:\/\/angatextiles.com\/wp-content\/uploads\/2024\/01\/05009.003_mainimage.jpg\",\"datePublished\":\"2024-01-28T00:34:31+00:00\",\"dateModified\":\"2025-07-09T12:03:23+00:00\",\"description\":\"Tissu 100 % coton. Voile au motif de fleurs. Import\u00e9 d'Europe et certifi\u00e9 OEKO-TEX. Convient pour les chemises, robes, jupes, etc.\",\"breadcrumb\":{\"@id\":\"https:\/\/angatextiles.com\/tissus\/autre-coton-tisse\/voile-de-coton-de-nerida-hansen-london-floral-bleu-pale\/#breadcrumb\"},\"inLanguage\":\"en-CA\",\"potentialAction\":[{\"@type\":\"ReadAction\",\"target\":[\"https:\/\/angatextiles.com\/tissus\/autre-coton-tisse\/voile-de-coton-de-nerida-hansen-london-floral-bleu-pale\/\"]}]},{\"@type\":\"ImageObject\",\"inLanguage\":\"en-CA\",\"@id\":\"https:\/\/angatextiles.com\/tissus\/autre-coton-tisse\/voile-de-coton-de-nerida-hansen-london-floral-bleu-pale\/#primaryimage\",\"url\":\"https:\/\/angatextiles.com\/wp-content\/uploads\/2024\/01\/05009.003_mainimage.jpg\",\"contentUrl\":\"https:\/\/angatextiles.com\/wp-content\/uploads\/2024\/01\/05009.003_mainimage.jpg\",\"width\":1000,\"height\":1000,\"caption\":\"Voile de coton de N\u00e9rida Hansen London floral - Bleu p\u00e2le\"},{\"@type\":\"BreadcrumbList\",\"@id\":\"https:\/\/angatextiles.com\/tissus\/autre-coton-tisse\/voile-de-coton-de-nerida-hansen-london-floral-bleu-pale\/#breadcrumb\",\"itemListElement\":[{\"@type\":\"ListItem\",\"position\":1,\"name\":\"Accueil\",\"item\":\"https:\/\/angatextiles.com\/\"},{\"@type\":\"ListItem\",\"position\":2,\"name\":\"Tissus\",\"item\":\"https:\/\/angatextiles.com\/tissus\/\"},{\"@type\":\"ListItem\",\"position\":3,\"name\":\"Autre coton tiss\u00e9\",\"item\":\"https:\/\/angatextiles.com\/product-category\/autre-coton-tisse\/\"},{\"@type\":\"ListItem\",\"position\":4,\"name\":\"Voile de coton de N\u00e9rida Hansen London floral &#8211; Bleu p\u00e2le\"}]},{\"@type\":\"WebSite\",\"@id\":\"https:\/\/angatextiles.com\/#website\",\"url\":\"https:\/\/angatextiles.com\/\",\"name\":\"Anga Textiles\",\"description\":\"Boutique de tissus en ligne\",\"publisher\":{\"@id\":\"https:\/\/angatextiles.com\/#organization\"},\"potentialAction\":[{\"@type\":\"SearchAction\",\"target\":{\"@type\":\"EntryPoint\",\"urlTemplate\":\"https:\/\/angatextiles.com\/?s={search_term_string}\"},\"query-input\":{\"@type\":\"PropertyValueSpecification\",\"valueRequired\":true,\"valueName\":\"search_term_string\"}}],\"inLanguage\":\"en-CA\"},{\"@type\":\"Organization\",\"@id\":\"https:\/\/angatextiles.com\/#organization\",\"name\":\"Anga Textiles\",\"url\":\"https:\/\/angatextiles.com\/\",\"logo\":{\"@type\":\"ImageObject\",\"inLanguage\":\"en-CA\",\"@id\":\"https:\/\/angatextiles.com\/#\/schema\/logo\/image\/\",\"url\":\"https:\/\/angatextiles.com\/wp-content\/uploads\/2024\/03\/cropped-432615758_392499060370502_4636391169995674141_n.png\",\"contentUrl\":\"https:\/\/angatextiles.com\/wp-content\/uploads\/2024\/03\/cropped-432615758_392499060370502_4636391169995674141_n.png\",\"width\":566,\"height\":189,\"caption\":\"Anga Textiles\"},\"image\":{\"@id\":\"https:\/\/angatextiles.com\/#\/schema\/logo\/image\/\"},\"sameAs\":[\"https:\/\/facebook.com\/anga.textiles\",\"https:\/\/www.instagram.com\/anga_textiles\"]}]}<\/script>\n<!-- \/ Yoast SEO plugin. -->","yoast_head_json":{"title":"N\u00e9rida Hansen London Floral Cotton Voile - Pale Blue","description":"100% cotton % fabric. Voile with floral pattern. Imported from Europe and OEKO-TEX certified. Suitable for shirts, dresses, skirts, etc.","robots":{"index":"index","follow":"follow","max-snippet":"max-snippet:-1","max-image-preview":"max-image-preview:large","max-video-preview":"max-video-preview:-1"},"canonical":"https:\/\/angatextiles.com\/en\/tissus\/autre-coton-tisse\/voile-de-coton-de-nerida-hansen-london-floral-bleu-pale\/","og_locale":"en_US","og_type":"article","og_title":"Voile de coton de N\u00e9rida Hansen London floral - Bleu p\u00e2le","og_description":"Tissu 100 % coton. Voile au motif de fleurs. Import\u00e9 d'Europe et certifi\u00e9 OEKO-TEX. Convient pour les chemises, robes, jupes, etc.","og_url":"https:\/\/angatextiles.com\/en\/tissus\/autre-coton-tisse\/voile-de-coton-de-nerida-hansen-london-floral-bleu-pale\/","og_site_name":"Anga Textiles","article_publisher":"https:\/\/facebook.com\/anga.textiles","article_modified_time":"2025-07-09T12:03:23+00:00","og_image":[{"width":1000,"height":1000,"url":"https:\/\/angatextiles.com\/wp-content\/uploads\/2024\/01\/05009.003_mainimage.jpg","type":"image\/jpeg"}],"twitter_card":"summary_large_image","twitter_misc":{"Est. reading time":"1 minute"},"schema":{"@context":"https:\/\/schema.org","@graph":[{"@type":"WebPage","@id":"https:\/\/angatextiles.com\/tissus\/autre-coton-tisse\/voile-de-coton-de-nerida-hansen-london-floral-bleu-pale\/","url":"https:\/\/angatextiles.com\/tissus\/autre-coton-tisse\/voile-de-coton-de-nerida-hansen-london-floral-bleu-pale\/","name":"N\u00e9rida Hansen London Floral Cotton Voile - Pale Blue","isPartOf":{"@id":"https:\/\/angatextiles.com\/#website"},"primaryImageOfPage":{"@id":"https:\/\/angatextiles.com\/tissus\/autre-coton-tisse\/voile-de-coton-de-nerida-hansen-london-floral-bleu-pale\/#primaryimage"},"image":{"@id":"https:\/\/angatextiles.com\/tissus\/autre-coton-tisse\/voile-de-coton-de-nerida-hansen-london-floral-bleu-pale\/#primaryimage"},"thumbnailUrl":"https:\/\/angatextiles.com\/wp-content\/uploads\/2024\/01\/05009.003_mainimage.jpg","datePublished":"2024-01-28T00:34:31+00:00","dateModified":"2025-07-09T12:03:23+00:00","description":"100% cotton % fabric. Voile with floral pattern. Imported from Europe and OEKO-TEX certified. Suitable for shirts, dresses, skirts, etc.","breadcrumb":{"@id":"https:\/\/angatextiles.com\/tissus\/autre-coton-tisse\/voile-de-coton-de-nerida-hansen-london-floral-bleu-pale\/#breadcrumb"},"inLanguage":"en-CA","potentialAction":[{"@type":"ReadAction","target":["https:\/\/angatextiles.com\/tissus\/autre-coton-tisse\/voile-de-coton-de-nerida-hansen-london-floral-bleu-pale\/"]}]},{"@type":"ImageObject","inLanguage":"en-CA","@id":"https:\/\/angatextiles.com\/tissus\/autre-coton-tisse\/voile-de-coton-de-nerida-hansen-london-floral-bleu-pale\/#primaryimage","url":"https:\/\/angatextiles.com\/wp-content\/uploads\/2024\/01\/05009.003_mainimage.jpg","contentUrl":"https:\/\/angatextiles.com\/wp-content\/uploads\/2024\/01\/05009.003_mainimage.jpg","width":1000,"height":1000,"caption":"Voile de coton de N\u00e9rida Hansen London floral - Bleu p\u00e2le"},{"@type":"BreadcrumbList","@id":"https:\/\/angatextiles.com\/tissus\/autre-coton-tisse\/voile-de-coton-de-nerida-hansen-london-floral-bleu-pale\/#breadcrumb","itemListElement":[{"@type":"ListItem","position":1,"name":"Accueil","item":"https:\/\/angatextiles.com\/"},{"@type":"ListItem","position":2,"name":"Tissus","item":"https:\/\/angatextiles.com\/tissus\/"},{"@type":"ListItem","position":3,"name":"Autre coton tiss\u00e9","item":"https:\/\/angatextiles.com\/product-category\/autre-coton-tisse\/"},{"@type":"ListItem","position":4,"name":"Voile de coton de N\u00e9rida Hansen London floral &#8211; Bleu p\u00e2le"}]},{"@type":"WebSite","@id":"https:\/\/angatextiles.com\/#website","url":"https:\/\/angatextiles.com\/","name":"Anga Textiles","description":"Online fabric store","publisher":{"@id":"https:\/\/angatextiles.com\/#organization"},"potentialAction":[{"@type":"SearchAction","target":{"@type":"EntryPoint","urlTemplate":"https:\/\/angatextiles.com\/?s={search_term_string}"},"query-input":{"@type":"PropertyValueSpecification","valueRequired":true,"valueName":"search_term_string"}}],"inLanguage":"en-CA"},{"@type":"Organization","@id":"https:\/\/angatextiles.com\/#organization","name":"Anga Textiles","url":"https:\/\/angatextiles.com\/","logo":{"@type":"ImageObject","inLanguage":"en-CA","@id":"https:\/\/angatextiles.com\/#\/schema\/logo\/image\/","url":"https:\/\/angatextiles.com\/wp-content\/uploads\/2024\/03\/cropped-432615758_392499060370502_4636391169995674141_n.png","contentUrl":"https:\/\/angatextiles.com\/wp-content\/uploads\/2024\/03\/cropped-432615758_392499060370502_4636391169995674141_n.png","width":566,"height":189,"caption":"Anga Textiles"},"image":{"@id":"https:\/\/angatextiles.com\/#\/schema\/logo\/image\/"},"sameAs":["https:\/\/facebook.com\/anga.textiles","https:\/\/www.instagram.com\/anga_textiles"]}]}},"_links":{"self":[{"href":"https:\/\/angatextiles.com\/en\/wp-json\/wp\/v2\/product\/120","targetHints":{"allow":["GET"]}}],"collection":[{"href":"https:\/\/angatextiles.com\/en\/wp-json\/wp\/v2\/product"}],"about":[{"href":"https:\/\/angatextiles.com\/en\/wp-json\/wp\/v2\/types\/product"}],"wp:featuredmedia":[{"embeddable":true,"href":"https:\/\/angatextiles.com\/en\/wp-json\/wp\/v2\/media\/33"}],"wp:attachment":[{"href":"https:\/\/angatextiles.com\/en\/wp-json\/wp\/v2\/media?parent=120"}],"wp:term":[{"taxonomy":"product_brand","embeddable":true,"href":"https:\/\/angatextiles.com\/en\/wp-json\/wp\/v2\/product_brand?post=120"},{"taxonomy":"product_cat","embeddable":true,"href":"https:\/\/angatextiles.com\/en\/wp-json\/wp\/v2\/product_cat?post=120"},{"taxonomy":"product_tag","embeddable":true,"href":"https:\/\/angatextiles.com\/en\/wp-json\/wp\/v2\/product_tag?post=120"}],"curies":[{"name":"wp","href":"https:\/\/api.w.org\/{rel}","templated":true}]}}