{"id":114,"date":"2024-01-26T21:44:57","date_gmt":"2024-01-27T02:44:57","guid":{"rendered":"https:\/\/angatextiles.com\/?post_type=product&#038;p=114"},"modified":"2025-09-22T09:32:17","modified_gmt":"2025-09-22T13:32:17","slug":"ikat-sable","status":"publish","type":"product","link":"https:\/\/angatextiles.com\/en\/tissus\/autre-coton-tisse\/ikat-sable\/","title":{"rendered":"Ikat \u2013 Sand"},"content":{"rendered":"<p style=\"padding-left: 40px;\"><strong>Ikat \u2013 Sand<\/strong><\/p>\n<p style=\"padding-left: 40px;\"><strong>Width<\/strong>: 137cm<br \/>\n<strong>Weight<\/strong>: 120 gm (light weight)<br \/>\n<strong>Composition<\/strong>: 100% cotton<br \/>\n<ins datetime=\"2024-02-23T18:57:53+00:00\"><strong>Interview: <\/strong>Machine wash separately at 30\u00b0C<br \/>\n<b>Narrowing:<\/b> 3%<br \/>\n<strong>Origin:<\/strong> India<\/ins><\/p>","protected":false},"excerpt":{"rendered":"<p>Price per half meter;<br \/>\n1 = 1\/2 meter, 2 = 1 meter<\/p>\n<p>Ikat is an ancestral weaving technique where the threads are dyed before being woven. A summer fabric with an exotic look.<\/p>\n<p><strong>Suitable for:<\/strong> Airy top, dress and loose pants<\/p>\n<p>&nbsp;<\/p>","protected":false},"featured_media":30,"template":"","meta":{"site-sidebar-layout":"default","site-content-layout":"","ast-site-content-layout":"default","site-content-style":"default","site-sidebar-style":"default","ast-global-header-display":"","ast-banner-title-visibility":"","ast-main-header-display":"","ast-hfb-above-header-display":"","ast-hfb-below-header-display":"","ast-hfb-mobile-header-display":"","site-post-title":"","ast-breadcrumbs-content":"","ast-featured-img":"","footer-sml-layout":"","ast-disable-related-posts":"","theme-transparent-header-meta":"default","adv-header-id-meta":"","stick-header-meta":"","header-above-stick-meta":"","header-main-stick-meta":"","header-below-stick-meta":"","astra-migrate-meta-layouts":"set","ast-page-background-enabled":"default","ast-page-background-meta":{"desktop":{"background-color":"var(--ast-global-color-4)","background-image":"","background-repeat":"repeat","background-position":"center center","background-size":"auto","background-attachment":"scroll","background-type":"","background-media":"","overlay-type":"","overlay-color":"","overlay-opacity":"","overlay-gradient":""},"tablet":{"background-color":"","background-image":"","background-repeat":"repeat","background-position":"center center","background-size":"auto","background-attachment":"scroll","background-type":"","background-media":"","overlay-type":"","overlay-color":"","overlay-opacity":"","overlay-gradient":""},"mobile":{"background-color":"","background-image":"","background-repeat":"repeat","background-position":"center center","background-size":"auto","background-attachment":"scroll","background-type":"","background-media":"","overlay-type":"","overlay-color":"","overlay-opacity":"","overlay-gradient":""}},"ast-content-background-meta":{"desktop":{"background-color":"var(--ast-global-color-5)","background-image":"","background-repeat":"repeat","background-position":"center center","background-size":"auto","background-attachment":"scroll","background-type":"","background-media":"","overlay-type":"","overlay-color":"","overlay-opacity":"","overlay-gradient":""},"tablet":{"background-color":"var(--ast-global-color-5)","background-image":"","background-repeat":"repeat","background-position":"center center","background-size":"auto","background-attachment":"scroll","background-type":"","background-media":"","overlay-type":"","overlay-color":"","overlay-opacity":"","overlay-gradient":""},"mobile":{"background-color":"var(--ast-global-color-5)","background-image":"","background-repeat":"repeat","background-position":"center center","background-size":"auto","background-attachment":"scroll","background-type":"","background-media":"","overlay-type":"","overlay-color":"","overlay-opacity":"","overlay-gradient":""}}},"product_brand":[],"product_cat":[22],"product_tag":[32],"class_list":{"0":"post-114","1":"product","2":"type-product","3":"status-publish","4":"has-post-thumbnail","6":"product_cat-autre-coton-tisse","7":"product_tag-solde","8":"desktop-align-left","9":"tablet-align-left","10":"mobile-align-left","12":"first","13":"instock","14":"sale","15":"featured","16":"taxable","17":"shipping-taxable","18":"purchasable","19":"product-type-simple"},"yoast_head":"<!-- This site is optimized with the Yoast SEO plugin v27.1.1 - https:\/\/yoast.com\/product\/yoast-seo-wordpress\/ -->\n<title>Ikat - Sable<\/title>\n<meta name=\"description\" content=\"Tissu ikat couleur sable et orange. Import\u00e9 d&#039;Inde. Convient pour les hauts a\u00e9r\u00e9s, robes et pantalons amples.\" \/>\n<meta name=\"robots\" content=\"index, follow, max-snippet:-1, max-image-preview:large, max-video-preview:-1\" \/>\n<link rel=\"canonical\" href=\"https:\/\/angatextiles.com\/en\/tissus\/autre-coton-tisse\/ikat-sable\/\" \/>\n<meta property=\"og:locale\" content=\"en_US\" \/>\n<meta property=\"og:type\" content=\"article\" \/>\n<meta property=\"og:title\" content=\"Ikat - Sable\" \/>\n<meta property=\"og:description\" content=\"Tissu ikat couleur sable et orange. Import\u00e9 d&#039;Inde. Convient pour les hauts a\u00e9r\u00e9s, robes et pantalons amples.\" \/>\n<meta property=\"og:url\" content=\"https:\/\/angatextiles.com\/en\/tissus\/autre-coton-tisse\/ikat-sable\/\" \/>\n<meta property=\"og:site_name\" content=\"Anga Textiles\" \/>\n<meta property=\"article:publisher\" content=\"https:\/\/facebook.com\/anga.textiles\" \/>\n<meta property=\"article:modified_time\" content=\"2025-09-22T13:32:17+00:00\" \/>\n<meta property=\"og:image\" content=\"https:\/\/angatextiles.com\/wp-content\/uploads\/2024\/01\/04590.002_mainimage.jpg\" \/>\n\t<meta property=\"og:image:width\" content=\"1000\" \/>\n\t<meta property=\"og:image:height\" content=\"1000\" \/>\n\t<meta property=\"og:image:type\" content=\"image\/jpeg\" \/>\n<meta name=\"twitter:card\" content=\"summary_large_image\" \/>\n<meta name=\"twitter:label1\" content=\"Est. reading time\" \/>\n\t<meta name=\"twitter:data1\" content=\"1 minute\" \/>\n<script type=\"application\/ld+json\" class=\"yoast-schema-graph\">{\"@context\":\"https:\/\/schema.org\",\"@graph\":[{\"@type\":\"WebPage\",\"@id\":\"https:\/\/angatextiles.com\/tissus\/autre-coton-tisse\/ikat-sable\/\",\"url\":\"https:\/\/angatextiles.com\/tissus\/autre-coton-tisse\/ikat-sable\/\",\"name\":\"Ikat - Sable\",\"isPartOf\":{\"@id\":\"https:\/\/angatextiles.com\/#website\"},\"primaryImageOfPage\":{\"@id\":\"https:\/\/angatextiles.com\/tissus\/autre-coton-tisse\/ikat-sable\/#primaryimage\"},\"image\":{\"@id\":\"https:\/\/angatextiles.com\/tissus\/autre-coton-tisse\/ikat-sable\/#primaryimage\"},\"thumbnailUrl\":\"https:\/\/angatextiles.com\/wp-content\/uploads\/2024\/01\/04590.002_mainimage.jpg\",\"datePublished\":\"2024-01-27T02:44:57+00:00\",\"dateModified\":\"2025-09-22T13:32:17+00:00\",\"description\":\"Tissu ikat couleur sable et orange. Import\u00e9 d'Inde. Convient pour les hauts a\u00e9r\u00e9s, robes et pantalons amples.\",\"breadcrumb\":{\"@id\":\"https:\/\/angatextiles.com\/tissus\/autre-coton-tisse\/ikat-sable\/#breadcrumb\"},\"inLanguage\":\"en-CA\",\"potentialAction\":[{\"@type\":\"ReadAction\",\"target\":[\"https:\/\/angatextiles.com\/tissus\/autre-coton-tisse\/ikat-sable\/\"]}]},{\"@type\":\"ImageObject\",\"inLanguage\":\"en-CA\",\"@id\":\"https:\/\/angatextiles.com\/tissus\/autre-coton-tisse\/ikat-sable\/#primaryimage\",\"url\":\"https:\/\/angatextiles.com\/wp-content\/uploads\/2024\/01\/04590.002_mainimage.jpg\",\"contentUrl\":\"https:\/\/angatextiles.com\/wp-content\/uploads\/2024\/01\/04590.002_mainimage.jpg\",\"width\":1000,\"height\":1000,\"caption\":\"Ikat- Sable\"},{\"@type\":\"BreadcrumbList\",\"@id\":\"https:\/\/angatextiles.com\/tissus\/autre-coton-tisse\/ikat-sable\/#breadcrumb\",\"itemListElement\":[{\"@type\":\"ListItem\",\"position\":1,\"name\":\"Accueil\",\"item\":\"https:\/\/angatextiles.com\/\"},{\"@type\":\"ListItem\",\"position\":2,\"name\":\"Tissus\",\"item\":\"https:\/\/angatextiles.com\/tissus\/\"},{\"@type\":\"ListItem\",\"position\":3,\"name\":\"Autre coton tiss\u00e9\",\"item\":\"https:\/\/angatextiles.com\/product-category\/autre-coton-tisse\/\"},{\"@type\":\"ListItem\",\"position\":4,\"name\":\"Ikat &#8211; Sable\"}]},{\"@type\":\"WebSite\",\"@id\":\"https:\/\/angatextiles.com\/#website\",\"url\":\"https:\/\/angatextiles.com\/\",\"name\":\"Anga Textiles\",\"description\":\"Boutique de tissus en ligne\",\"publisher\":{\"@id\":\"https:\/\/angatextiles.com\/#organization\"},\"potentialAction\":[{\"@type\":\"SearchAction\",\"target\":{\"@type\":\"EntryPoint\",\"urlTemplate\":\"https:\/\/angatextiles.com\/?s={search_term_string}\"},\"query-input\":{\"@type\":\"PropertyValueSpecification\",\"valueRequired\":true,\"valueName\":\"search_term_string\"}}],\"inLanguage\":\"en-CA\"},{\"@type\":\"Organization\",\"@id\":\"https:\/\/angatextiles.com\/#organization\",\"name\":\"Anga Textiles\",\"url\":\"https:\/\/angatextiles.com\/\",\"logo\":{\"@type\":\"ImageObject\",\"inLanguage\":\"en-CA\",\"@id\":\"https:\/\/angatextiles.com\/#\/schema\/logo\/image\/\",\"url\":\"https:\/\/angatextiles.com\/wp-content\/uploads\/2024\/03\/cropped-432615758_392499060370502_4636391169995674141_n.png\",\"contentUrl\":\"https:\/\/angatextiles.com\/wp-content\/uploads\/2024\/03\/cropped-432615758_392499060370502_4636391169995674141_n.png\",\"width\":566,\"height\":189,\"caption\":\"Anga Textiles\"},\"image\":{\"@id\":\"https:\/\/angatextiles.com\/#\/schema\/logo\/image\/\"},\"sameAs\":[\"https:\/\/facebook.com\/anga.textiles\",\"https:\/\/www.instagram.com\/anga_textiles\"]}]}<\/script>\n<!-- \/ Yoast SEO plugin. -->","yoast_head_json":{"title":"Ikat - Sand","description":"Sand and orange ikat fabric. Imported from India. Suitable for airy tops, dresses, and loose-fitting pants.","robots":{"index":"index","follow":"follow","max-snippet":"max-snippet:-1","max-image-preview":"max-image-preview:large","max-video-preview":"max-video-preview:-1"},"canonical":"https:\/\/angatextiles.com\/en\/tissus\/autre-coton-tisse\/ikat-sable\/","og_locale":"en_US","og_type":"article","og_title":"Ikat - Sable","og_description":"Tissu ikat couleur sable et orange. Import\u00e9 d'Inde. Convient pour les hauts a\u00e9r\u00e9s, robes et pantalons amples.","og_url":"https:\/\/angatextiles.com\/en\/tissus\/autre-coton-tisse\/ikat-sable\/","og_site_name":"Anga Textiles","article_publisher":"https:\/\/facebook.com\/anga.textiles","article_modified_time":"2025-09-22T13:32:17+00:00","og_image":[{"width":1000,"height":1000,"url":"https:\/\/angatextiles.com\/wp-content\/uploads\/2024\/01\/04590.002_mainimage.jpg","type":"image\/jpeg"}],"twitter_card":"summary_large_image","twitter_misc":{"Est. reading time":"1 minute"},"schema":{"@context":"https:\/\/schema.org","@graph":[{"@type":"WebPage","@id":"https:\/\/angatextiles.com\/tissus\/autre-coton-tisse\/ikat-sable\/","url":"https:\/\/angatextiles.com\/tissus\/autre-coton-tisse\/ikat-sable\/","name":"Ikat - Sand","isPartOf":{"@id":"https:\/\/angatextiles.com\/#website"},"primaryImageOfPage":{"@id":"https:\/\/angatextiles.com\/tissus\/autre-coton-tisse\/ikat-sable\/#primaryimage"},"image":{"@id":"https:\/\/angatextiles.com\/tissus\/autre-coton-tisse\/ikat-sable\/#primaryimage"},"thumbnailUrl":"https:\/\/angatextiles.com\/wp-content\/uploads\/2024\/01\/04590.002_mainimage.jpg","datePublished":"2024-01-27T02:44:57+00:00","dateModified":"2025-09-22T13:32:17+00:00","description":"Sand and orange ikat fabric. Imported from India. Suitable for airy tops, dresses, and loose-fitting pants.","breadcrumb":{"@id":"https:\/\/angatextiles.com\/tissus\/autre-coton-tisse\/ikat-sable\/#breadcrumb"},"inLanguage":"en-CA","potentialAction":[{"@type":"ReadAction","target":["https:\/\/angatextiles.com\/tissus\/autre-coton-tisse\/ikat-sable\/"]}]},{"@type":"ImageObject","inLanguage":"en-CA","@id":"https:\/\/angatextiles.com\/tissus\/autre-coton-tisse\/ikat-sable\/#primaryimage","url":"https:\/\/angatextiles.com\/wp-content\/uploads\/2024\/01\/04590.002_mainimage.jpg","contentUrl":"https:\/\/angatextiles.com\/wp-content\/uploads\/2024\/01\/04590.002_mainimage.jpg","width":1000,"height":1000,"caption":"Ikat- Sable"},{"@type":"BreadcrumbList","@id":"https:\/\/angatextiles.com\/tissus\/autre-coton-tisse\/ikat-sable\/#breadcrumb","itemListElement":[{"@type":"ListItem","position":1,"name":"Accueil","item":"https:\/\/angatextiles.com\/"},{"@type":"ListItem","position":2,"name":"Tissus","item":"https:\/\/angatextiles.com\/tissus\/"},{"@type":"ListItem","position":3,"name":"Autre coton tiss\u00e9","item":"https:\/\/angatextiles.com\/product-category\/autre-coton-tisse\/"},{"@type":"ListItem","position":4,"name":"Ikat &#8211; Sable"}]},{"@type":"WebSite","@id":"https:\/\/angatextiles.com\/#website","url":"https:\/\/angatextiles.com\/","name":"Anga Textiles","description":"Online fabric store","publisher":{"@id":"https:\/\/angatextiles.com\/#organization"},"potentialAction":[{"@type":"SearchAction","target":{"@type":"EntryPoint","urlTemplate":"https:\/\/angatextiles.com\/?s={search_term_string}"},"query-input":{"@type":"PropertyValueSpecification","valueRequired":true,"valueName":"search_term_string"}}],"inLanguage":"en-CA"},{"@type":"Organization","@id":"https:\/\/angatextiles.com\/#organization","name":"Anga Textiles","url":"https:\/\/angatextiles.com\/","logo":{"@type":"ImageObject","inLanguage":"en-CA","@id":"https:\/\/angatextiles.com\/#\/schema\/logo\/image\/","url":"https:\/\/angatextiles.com\/wp-content\/uploads\/2024\/03\/cropped-432615758_392499060370502_4636391169995674141_n.png","contentUrl":"https:\/\/angatextiles.com\/wp-content\/uploads\/2024\/03\/cropped-432615758_392499060370502_4636391169995674141_n.png","width":566,"height":189,"caption":"Anga Textiles"},"image":{"@id":"https:\/\/angatextiles.com\/#\/schema\/logo\/image\/"},"sameAs":["https:\/\/facebook.com\/anga.textiles","https:\/\/www.instagram.com\/anga_textiles"]}]}},"_links":{"self":[{"href":"https:\/\/angatextiles.com\/en\/wp-json\/wp\/v2\/product\/114","targetHints":{"allow":["GET"]}}],"collection":[{"href":"https:\/\/angatextiles.com\/en\/wp-json\/wp\/v2\/product"}],"about":[{"href":"https:\/\/angatextiles.com\/en\/wp-json\/wp\/v2\/types\/product"}],"wp:featuredmedia":[{"embeddable":true,"href":"https:\/\/angatextiles.com\/en\/wp-json\/wp\/v2\/media\/30"}],"wp:attachment":[{"href":"https:\/\/angatextiles.com\/en\/wp-json\/wp\/v2\/media?parent=114"}],"wp:term":[{"taxonomy":"product_brand","embeddable":true,"href":"https:\/\/angatextiles.com\/en\/wp-json\/wp\/v2\/product_brand?post=114"},{"taxonomy":"product_cat","embeddable":true,"href":"https:\/\/angatextiles.com\/en\/wp-json\/wp\/v2\/product_cat?post=114"},{"taxonomy":"product_tag","embeddable":true,"href":"https:\/\/angatextiles.com\/en\/wp-json\/wp\/v2\/product_tag?post=114"}],"curies":[{"name":"wp","href":"https:\/\/api.w.org\/{rel}","templated":true}]}}