{"id":1069,"date":"2024-03-22T14:55:51","date_gmt":"2024-03-22T18:55:51","guid":{"rendered":"https:\/\/angatextiles.com\/?post_type=product&#038;p=1069"},"modified":"2025-09-08T14:06:26","modified_gmt":"2025-09-08T18:06:26","slug":"french-terry-glands-de-chene-prune","status":"publish","type":"product","link":"https:\/\/angatextiles.com\/en\/tissus\/french-terry\/french-terry-a-motif\/french-terry-glands-de-chene-prune\/","title":{"rendered":"French Terry oak acorns \u2013 Plum"},"content":{"rendered":"<p style=\"padding-left: 40px;\"><strong>French Terry oak acorns \u2013 Plum<\/strong><\/p>\n<p style=\"padding-left: 40px;\"><strong>Width<\/strong>: 145cm<br \/>\n<strong>Weight<\/strong>: 240 gm (average weight)<br \/>\n<strong>Composition<\/strong>: 95% cotton, 5% elastane, OEKO-TEX standard 100 certified<br \/>\n<strong>Interview: <\/strong>Machine wash separately at 30\u00b0C<br \/>\n<b>Narrowing:<\/b> 5%<br \/>\n<strong>Origin:<\/strong> Imported from Europe<\/p>","protected":false},"excerpt":{"rendered":"<p>Price per half meter;<br \/>\n1 = 1\/2 meter, 2 = 1 meter<\/p>\n<p><strong>** Clearance. I personally love this pattern, but the printing is not optimal. It is an old type of digital printing that I do not find durable over time. It fades quickly with washing, which is why I am selling it at this price.<\/strong><\/p>\n<p><strong>Exclusive collection<\/strong>, imported from Europe and printed on OEKO-TEX certified fabric.<\/p>\n<p><strong>Suitable for<\/strong>: children&#039;s clothing, sweaters, leggings, dresses, etc.<\/p>\n<p><strong>Coordinated fabrics<\/strong> :<\/p>\n<p style=\"padding-left: 40px;\">Checkerboard French Terry \u2013 Green:<a href=\"https:\/\/angatextiles.com\/en\/tissus\/collections\/collection-motif-exclusif\/french-terry-damier-vert\/\">Checkerboard French Terry \u2013 Green<\/a><\/p>\n<p style=\"padding-left: 40px;\">Checkerboard jersey \u2013 Sulphide: <a href=\"https:\/\/angatextiles.com\/en\/tissus\/collections\/collection-motif-exclusif\/jersey-damier-sulfure\/\">Checkerboard jersey \u2013 Sulfur<\/a><\/p>","protected":false},"featured_media":1222,"template":"","meta":{"site-sidebar-layout":"default","site-content-layout":"","ast-site-content-layout":"default","site-content-style":"default","site-sidebar-style":"default","ast-global-header-display":"","ast-banner-title-visibility":"","ast-main-header-display":"","ast-hfb-above-header-display":"","ast-hfb-below-header-display":"","ast-hfb-mobile-header-display":"","site-post-title":"","ast-breadcrumbs-content":"","ast-featured-img":"","footer-sml-layout":"","ast-disable-related-posts":"","theme-transparent-header-meta":"default","adv-header-id-meta":"","stick-header-meta":"","header-above-stick-meta":"","header-main-stick-meta":"","header-below-stick-meta":"","astra-migrate-meta-layouts":"set","ast-page-background-enabled":"default","ast-page-background-meta":{"desktop":{"background-color":"var(--ast-global-color-4)","background-image":"","background-repeat":"repeat","background-position":"center center","background-size":"auto","background-attachment":"scroll","background-type":"","background-media":"","overlay-type":"","overlay-color":"","overlay-opacity":"","overlay-gradient":""},"tablet":{"background-color":"","background-image":"","background-repeat":"repeat","background-position":"center center","background-size":"auto","background-attachment":"scroll","background-type":"","background-media":"","overlay-type":"","overlay-color":"","overlay-opacity":"","overlay-gradient":""},"mobile":{"background-color":"","background-image":"","background-repeat":"repeat","background-position":"center center","background-size":"auto","background-attachment":"scroll","background-type":"","background-media":"","overlay-type":"","overlay-color":"","overlay-opacity":"","overlay-gradient":""}},"ast-content-background-meta":{"desktop":{"background-color":"var(--ast-global-color-5)","background-image":"","background-repeat":"repeat","background-position":"center center","background-size":"auto","background-attachment":"scroll","background-type":"","background-media":"","overlay-type":"","overlay-color":"","overlay-opacity":"","overlay-gradient":""},"tablet":{"background-color":"var(--ast-global-color-5)","background-image":"","background-repeat":"repeat","background-position":"center center","background-size":"auto","background-attachment":"scroll","background-type":"","background-media":"","overlay-type":"","overlay-color":"","overlay-opacity":"","overlay-gradient":""},"mobile":{"background-color":"var(--ast-global-color-5)","background-image":"","background-repeat":"repeat","background-position":"center center","background-size":"auto","background-attachment":"scroll","background-type":"","background-media":"","overlay-type":"","overlay-color":"","overlay-opacity":"","overlay-gradient":""}}},"product_brand":[],"product_cat":[46],"product_tag":[32],"class_list":{"0":"post-1069","1":"product","2":"type-product","3":"status-publish","4":"has-post-thumbnail","6":"product_cat-french-terry-a-motif","7":"product_tag-solde","8":"desktop-align-left","9":"tablet-align-left","10":"mobile-align-left","12":"first","13":"instock","14":"sale","15":"taxable","16":"shipping-taxable","17":"purchasable","18":"product-type-simple"},"yoast_head":"<!-- This site is optimized with the Yoast SEO plugin v27.1.1 - https:\/\/yoast.com\/product\/yoast-seo-wordpress\/ -->\n<title>French Terry glands de ch\u00eane - Prune<\/title>\n<meta name=\"description\" content=\"French terry de coton. Motif de glands de ch\u00eane couleur prune. Import\u00e9 d&#039;Europe et certifi\u00e9 OEKO-TEX. Parfait pour des pantalons, robes, legging, etc\" \/>\n<meta name=\"robots\" content=\"index, follow, max-snippet:-1, max-image-preview:large, max-video-preview:-1\" \/>\n<link rel=\"canonical\" href=\"https:\/\/angatextiles.com\/en\/tissus\/french-terry\/french-terry-a-motif\/french-terry-glands-de-chene-prune\/\" \/>\n<meta property=\"og:locale\" content=\"en_US\" \/>\n<meta property=\"og:type\" content=\"article\" \/>\n<meta property=\"og:title\" content=\"French Terry glands de ch\u00eane - Prune\" \/>\n<meta property=\"og:description\" content=\"French terry de coton. Motif de glands de ch\u00eane couleur prune. Import\u00e9 d&#039;Europe et certifi\u00e9 OEKO-TEX. Parfait pour des pantalons, robes, legging, etc\" \/>\n<meta property=\"og:url\" content=\"https:\/\/angatextiles.com\/en\/tissus\/french-terry\/french-terry-a-motif\/french-terry-glands-de-chene-prune\/\" \/>\n<meta property=\"og:site_name\" content=\"Anga Textiles\" \/>\n<meta property=\"article:publisher\" content=\"https:\/\/facebook.com\/anga.textiles\" \/>\n<meta property=\"article:modified_time\" content=\"2025-09-08T18:06:26+00:00\" \/>\n<meta property=\"og:image\" content=\"https:\/\/angatextiles.com\/wp-content\/uploads\/2024\/03\/glands-mauve-ptit.jpg\" \/>\n\t<meta property=\"og:image:width\" content=\"1772\" \/>\n\t<meta property=\"og:image:height\" content=\"1772\" \/>\n\t<meta property=\"og:image:type\" content=\"image\/jpeg\" \/>\n<meta name=\"twitter:card\" content=\"summary_large_image\" \/>\n<meta name=\"twitter:label1\" content=\"Est. reading time\" \/>\n\t<meta name=\"twitter:data1\" content=\"1 minute\" \/>\n<script type=\"application\/ld+json\" class=\"yoast-schema-graph\">{\"@context\":\"https:\/\/schema.org\",\"@graph\":[{\"@type\":\"WebPage\",\"@id\":\"https:\/\/angatextiles.com\/tissus\/french-terry\/french-terry-a-motif\/french-terry-glands-de-chene-prune\/\",\"url\":\"https:\/\/angatextiles.com\/tissus\/french-terry\/french-terry-a-motif\/french-terry-glands-de-chene-prune\/\",\"name\":\"French Terry glands de ch\u00eane - Prune\",\"isPartOf\":{\"@id\":\"https:\/\/angatextiles.com\/#website\"},\"primaryImageOfPage\":{\"@id\":\"https:\/\/angatextiles.com\/tissus\/french-terry\/french-terry-a-motif\/french-terry-glands-de-chene-prune\/#primaryimage\"},\"image\":{\"@id\":\"https:\/\/angatextiles.com\/tissus\/french-terry\/french-terry-a-motif\/french-terry-glands-de-chene-prune\/#primaryimage\"},\"thumbnailUrl\":\"https:\/\/angatextiles.com\/wp-content\/uploads\/2024\/03\/glands-mauve-ptit.jpg?v=1739811206\",\"datePublished\":\"2024-03-22T18:55:51+00:00\",\"dateModified\":\"2025-09-08T18:06:26+00:00\",\"description\":\"French terry de coton. Motif de glands de ch\u00eane couleur prune. Import\u00e9 d'Europe et certifi\u00e9 OEKO-TEX. Parfait pour des pantalons, robes, legging, etc\",\"breadcrumb\":{\"@id\":\"https:\/\/angatextiles.com\/tissus\/french-terry\/french-terry-a-motif\/french-terry-glands-de-chene-prune\/#breadcrumb\"},\"inLanguage\":\"en-CA\",\"potentialAction\":[{\"@type\":\"ReadAction\",\"target\":[\"https:\/\/angatextiles.com\/tissus\/french-terry\/french-terry-a-motif\/french-terry-glands-de-chene-prune\/\"]}]},{\"@type\":\"ImageObject\",\"inLanguage\":\"en-CA\",\"@id\":\"https:\/\/angatextiles.com\/tissus\/french-terry\/french-terry-a-motif\/french-terry-glands-de-chene-prune\/#primaryimage\",\"url\":\"https:\/\/angatextiles.com\/wp-content\/uploads\/2024\/03\/glands-mauve-ptit.jpg?v=1739811206\",\"contentUrl\":\"https:\/\/angatextiles.com\/wp-content\/uploads\/2024\/03\/glands-mauve-ptit.jpg?v=1739811206\",\"width\":1772,\"height\":1772,\"caption\":\"French Terry Glands de ch\u00eane - Prune\"},{\"@type\":\"BreadcrumbList\",\"@id\":\"https:\/\/angatextiles.com\/tissus\/french-terry\/french-terry-a-motif\/french-terry-glands-de-chene-prune\/#breadcrumb\",\"itemListElement\":[{\"@type\":\"ListItem\",\"position\":1,\"name\":\"Accueil\",\"item\":\"https:\/\/angatextiles.com\/\"},{\"@type\":\"ListItem\",\"position\":2,\"name\":\"Tissus\",\"item\":\"https:\/\/angatextiles.com\/tissus\/\"},{\"@type\":\"ListItem\",\"position\":3,\"name\":\"French Terry\",\"item\":\"https:\/\/angatextiles.com\/product-category\/french-terry\/\"},{\"@type\":\"ListItem\",\"position\":4,\"name\":\"French Terry \u00e0 motif\",\"item\":\"https:\/\/angatextiles.com\/product-category\/french-terry\/french-terry-a-motif\/\"},{\"@type\":\"ListItem\",\"position\":5,\"name\":\"French Terry glands de ch\u00eane &#8211; Prune\"}]},{\"@type\":\"WebSite\",\"@id\":\"https:\/\/angatextiles.com\/#website\",\"url\":\"https:\/\/angatextiles.com\/\",\"name\":\"Anga Textiles\",\"description\":\"Boutique de tissus en ligne\",\"publisher\":{\"@id\":\"https:\/\/angatextiles.com\/#organization\"},\"potentialAction\":[{\"@type\":\"SearchAction\",\"target\":{\"@type\":\"EntryPoint\",\"urlTemplate\":\"https:\/\/angatextiles.com\/?s={search_term_string}\"},\"query-input\":{\"@type\":\"PropertyValueSpecification\",\"valueRequired\":true,\"valueName\":\"search_term_string\"}}],\"inLanguage\":\"en-CA\"},{\"@type\":\"Organization\",\"@id\":\"https:\/\/angatextiles.com\/#organization\",\"name\":\"Anga Textiles\",\"url\":\"https:\/\/angatextiles.com\/\",\"logo\":{\"@type\":\"ImageObject\",\"inLanguage\":\"en-CA\",\"@id\":\"https:\/\/angatextiles.com\/#\/schema\/logo\/image\/\",\"url\":\"https:\/\/angatextiles.com\/wp-content\/uploads\/2024\/03\/cropped-432615758_392499060370502_4636391169995674141_n.png\",\"contentUrl\":\"https:\/\/angatextiles.com\/wp-content\/uploads\/2024\/03\/cropped-432615758_392499060370502_4636391169995674141_n.png\",\"width\":566,\"height\":189,\"caption\":\"Anga Textiles\"},\"image\":{\"@id\":\"https:\/\/angatextiles.com\/#\/schema\/logo\/image\/\"},\"sameAs\":[\"https:\/\/facebook.com\/anga.textiles\",\"https:\/\/www.instagram.com\/anga_textiles\"]}]}<\/script>\n<!-- \/ Yoast SEO plugin. -->","yoast_head_json":{"title":"French Terry oak acorns - Plum","description":"Cotton French terry. Plum-colored oak acorn pattern. Imported from Europe and OEKO-TEX certified. Perfect for pants, dresses, leggings, etc.","robots":{"index":"index","follow":"follow","max-snippet":"max-snippet:-1","max-image-preview":"max-image-preview:large","max-video-preview":"max-video-preview:-1"},"canonical":"https:\/\/angatextiles.com\/en\/tissus\/french-terry\/french-terry-a-motif\/french-terry-glands-de-chene-prune\/","og_locale":"en_US","og_type":"article","og_title":"French Terry glands de ch\u00eane - Prune","og_description":"French terry de coton. Motif de glands de ch\u00eane couleur prune. Import\u00e9 d'Europe et certifi\u00e9 OEKO-TEX. Parfait pour des pantalons, robes, legging, etc","og_url":"https:\/\/angatextiles.com\/en\/tissus\/french-terry\/french-terry-a-motif\/french-terry-glands-de-chene-prune\/","og_site_name":"Anga Textiles","article_publisher":"https:\/\/facebook.com\/anga.textiles","article_modified_time":"2025-09-08T18:06:26+00:00","og_image":[{"width":1772,"height":1772,"url":"https:\/\/angatextiles.com\/wp-content\/uploads\/2024\/03\/glands-mauve-ptit.jpg","type":"image\/jpeg"}],"twitter_card":"summary_large_image","twitter_misc":{"Est. reading time":"1 minute"},"schema":{"@context":"https:\/\/schema.org","@graph":[{"@type":"WebPage","@id":"https:\/\/angatextiles.com\/tissus\/french-terry\/french-terry-a-motif\/french-terry-glands-de-chene-prune\/","url":"https:\/\/angatextiles.com\/tissus\/french-terry\/french-terry-a-motif\/french-terry-glands-de-chene-prune\/","name":"French Terry oak acorns - Plum","isPartOf":{"@id":"https:\/\/angatextiles.com\/#website"},"primaryImageOfPage":{"@id":"https:\/\/angatextiles.com\/tissus\/french-terry\/french-terry-a-motif\/french-terry-glands-de-chene-prune\/#primaryimage"},"image":{"@id":"https:\/\/angatextiles.com\/tissus\/french-terry\/french-terry-a-motif\/french-terry-glands-de-chene-prune\/#primaryimage"},"thumbnailUrl":"https:\/\/angatextiles.com\/wp-content\/uploads\/2024\/03\/glands-mauve-ptit.jpg?v=1739811206","datePublished":"2024-03-22T18:55:51+00:00","dateModified":"2025-09-08T18:06:26+00:00","description":"Cotton French terry. Plum-colored oak acorn pattern. Imported from Europe and OEKO-TEX certified. Perfect for pants, dresses, leggings, etc.","breadcrumb":{"@id":"https:\/\/angatextiles.com\/tissus\/french-terry\/french-terry-a-motif\/french-terry-glands-de-chene-prune\/#breadcrumb"},"inLanguage":"en-CA","potentialAction":[{"@type":"ReadAction","target":["https:\/\/angatextiles.com\/tissus\/french-terry\/french-terry-a-motif\/french-terry-glands-de-chene-prune\/"]}]},{"@type":"ImageObject","inLanguage":"en-CA","@id":"https:\/\/angatextiles.com\/tissus\/french-terry\/french-terry-a-motif\/french-terry-glands-de-chene-prune\/#primaryimage","url":"https:\/\/angatextiles.com\/wp-content\/uploads\/2024\/03\/glands-mauve-ptit.jpg?v=1739811206","contentUrl":"https:\/\/angatextiles.com\/wp-content\/uploads\/2024\/03\/glands-mauve-ptit.jpg?v=1739811206","width":1772,"height":1772,"caption":"French Terry Glands de ch\u00eane - Prune"},{"@type":"BreadcrumbList","@id":"https:\/\/angatextiles.com\/tissus\/french-terry\/french-terry-a-motif\/french-terry-glands-de-chene-prune\/#breadcrumb","itemListElement":[{"@type":"ListItem","position":1,"name":"Accueil","item":"https:\/\/angatextiles.com\/"},{"@type":"ListItem","position":2,"name":"Tissus","item":"https:\/\/angatextiles.com\/tissus\/"},{"@type":"ListItem","position":3,"name":"French Terry","item":"https:\/\/angatextiles.com\/product-category\/french-terry\/"},{"@type":"ListItem","position":4,"name":"French Terry \u00e0 motif","item":"https:\/\/angatextiles.com\/product-category\/french-terry\/french-terry-a-motif\/"},{"@type":"ListItem","position":5,"name":"French Terry glands de ch\u00eane &#8211; Prune"}]},{"@type":"WebSite","@id":"https:\/\/angatextiles.com\/#website","url":"https:\/\/angatextiles.com\/","name":"Anga Textiles","description":"Online fabric store","publisher":{"@id":"https:\/\/angatextiles.com\/#organization"},"potentialAction":[{"@type":"SearchAction","target":{"@type":"EntryPoint","urlTemplate":"https:\/\/angatextiles.com\/?s={search_term_string}"},"query-input":{"@type":"PropertyValueSpecification","valueRequired":true,"valueName":"search_term_string"}}],"inLanguage":"en-CA"},{"@type":"Organization","@id":"https:\/\/angatextiles.com\/#organization","name":"Anga Textiles","url":"https:\/\/angatextiles.com\/","logo":{"@type":"ImageObject","inLanguage":"en-CA","@id":"https:\/\/angatextiles.com\/#\/schema\/logo\/image\/","url":"https:\/\/angatextiles.com\/wp-content\/uploads\/2024\/03\/cropped-432615758_392499060370502_4636391169995674141_n.png","contentUrl":"https:\/\/angatextiles.com\/wp-content\/uploads\/2024\/03\/cropped-432615758_392499060370502_4636391169995674141_n.png","width":566,"height":189,"caption":"Anga Textiles"},"image":{"@id":"https:\/\/angatextiles.com\/#\/schema\/logo\/image\/"},"sameAs":["https:\/\/facebook.com\/anga.textiles","https:\/\/www.instagram.com\/anga_textiles"]}]}},"_links":{"self":[{"href":"https:\/\/angatextiles.com\/en\/wp-json\/wp\/v2\/product\/1069","targetHints":{"allow":["GET"]}}],"collection":[{"href":"https:\/\/angatextiles.com\/en\/wp-json\/wp\/v2\/product"}],"about":[{"href":"https:\/\/angatextiles.com\/en\/wp-json\/wp\/v2\/types\/product"}],"wp:featuredmedia":[{"embeddable":true,"href":"https:\/\/angatextiles.com\/en\/wp-json\/wp\/v2\/media\/1222"}],"wp:attachment":[{"href":"https:\/\/angatextiles.com\/en\/wp-json\/wp\/v2\/media?parent=1069"}],"wp:term":[{"taxonomy":"product_brand","embeddable":true,"href":"https:\/\/angatextiles.com\/en\/wp-json\/wp\/v2\/product_brand?post=1069"},{"taxonomy":"product_cat","embeddable":true,"href":"https:\/\/angatextiles.com\/en\/wp-json\/wp\/v2\/product_cat?post=1069"},{"taxonomy":"product_tag","embeddable":true,"href":"https:\/\/angatextiles.com\/en\/wp-json\/wp\/v2\/product_tag?post=1069"}],"curies":[{"name":"wp","href":"https:\/\/api.w.org\/{rel}","templated":true}]}}