{"id":8,"date":"2024-01-26T14:06:33","date_gmt":"2024-01-26T19:06:33","guid":{"rendered":"https:\/\/angatextiles.com\/index.php\/cart\/"},"modified":"2024-04-12T11:55:41","modified_gmt":"2024-04-12T15:55:41","slug":"panier","status":"publish","type":"page","link":"https:\/\/angatextiles.com\/en\/panier\/","title":{"rendered":"Cart"},"content":{"rendered":"<div data-block-name=\"woocommerce\/cart\" class=\"wp-block-woocommerce-cart alignwide is-loading\">\n<div data-block-name=\"woocommerce\/filled-cart-block\" class=\"wp-block-woocommerce-filled-cart-block\">\n<div data-block-name=\"woocommerce\/cart-items-block\" class=\"wp-block-woocommerce-cart-items-block\">\n<div data-block-name=\"woocommerce\/cart-line-items-block\" class=\"wp-block-woocommerce-cart-line-items-block\"><\/div>\n\n\n\n<div data-block-name=\"woocommerce\/cart-cross-sells-block\" class=\"wp-block-woocommerce-cart-cross-sells-block\">\n<h2 class=\"wp-block-heading has-large-font-size\">You may be interested in\u2026<\/h2>\n\n\n\n<div data-block-name=\"woocommerce\/cart-cross-sells-products-block\" class=\"wp-block-woocommerce-cart-cross-sells-products-block\"><\/div>\n<\/div>\n<\/div>\n\n\n\n<div data-block-name=\"woocommerce\/cart-totals-block\" class=\"wp-block-woocommerce-cart-totals-block\">\n<div data-block-name=\"woocommerce\/cart-order-summary-block\" class=\"wp-block-woocommerce-cart-order-summary-block\">\n<div data-block-name=\"woocommerce\/cart-order-summary-heading-block\" class=\"wp-block-woocommerce-cart-order-summary-heading-block\"><\/div><div data-block-name=\"woocommerce\/cart-order-summary-coupon-form-block\" class=\"wp-block-woocommerce-cart-order-summary-coupon-form-block\"><\/div><div data-block-name=\"woocommerce\/cart-order-summary-totals-block\" class=\"wp-block-woocommerce-cart-order-summary-totals-block\">\n<div data-block-name=\"woocommerce\/cart-order-summary-subtotal-block\" class=\"wp-block-woocommerce-cart-order-summary-subtotal-block\"><\/div>\n<div data-block-name=\"woocommerce\/cart-order-summary-discount-block\" class=\"wp-block-woocommerce-cart-order-summary-discount-block\"><\/div>\n<div data-block-name=\"woocommerce\/cart-order-summary-fee-block\" class=\"wp-block-woocommerce-cart-order-summary-fee-block\"><\/div>\n<div data-block-name=\"woocommerce\/cart-order-summary-shipping-block\" class=\"wp-block-woocommerce-cart-order-summary-shipping-block\"><\/div>\n<div data-block-name=\"woocommerce\/cart-order-summary-taxes-block\" class=\"wp-block-woocommerce-cart-order-summary-taxes-block\"><\/div><\/div>\n<\/div>\n\n\n\n<div data-block-name=\"woocommerce\/cart-express-payment-block\" class=\"wp-block-woocommerce-cart-express-payment-block\"><\/div>\n\n\n\n<div data-block-name=\"woocommerce\/proceed-to-checkout-block\" class=\"wp-block-woocommerce-proceed-to-checkout-block\"><\/div>\n<div id=\"ppcp-recaptcha-v2-container\" style=\"margin:20px 0;\"><\/div>\n\n\n<div data-block-name=\"woocommerce\/cart-accepted-payment-methods-block\" class=\"wp-block-woocommerce-cart-accepted-payment-methods-block\"><\/div>\n<\/div>\n<\/div>\n\n\n\n<div data-block-name=\"woocommerce\/empty-cart-block\" class=\"wp-block-woocommerce-empty-cart-block\">\n<h2 class=\"wp-block-heading has-text-align-center with-empty-cart-icon wc-block-cart__empty-cart__title\">Your cart is currently empty!<\/h2>\n\n\n\n<hr class=\"wp-block-separator has-alpha-channel-opacity is-style-dots\"\/>\n\n\n\n<h2 class=\"wp-block-heading has-text-align-center\">New in store<\/h2>\n\n\n<div data-block-name=\"woocommerce\/product-new\" data-columns=\"4\" data-rows=\"1\" class=\"wc-block-grid wp-block-product-new wp-block-woocommerce-product-new wc-block-product-new has-4-columns\"><ul class=\"wc-block-grid__products\"><li class=\"wc-block-grid__product\">\n\t\t\t\t<a href=\"https:\/\/angatextiles.com\/en\/tissus\/jersey\/jersey-a-motif\/jersey-collage-de-fleurs\/\" class=\"wc-block-grid__product-link\">\n\t\t\t\t\t\n\t\t\t\t\t<div class=\"wc-block-grid__product-image\"><img loading=\"lazy\" decoding=\"async\" width=\"600\" height=\"600\" src=\"https:\/\/angatextiles.com\/wp-content\/uploads\/2026\/03\/1x1_JPG_12x12in_3600x3600px-600x600.jpg?v=1772674314\" class=\"attachment-woocommerce_thumbnail size-woocommerce_thumbnail\" alt=\"Jersey - Collage de fleurs\" srcset=\"https:\/\/angatextiles.com\/wp-content\/uploads\/2026\/03\/1x1_JPG_12x12in_3600x3600px-600x600.jpg?v=1772674314 600w, https:\/\/angatextiles.com\/wp-content\/uploads\/2026\/03\/1x1_JPG_12x12in_3600x3600px-300x300.jpg?v=1772674314 300w, https:\/\/angatextiles.com\/wp-content\/uploads\/2026\/03\/1x1_JPG_12x12in_3600x3600px-1024x1024.jpg?v=1772674314 1024w, https:\/\/angatextiles.com\/wp-content\/uploads\/2026\/03\/1x1_JPG_12x12in_3600x3600px-150x150.jpg?v=1772674314 150w, https:\/\/angatextiles.com\/wp-content\/uploads\/2026\/03\/1x1_JPG_12x12in_3600x3600px-768x768.jpg?v=1772674314 768w, https:\/\/angatextiles.com\/wp-content\/uploads\/2026\/03\/1x1_JPG_12x12in_3600x3600px-1536x1536.jpg?v=1772674314 1536w, https:\/\/angatextiles.com\/wp-content\/uploads\/2026\/03\/1x1_JPG_12x12in_3600x3600px-12x12.jpg?v=1772674314 12w, https:\/\/angatextiles.com\/wp-content\/uploads\/2026\/03\/1x1_JPG_12x12in_3600x3600px-900x900.jpg?v=1772674314 900w, https:\/\/angatextiles.com\/wp-content\/uploads\/2026\/03\/1x1_JPG_12x12in_3600x3600px-100x100.jpg?v=1772674314 100w, https:\/\/angatextiles.com\/wp-content\/uploads\/2026\/03\/1x1_JPG_12x12in_3600x3600px.jpg?v=1772674314 1800w\" sizes=\"auto, (max-width: 600px) 100vw, 600px\" \/><\/div>\n\t\t\t\t\t<div class=\"wc-block-grid__product-title\">Jersey \u2013 Flower Collage<\/div>\n\t\t\t\t<\/a>\n\t\t\t\t<div class=\"wc-block-grid__product-price price\"><span class=\"woocommerce-Price-amount amount\">14.50&nbsp;<span class=\"woocommerce-Price-currencySymbol\">&#036;<\/span><\/span><\/div>\n\t\t\t\t\n\t\t\t\t<div class=\"wp-block-button wc-block-grid__product-add-to-cart\"><a href=\"\/en\/wp-json\/wp\/v2\/pages\/8?add-to-cart=3754\" aria-label=\"Add to cart: \u201cJersey - Collage de fleurs\u201d\" data-quantity=\"1\" data-product_id=\"3754\" data-product_sku=\"\" data-price=\"14.5\" rel=\"nofollow\" class=\"wp-block-button__link  add_to_cart_button ajax_add_to_cart\" data-no-translation=\"\" data-trp-gettext=\"\" data-no-translation-aria-label=\"\">Add to cart<\/a><\/div>\n\t\t\t<\/li><li class=\"wc-block-grid__product\">\n\t\t\t\t<a href=\"https:\/\/angatextiles.com\/en\/tissus\/jersey\/jersey-a-motif\/jersey-legumes-dete\/\" class=\"wc-block-grid__product-link\">\n\t\t\t\t\t\n\t\t\t\t\t<div class=\"wc-block-grid__product-image\"><img loading=\"lazy\" decoding=\"async\" width=\"600\" height=\"600\" src=\"https:\/\/angatextiles.com\/wp-content\/uploads\/2026\/03\/0094-Vegetables-DafneDesignStudio-600x600.jpg?v=1772674312\" class=\"attachment-woocommerce_thumbnail size-woocommerce_thumbnail\" alt=\"Jersey - L\u00e9gumes d&#039;\u00e9t\u00e9\" srcset=\"https:\/\/angatextiles.com\/wp-content\/uploads\/2026\/03\/0094-Vegetables-DafneDesignStudio-600x600.jpg?v=1772674312 600w, https:\/\/angatextiles.com\/wp-content\/uploads\/2026\/03\/0094-Vegetables-DafneDesignStudio-300x300.jpg?v=1772674312 300w, https:\/\/angatextiles.com\/wp-content\/uploads\/2026\/03\/0094-Vegetables-DafneDesignStudio-1024x1024.jpg?v=1772674312 1024w, https:\/\/angatextiles.com\/wp-content\/uploads\/2026\/03\/0094-Vegetables-DafneDesignStudio-150x150.jpg?v=1772674312 150w, https:\/\/angatextiles.com\/wp-content\/uploads\/2026\/03\/0094-Vegetables-DafneDesignStudio-768x768.jpg?v=1772674312 768w, https:\/\/angatextiles.com\/wp-content\/uploads\/2026\/03\/0094-Vegetables-DafneDesignStudio-1536x1536.jpg?v=1772674312 1536w, https:\/\/angatextiles.com\/wp-content\/uploads\/2026\/03\/0094-Vegetables-DafneDesignStudio-12x12.jpg?v=1772674312 12w, https:\/\/angatextiles.com\/wp-content\/uploads\/2026\/03\/0094-Vegetables-DafneDesignStudio-900x900.jpg?v=1772674312 900w, https:\/\/angatextiles.com\/wp-content\/uploads\/2026\/03\/0094-Vegetables-DafneDesignStudio-100x100.jpg?v=1772674312 100w, https:\/\/angatextiles.com\/wp-content\/uploads\/2026\/03\/0094-Vegetables-DafneDesignStudio.jpg?v=1772674312 1800w\" sizes=\"auto, (max-width: 600px) 100vw, 600px\" \/><\/div>\n\t\t\t\t\t<div class=\"wc-block-grid__product-title\">Jersey \u2013 Summer Vegetables<\/div>\n\t\t\t\t<\/a>\n\t\t\t\t<div class=\"wc-block-grid__product-price price\"><span class=\"woocommerce-Price-amount amount\">14.50&nbsp;<span class=\"woocommerce-Price-currencySymbol\">&#036;<\/span><\/span><\/div>\n\t\t\t\t\n\t\t\t\t<div class=\"wp-block-button wc-block-grid__product-add-to-cart\"><a href=\"\/en\/wp-json\/wp\/v2\/pages\/8?add-to-cart=3752\" aria-label=\"Add to cart: \u201cJersey - L\u00e9gumes d&#039;\u00e9t\u00e9\u201d\" data-quantity=\"1\" data-product_id=\"3752\" data-product_sku=\"\" data-price=\"14.5\" rel=\"nofollow\" class=\"wp-block-button__link  add_to_cart_button ajax_add_to_cart\" data-no-translation=\"\" data-trp-gettext=\"\" data-no-translation-aria-label=\"\">Add to cart<\/a><\/div>\n\t\t\t<\/li><li class=\"wc-block-grid__product\">\n\t\t\t\t<a href=\"https:\/\/angatextiles.com\/en\/tissus\/jersey\/jersey-a-motif\/jersey-tomates\/\" class=\"wc-block-grid__product-link\">\n\t\t\t\t\t\n\t\t\t\t\t<div class=\"wc-block-grid__product-image\"><img loading=\"lazy\" decoding=\"async\" width=\"600\" height=\"600\" src=\"https:\/\/angatextiles.com\/wp-content\/uploads\/2026\/03\/Alv.Cherry_Tomatoes-600x600.jpg?v=1772674309\" class=\"attachment-woocommerce_thumbnail size-woocommerce_thumbnail\" alt=\"Jersey - Tomates\" srcset=\"https:\/\/angatextiles.com\/wp-content\/uploads\/2026\/03\/Alv.Cherry_Tomatoes-600x600.jpg?v=1772674309 600w, https:\/\/angatextiles.com\/wp-content\/uploads\/2026\/03\/Alv.Cherry_Tomatoes-300x300.jpg?v=1772674309 300w, https:\/\/angatextiles.com\/wp-content\/uploads\/2026\/03\/Alv.Cherry_Tomatoes-1024x1024.jpg?v=1772674309 1024w, https:\/\/angatextiles.com\/wp-content\/uploads\/2026\/03\/Alv.Cherry_Tomatoes-150x150.jpg?v=1772674309 150w, https:\/\/angatextiles.com\/wp-content\/uploads\/2026\/03\/Alv.Cherry_Tomatoes-768x768.jpg?v=1772674309 768w, https:\/\/angatextiles.com\/wp-content\/uploads\/2026\/03\/Alv.Cherry_Tomatoes-12x12.jpg?v=1772674309 12w, https:\/\/angatextiles.com\/wp-content\/uploads\/2026\/03\/Alv.Cherry_Tomatoes-900x900.jpg?v=1772674309 900w, https:\/\/angatextiles.com\/wp-content\/uploads\/2026\/03\/Alv.Cherry_Tomatoes-100x100.jpg?v=1772674309 100w, https:\/\/angatextiles.com\/wp-content\/uploads\/2026\/03\/Alv.Cherry_Tomatoes.jpg?v=1772674309 1200w\" sizes=\"auto, (max-width: 600px) 100vw, 600px\" \/><\/div>\n\t\t\t\t\t<div class=\"wc-block-grid__product-title\">Jersey \u2013 Tomatoes<\/div>\n\t\t\t\t<\/a>\n\t\t\t\t<div class=\"wc-block-grid__product-price price\"><span class=\"woocommerce-Price-amount amount\">14.50&nbsp;<span class=\"woocommerce-Price-currencySymbol\">&#036;<\/span><\/span><\/div>\n\t\t\t\t\n\t\t\t\t<div class=\"wp-block-button wc-block-grid__product-add-to-cart\"><a href=\"\/en\/wp-json\/wp\/v2\/pages\/8?add-to-cart=3750\" aria-label=\"Add to cart: \u201cJersey - Tomates\u201d\" data-quantity=\"1\" data-product_id=\"3750\" data-product_sku=\"\" data-price=\"14.5\" rel=\"nofollow\" class=\"wp-block-button__link  add_to_cart_button ajax_add_to_cart\" data-no-translation=\"\" data-trp-gettext=\"\" data-no-translation-aria-label=\"\">Add to cart<\/a><\/div>\n\t\t\t<\/li><li class=\"wc-block-grid__product\">\n\t\t\t\t<a href=\"https:\/\/angatextiles.com\/en\/tissus\/jersey\/jersey-a-motif\/jersey-cerises-roses\/\" class=\"wc-block-grid__product-link\">\n\t\t\t\t\t\n\t\t\t\t\t<div class=\"wc-block-grid__product-image\"><img loading=\"lazy\" decoding=\"async\" width=\"600\" height=\"600\" src=\"https:\/\/angatextiles.com\/wp-content\/uploads\/2026\/03\/BrightCherries-2-600x600.jpg?v=1772674307\" class=\"attachment-woocommerce_thumbnail size-woocommerce_thumbnail\" alt=\"Jersey - Cerises roses\" srcset=\"https:\/\/angatextiles.com\/wp-content\/uploads\/2026\/03\/BrightCherries-2-600x600.jpg?v=1772674307 600w, https:\/\/angatextiles.com\/wp-content\/uploads\/2026\/03\/BrightCherries-2-300x300.jpg?v=1772674307 300w, https:\/\/angatextiles.com\/wp-content\/uploads\/2026\/03\/BrightCherries-2-1024x1024.jpg?v=1772674307 1024w, https:\/\/angatextiles.com\/wp-content\/uploads\/2026\/03\/BrightCherries-2-150x150.jpg?v=1772674307 150w, https:\/\/angatextiles.com\/wp-content\/uploads\/2026\/03\/BrightCherries-2-768x768.jpg?v=1772674307 768w, https:\/\/angatextiles.com\/wp-content\/uploads\/2026\/03\/BrightCherries-2-1536x1536.jpg?v=1772674307 1536w, https:\/\/angatextiles.com\/wp-content\/uploads\/2026\/03\/BrightCherries-2-12x12.jpg?v=1772674307 12w, https:\/\/angatextiles.com\/wp-content\/uploads\/2026\/03\/BrightCherries-2-900x900.jpg?v=1772674307 900w, https:\/\/angatextiles.com\/wp-content\/uploads\/2026\/03\/BrightCherries-2-100x100.jpg?v=1772674307 100w, https:\/\/angatextiles.com\/wp-content\/uploads\/2026\/03\/BrightCherries-2.jpg?v=1772674307 1800w\" sizes=\"auto, (max-width: 600px) 100vw, 600px\" \/><\/div>\n\t\t\t\t\t<div class=\"wc-block-grid__product-title\">Jersey \u2013 Pink Cherries<\/div>\n\t\t\t\t<\/a>\n\t\t\t\t<div class=\"wc-block-grid__product-price price\"><span class=\"woocommerce-Price-amount amount\">14.50&nbsp;<span class=\"woocommerce-Price-currencySymbol\">&#036;<\/span><\/span><\/div>\n\t\t\t\t\n\t\t\t\t<div class=\"wp-block-button wc-block-grid__product-add-to-cart\"><a href=\"\/en\/wp-json\/wp\/v2\/pages\/8?add-to-cart=3748\" aria-label=\"Add to cart: \u201cJersey - Cerises roses\u201d\" data-quantity=\"1\" data-product_id=\"3748\" data-product_sku=\"\" data-price=\"14.5\" rel=\"nofollow\" class=\"wp-block-button__link  add_to_cart_button ajax_add_to_cart\" data-no-translation=\"\" data-trp-gettext=\"\" data-no-translation-aria-label=\"\">Add to cart<\/a><\/div>\n\t\t\t<\/li><\/ul><\/div><\/div>\n<\/div>","protected":false},"excerpt":{"rendered":"","protected":false},"author":1,"featured_media":0,"parent":0,"menu_order":0,"comment_status":"closed","ping_status":"closed","template":"","meta":{"site-sidebar-layout":"default","site-content-layout":"","ast-site-content-layout":"default","site-content-style":"default","site-sidebar-style":"default","ast-global-header-display":"","ast-banner-title-visibility":"","ast-main-header-display":"","ast-hfb-above-header-display":"","ast-hfb-below-header-display":"","ast-hfb-mobile-header-display":"","site-post-title":"","ast-breadcrumbs-content":"disabled","ast-featured-img":"","footer-sml-layout":"","ast-disable-related-posts":"","theme-transparent-header-meta":"","adv-header-id-meta":"","stick-header-meta":"","header-above-stick-meta":"","header-main-stick-meta":"","header-below-stick-meta":"","astra-migrate-meta-layouts":"default","ast-page-background-enabled":"default","ast-page-background-meta":{"desktop":{"background-color":"var(--ast-global-color-4)","background-image":"","background-repeat":"repeat","background-position":"center center","background-size":"auto","background-attachment":"scroll","background-type":"","background-media":"","overlay-type":"","overlay-color":"","overlay-opacity":"","overlay-gradient":""},"tablet":{"background-color":"","background-image":"","background-repeat":"repeat","background-position":"center center","background-size":"auto","background-attachment":"scroll","background-type":"","background-media":"","overlay-type":"","overlay-color":"","overlay-opacity":"","overlay-gradient":""},"mobile":{"background-color":"","background-image":"","background-repeat":"repeat","background-position":"center center","background-size":"auto","background-attachment":"scroll","background-type":"","background-media":"","overlay-type":"","overlay-color":"","overlay-opacity":"","overlay-gradient":""}},"ast-content-background-meta":{"desktop":{"background-color":"var(--ast-global-color-5)","background-image":"","background-repeat":"repeat","background-position":"center center","background-size":"auto","background-attachment":"scroll","background-type":"","background-media":"","overlay-type":"","overlay-color":"","overlay-opacity":"","overlay-gradient":""},"tablet":{"background-color":"var(--ast-global-color-5)","background-image":"","background-repeat":"repeat","background-position":"center center","background-size":"auto","background-attachment":"scroll","background-type":"","background-media":"","overlay-type":"","overlay-color":"","overlay-opacity":"","overlay-gradient":""},"mobile":{"background-color":"var(--ast-global-color-5)","background-image":"","background-repeat":"repeat","background-position":"center center","background-size":"auto","background-attachment":"scroll","background-type":"","background-media":"","overlay-type":"","overlay-color":"","overlay-opacity":"","overlay-gradient":""}},"footnotes":""},"class_list":["post-8","page","type-page","status-publish","hentry"],"yoast_head":"<!-- This site is optimized with the Yoast SEO plugin v27.1.1 - https:\/\/yoast.com\/product\/yoast-seo-wordpress\/ -->\n<title>Panier - Boutique de tissus en ligne<\/title>\n<meta name=\"description\" content=\"You may be interested in\u2026                            Votre panier est actuellement vide !    Nouveau dans la boutique\" \/>\n<meta name=\"robots\" content=\"index, follow, max-snippet:-1, max-image-preview:large, max-video-preview:-1\" \/>\n<link rel=\"canonical\" href=\"https:\/\/angatextiles.com\/en\/panier\/\" \/>\n<meta property=\"og:locale\" content=\"en_US\" \/>\n<meta property=\"og:type\" content=\"article\" \/>\n<meta property=\"og:title\" content=\"Panier - Boutique de tissus en ligne\" \/>\n<meta property=\"og:description\" content=\"You may be interested in\u2026                            Votre panier est actuellement vide !    Nouveau dans la boutique\" \/>\n<meta property=\"og:url\" content=\"https:\/\/angatextiles.com\/en\/panier\/\" \/>\n<meta property=\"og:site_name\" content=\"Anga Textiles\" \/>\n<meta property=\"article:publisher\" content=\"https:\/\/facebook.com\/anga.textiles\" \/>\n<meta property=\"article:modified_time\" content=\"2024-04-12T15:55:41+00:00\" \/>\n<meta property=\"og:image\" content=\"https:\/\/angatextiles.com\/wp-content\/uploads\/2024\/03\/cropped-432615758_392499060370502_4636391169995674141_n.png\" \/>\n\t<meta property=\"og:image:width\" content=\"566\" \/>\n\t<meta property=\"og:image:height\" content=\"189\" \/>\n\t<meta property=\"og:image:type\" content=\"image\/png\" \/>\n<meta name=\"twitter:card\" content=\"summary_large_image\" \/>\n<meta name=\"twitter:label1\" content=\"Est. reading time\" \/>\n\t<meta name=\"twitter:data1\" content=\"1 minute\" \/>\n<script type=\"application\/ld+json\" class=\"yoast-schema-graph\">{\"@context\":\"https:\/\/schema.org\",\"@graph\":[{\"@type\":\"WebPage\",\"@id\":\"https:\/\/angatextiles.com\/panier\/\",\"url\":\"https:\/\/angatextiles.com\/panier\/\",\"name\":\"Panier - Boutique de tissus en ligne\",\"isPartOf\":{\"@id\":\"https:\/\/angatextiles.com\/#website\"},\"datePublished\":\"2024-01-26T19:06:33+00:00\",\"dateModified\":\"2024-04-12T15:55:41+00:00\",\"description\":\"You may be interested in\u2026 Votre panier est actuellement vide ! Nouveau dans la boutique\",\"breadcrumb\":{\"@id\":\"https:\/\/angatextiles.com\/panier\/#breadcrumb\"},\"inLanguage\":\"en-CA\",\"potentialAction\":[{\"@type\":\"ReadAction\",\"target\":[\"https:\/\/angatextiles.com\/panier\/\"]}]},{\"@type\":\"BreadcrumbList\",\"@id\":\"https:\/\/angatextiles.com\/panier\/#breadcrumb\",\"itemListElement\":[{\"@type\":\"ListItem\",\"position\":1,\"name\":\"Accueil\",\"item\":\"https:\/\/angatextiles.com\/\"},{\"@type\":\"ListItem\",\"position\":2,\"name\":\"Panier\"}]},{\"@type\":\"WebSite\",\"@id\":\"https:\/\/angatextiles.com\/#website\",\"url\":\"https:\/\/angatextiles.com\/\",\"name\":\"Anga Textiles\",\"description\":\"Boutique de tissus en ligne\",\"publisher\":{\"@id\":\"https:\/\/angatextiles.com\/#organization\"},\"potentialAction\":[{\"@type\":\"SearchAction\",\"target\":{\"@type\":\"EntryPoint\",\"urlTemplate\":\"https:\/\/angatextiles.com\/?s={search_term_string}\"},\"query-input\":{\"@type\":\"PropertyValueSpecification\",\"valueRequired\":true,\"valueName\":\"search_term_string\"}}],\"inLanguage\":\"en-CA\"},{\"@type\":\"Organization\",\"@id\":\"https:\/\/angatextiles.com\/#organization\",\"name\":\"Anga Textiles\",\"url\":\"https:\/\/angatextiles.com\/\",\"logo\":{\"@type\":\"ImageObject\",\"inLanguage\":\"en-CA\",\"@id\":\"https:\/\/angatextiles.com\/#\/schema\/logo\/image\/\",\"url\":\"https:\/\/angatextiles.com\/wp-content\/uploads\/2024\/03\/cropped-432615758_392499060370502_4636391169995674141_n.png\",\"contentUrl\":\"https:\/\/angatextiles.com\/wp-content\/uploads\/2024\/03\/cropped-432615758_392499060370502_4636391169995674141_n.png\",\"width\":566,\"height\":189,\"caption\":\"Anga Textiles\"},\"image\":{\"@id\":\"https:\/\/angatextiles.com\/#\/schema\/logo\/image\/\"},\"sameAs\":[\"https:\/\/facebook.com\/anga.textiles\",\"https:\/\/www.instagram.com\/anga_textiles\"]}]}<\/script>\n<!-- \/ Yoast SEO plugin. -->","yoast_head_json":{"title":"Basket - Online Fabric Shop","description":"You may be interested in\u2026 Your cart is currently empty! New in the shop","robots":{"index":"index","follow":"follow","max-snippet":"max-snippet:-1","max-image-preview":"max-image-preview:large","max-video-preview":"max-video-preview:-1"},"canonical":"https:\/\/angatextiles.com\/en\/panier\/","og_locale":"en_US","og_type":"article","og_title":"Panier - Boutique de tissus en ligne","og_description":"You may be interested in\u2026                            Votre panier est actuellement vide !    Nouveau dans la boutique","og_url":"https:\/\/angatextiles.com\/en\/panier\/","og_site_name":"Anga Textiles","article_publisher":"https:\/\/facebook.com\/anga.textiles","article_modified_time":"2024-04-12T15:55:41+00:00","og_image":[{"width":566,"height":189,"url":"https:\/\/angatextiles.com\/wp-content\/uploads\/2024\/03\/cropped-432615758_392499060370502_4636391169995674141_n.png","type":"image\/png"}],"twitter_card":"summary_large_image","twitter_misc":{"Est. reading time":"1 minute"},"schema":{"@context":"https:\/\/schema.org","@graph":[{"@type":"WebPage","@id":"https:\/\/angatextiles.com\/panier\/","url":"https:\/\/angatextiles.com\/panier\/","name":"Basket - Online Fabric Shop","isPartOf":{"@id":"https:\/\/angatextiles.com\/#website"},"datePublished":"2024-01-26T19:06:33+00:00","dateModified":"2024-04-12T15:55:41+00:00","description":"You may be interested in\u2026 Your cart is currently empty! New in the shop","breadcrumb":{"@id":"https:\/\/angatextiles.com\/panier\/#breadcrumb"},"inLanguage":"en-CA","potentialAction":[{"@type":"ReadAction","target":["https:\/\/angatextiles.com\/panier\/"]}]},{"@type":"BreadcrumbList","@id":"https:\/\/angatextiles.com\/panier\/#breadcrumb","itemListElement":[{"@type":"ListItem","position":1,"name":"Accueil","item":"https:\/\/angatextiles.com\/"},{"@type":"ListItem","position":2,"name":"Panier"}]},{"@type":"WebSite","@id":"https:\/\/angatextiles.com\/#website","url":"https:\/\/angatextiles.com\/","name":"Anga Textiles","description":"Online fabric store","publisher":{"@id":"https:\/\/angatextiles.com\/#organization"},"potentialAction":[{"@type":"SearchAction","target":{"@type":"EntryPoint","urlTemplate":"https:\/\/angatextiles.com\/?s={search_term_string}"},"query-input":{"@type":"PropertyValueSpecification","valueRequired":true,"valueName":"search_term_string"}}],"inLanguage":"en-CA"},{"@type":"Organization","@id":"https:\/\/angatextiles.com\/#organization","name":"Anga Textiles","url":"https:\/\/angatextiles.com\/","logo":{"@type":"ImageObject","inLanguage":"en-CA","@id":"https:\/\/angatextiles.com\/#\/schema\/logo\/image\/","url":"https:\/\/angatextiles.com\/wp-content\/uploads\/2024\/03\/cropped-432615758_392499060370502_4636391169995674141_n.png","contentUrl":"https:\/\/angatextiles.com\/wp-content\/uploads\/2024\/03\/cropped-432615758_392499060370502_4636391169995674141_n.png","width":566,"height":189,"caption":"Anga Textiles"},"image":{"@id":"https:\/\/angatextiles.com\/#\/schema\/logo\/image\/"},"sameAs":["https:\/\/facebook.com\/anga.textiles","https:\/\/www.instagram.com\/anga_textiles"]}]}},"_links":{"self":[{"href":"https:\/\/angatextiles.com\/en\/wp-json\/wp\/v2\/pages\/8","targetHints":{"allow":["GET"]}}],"collection":[{"href":"https:\/\/angatextiles.com\/en\/wp-json\/wp\/v2\/pages"}],"about":[{"href":"https:\/\/angatextiles.com\/en\/wp-json\/wp\/v2\/types\/page"}],"author":[{"embeddable":true,"href":"https:\/\/angatextiles.com\/en\/wp-json\/wp\/v2\/users\/1"}],"replies":[{"embeddable":true,"href":"https:\/\/angatextiles.com\/en\/wp-json\/wp\/v2\/comments?post=8"}],"version-history":[{"count":2,"href":"https:\/\/angatextiles.com\/en\/wp-json\/wp\/v2\/pages\/8\/revisions"}],"predecessor-version":[{"id":1351,"href":"https:\/\/angatextiles.com\/en\/wp-json\/wp\/v2\/pages\/8\/revisions\/1351"}],"wp:attachment":[{"href":"https:\/\/angatextiles.com\/en\/wp-json\/wp\/v2\/media?parent=8"}],"curies":[{"name":"wp","href":"https:\/\/api.w.org\/{rel}","templated":true}]}}