{"id":297,"date":"2024-02-21T09:54:59","date_gmt":"2024-02-21T14:54:59","guid":{"rendered":"https:\/\/angatextiles.com\/?page_id=297"},"modified":"2024-09-27T10:28:31","modified_gmt":"2024-09-27T14:28:31","slug":"a-propos-anga-textiles","status":"publish","type":"page","link":"https:\/\/angatextiles.com\/en\/a-propos-anga-textiles\/","title":{"rendered":"About Anga Textiles"},"content":{"rendered":"<h2 class=\"wp-block-heading\" style=\"padding-top:var(--wp--preset--spacing--50);padding-bottom:var(--wp--preset--spacing--50);letter-spacing:3px;text-transform:none\">About Anga Textiles<\/h2>\n\n\n\n<p style=\"text-transform:none\">I started sewing about twelve years ago. At the time, I was making quilts with a sewing machine that I had bought 20$ at Walmart! Around my house, the textile choice was quite uninspiring. Then one day I found a quilting book in a fabric store and I discovered the wonderful and colorful fabrics of Kaffe Fasset. I decided to buy some (way too many) online and Surprise! When they were delivered, they came with customs fees, I had not realized that I had bought them in the United States! My first experience of online shopping \ud83d\ude42<\/p>\n\n\n\n<p style=\"text-transform:none\">Now my sewing has evolved a lot, for me, for my sons and sometimes, a little, for my boyfriend :) I never tire of looking for fabrics, but sometimes I find it difficult to get my hands on beautiful original fabrics for my sons . I wanted different designs, not just cars, trucks, police cars, not tractors. Finally something different: dinosaurs! Haha, no, I want bright, joyful, playful fabrics for my children that reflect their joy of living, their energy and that go beyond gender prejudices. My boys love flowers, they love pink and purple too! And it\u2019s perfect like that!<\/p>\n\n\n\n<p style=\"text-transform:none\">In conclusion, I decided to embark on this quest myself, to find and share here the discoveries I make. <\/p>\n\n\n\n<p style=\"text-transform:none\">Happy sewing to all and do not hesitate to write to us with any comments or suggestions<\/p>\n\n\n\n<div class=\"wp-block-buttons is-content-justification-center is-layout-flex wp-container-core-buttons-is-layout-4bdfd279 wp-block-buttons-is-layout-flex\" style=\"margin-top:var(--wp--preset--spacing--60);margin-bottom:var(--wp--preset--spacing--50)\">\n<div class=\"wp-block-button is-style-fill\" style=\"text-transform:none\"><a class=\"wp-block-button__link has-ast-global-color-5-color has-ast-global-color-1-background-color has-text-color has-background has-link-color wp-element-button\" href=\"https:\/\/angatextiles.com\/en\/contact\/\" style=\"padding-top:var(--wp--preset--spacing--30);padding-right:var(--wp--preset--spacing--50);padding-bottom:var(--wp--preset--spacing--30);padding-left:var(--wp--preset--spacing--50)\">Contact us<\/a><\/div>\n<\/div>","protected":false},"excerpt":{"rendered":"<p>\u00c0 propos de Anga Textiles J&rsquo;ai commenc\u00e9 \u00e0 faire de la couture il y a une douzaine d&rsquo;ann\u00e9es. \u00c0 l&rsquo;\u00e9poque, [&hellip;]<\/p>\n","protected":false},"author":1,"featured_media":0,"parent":0,"menu_order":0,"comment_status":"closed","ping_status":"closed","template":"","meta":{"site-sidebar-layout":"default","site-content-layout":"","ast-site-content-layout":"default","site-content-style":"default","site-sidebar-style":"default","ast-global-header-display":"","ast-banner-title-visibility":"","ast-main-header-display":"","ast-hfb-above-header-display":"","ast-hfb-below-header-display":"","ast-hfb-mobile-header-display":"","site-post-title":"disabled","ast-breadcrumbs-content":"disabled","ast-featured-img":"","footer-sml-layout":"","ast-disable-related-posts":"","theme-transparent-header-meta":"","adv-header-id-meta":"","stick-header-meta":"","header-above-stick-meta":"","header-main-stick-meta":"","header-below-stick-meta":"","astra-migrate-meta-layouts":"default","ast-page-background-enabled":"default","ast-page-background-meta":{"desktop":{"background-color":"var(--ast-global-color-4)","background-image":"","background-repeat":"repeat","background-position":"center center","background-size":"auto","background-attachment":"scroll","background-type":"","background-media":"","overlay-type":"","overlay-color":"","overlay-opacity":"","overlay-gradient":""},"tablet":{"background-color":"","background-image":"","background-repeat":"repeat","background-position":"center center","background-size":"auto","background-attachment":"scroll","background-type":"","background-media":"","overlay-type":"","overlay-color":"","overlay-opacity":"","overlay-gradient":""},"mobile":{"background-color":"","background-image":"","background-repeat":"repeat","background-position":"center center","background-size":"auto","background-attachment":"scroll","background-type":"","background-media":"","overlay-type":"","overlay-color":"","overlay-opacity":"","overlay-gradient":""}},"ast-content-background-meta":{"desktop":{"background-color":"var(--ast-global-color-5)","background-image":"","background-repeat":"repeat","background-position":"center center","background-size":"auto","background-attachment":"scroll","background-type":"","background-media":"","overlay-type":"","overlay-color":"","overlay-opacity":"","overlay-gradient":""},"tablet":{"background-color":"var(--ast-global-color-5)","background-image":"","background-repeat":"repeat","background-position":"center center","background-size":"auto","background-attachment":"scroll","background-type":"","background-media":"","overlay-type":"","overlay-color":"","overlay-opacity":"","overlay-gradient":""},"mobile":{"background-color":"var(--ast-global-color-5)","background-image":"","background-repeat":"repeat","background-position":"center center","background-size":"auto","background-attachment":"scroll","background-type":"","background-media":"","overlay-type":"","overlay-color":"","overlay-opacity":"","overlay-gradient":""}},"footnotes":""},"class_list":["post-297","page","type-page","status-publish","hentry"],"yoast_head":"<!-- This site is optimized with the Yoast SEO plugin v27.1.1 - https:\/\/yoast.com\/product\/yoast-seo-wordpress\/ -->\n<title>\u00c0 propos Anga Textiles<\/title>\n<meta name=\"description\" content=\"Apprenez en davantage sur Anga Textiles. D\u00e9couvrez notre histoire ainsi que nos valeurs d&#039;entreprise. Bonne couture !\" \/>\n<meta name=\"robots\" content=\"index, follow, max-snippet:-1, max-image-preview:large, max-video-preview:-1\" \/>\n<link rel=\"canonical\" href=\"https:\/\/angatextiles.com\/en\/a-propos-anga-textiles\/\" \/>\n<meta property=\"og:locale\" content=\"en_US\" \/>\n<meta property=\"og:type\" content=\"article\" \/>\n<meta property=\"og:title\" content=\"\u00c0 propos Anga Textiles\" \/>\n<meta property=\"og:description\" content=\"Apprenez en davantage sur Anga Textiles. D\u00e9couvrez notre histoire ainsi que nos valeurs d&#039;entreprise. Bonne couture !\" \/>\n<meta property=\"og:url\" content=\"https:\/\/angatextiles.com\/en\/a-propos-anga-textiles\/\" \/>\n<meta property=\"og:site_name\" content=\"Anga Textiles\" \/>\n<meta property=\"article:publisher\" content=\"https:\/\/facebook.com\/anga.textiles\" \/>\n<meta property=\"article:modified_time\" content=\"2024-09-27T14:28:31+00:00\" \/>\n<meta property=\"og:image\" content=\"https:\/\/angatextiles.com\/wp-content\/uploads\/2024\/03\/cropped-432615758_392499060370502_4636391169995674141_n.png\" \/>\n\t<meta property=\"og:image:width\" content=\"566\" \/>\n\t<meta property=\"og:image:height\" content=\"189\" \/>\n\t<meta property=\"og:image:type\" content=\"image\/png\" \/>\n<meta name=\"twitter:card\" content=\"summary_large_image\" \/>\n<meta name=\"twitter:label1\" content=\"Est. reading time\" \/>\n\t<meta name=\"twitter:data1\" content=\"2 minutes\" \/>\n<script type=\"application\/ld+json\" class=\"yoast-schema-graph\">{\"@context\":\"https:\/\/schema.org\",\"@graph\":[{\"@type\":\"WebPage\",\"@id\":\"https:\/\/angatextiles.com\/a-propos-anga-textiles\/\",\"url\":\"https:\/\/angatextiles.com\/a-propos-anga-textiles\/\",\"name\":\"\u00c0 propos Anga Textiles\",\"isPartOf\":{\"@id\":\"https:\/\/angatextiles.com\/#website\"},\"datePublished\":\"2024-02-21T14:54:59+00:00\",\"dateModified\":\"2024-09-27T14:28:31+00:00\",\"description\":\"Apprenez en davantage sur Anga Textiles. D\u00e9couvrez notre histoire ainsi que nos valeurs d'entreprise. Bonne couture !\",\"breadcrumb\":{\"@id\":\"https:\/\/angatextiles.com\/a-propos-anga-textiles\/#breadcrumb\"},\"inLanguage\":\"en-CA\",\"potentialAction\":[{\"@type\":\"ReadAction\",\"target\":[\"https:\/\/angatextiles.com\/a-propos-anga-textiles\/\"]}]},{\"@type\":\"BreadcrumbList\",\"@id\":\"https:\/\/angatextiles.com\/a-propos-anga-textiles\/#breadcrumb\",\"itemListElement\":[{\"@type\":\"ListItem\",\"position\":1,\"name\":\"Accueil\",\"item\":\"https:\/\/angatextiles.com\/\"},{\"@type\":\"ListItem\",\"position\":2,\"name\":\"\u00c0 propos Anga Textiles\"}]},{\"@type\":\"WebSite\",\"@id\":\"https:\/\/angatextiles.com\/#website\",\"url\":\"https:\/\/angatextiles.com\/\",\"name\":\"Anga Textiles\",\"description\":\"Boutique de tissus en ligne\",\"publisher\":{\"@id\":\"https:\/\/angatextiles.com\/#organization\"},\"potentialAction\":[{\"@type\":\"SearchAction\",\"target\":{\"@type\":\"EntryPoint\",\"urlTemplate\":\"https:\/\/angatextiles.com\/?s={search_term_string}\"},\"query-input\":{\"@type\":\"PropertyValueSpecification\",\"valueRequired\":true,\"valueName\":\"search_term_string\"}}],\"inLanguage\":\"en-CA\"},{\"@type\":\"Organization\",\"@id\":\"https:\/\/angatextiles.com\/#organization\",\"name\":\"Anga Textiles\",\"url\":\"https:\/\/angatextiles.com\/\",\"logo\":{\"@type\":\"ImageObject\",\"inLanguage\":\"en-CA\",\"@id\":\"https:\/\/angatextiles.com\/#\/schema\/logo\/image\/\",\"url\":\"https:\/\/angatextiles.com\/wp-content\/uploads\/2024\/03\/cropped-432615758_392499060370502_4636391169995674141_n.png\",\"contentUrl\":\"https:\/\/angatextiles.com\/wp-content\/uploads\/2024\/03\/cropped-432615758_392499060370502_4636391169995674141_n.png\",\"width\":566,\"height\":189,\"caption\":\"Anga Textiles\"},\"image\":{\"@id\":\"https:\/\/angatextiles.com\/#\/schema\/logo\/image\/\"},\"sameAs\":[\"https:\/\/facebook.com\/anga.textiles\",\"https:\/\/www.instagram.com\/anga_textiles\"]}]}<\/script>\n<!-- \/ Yoast SEO plugin. -->","yoast_head_json":{"title":"About Anga Textiles","description":"Learn more about Anga Textiles. Discover our history and our company values. Happy sewing!","robots":{"index":"index","follow":"follow","max-snippet":"max-snippet:-1","max-image-preview":"max-image-preview:large","max-video-preview":"max-video-preview:-1"},"canonical":"https:\/\/angatextiles.com\/en\/a-propos-anga-textiles\/","og_locale":"en_US","og_type":"article","og_title":"\u00c0 propos Anga Textiles","og_description":"Apprenez en davantage sur Anga Textiles. D\u00e9couvrez notre histoire ainsi que nos valeurs d'entreprise. Bonne couture !","og_url":"https:\/\/angatextiles.com\/en\/a-propos-anga-textiles\/","og_site_name":"Anga Textiles","article_publisher":"https:\/\/facebook.com\/anga.textiles","article_modified_time":"2024-09-27T14:28:31+00:00","og_image":[{"width":566,"height":189,"url":"https:\/\/angatextiles.com\/wp-content\/uploads\/2024\/03\/cropped-432615758_392499060370502_4636391169995674141_n.png","type":"image\/png"}],"twitter_card":"summary_large_image","twitter_misc":{"Est. reading time":"2 minutes"},"schema":{"@context":"https:\/\/schema.org","@graph":[{"@type":"WebPage","@id":"https:\/\/angatextiles.com\/a-propos-anga-textiles\/","url":"https:\/\/angatextiles.com\/a-propos-anga-textiles\/","name":"About Anga Textiles","isPartOf":{"@id":"https:\/\/angatextiles.com\/#website"},"datePublished":"2024-02-21T14:54:59+00:00","dateModified":"2024-09-27T14:28:31+00:00","description":"Learn more about Anga Textiles. Discover our history and our company values. Happy sewing!","breadcrumb":{"@id":"https:\/\/angatextiles.com\/a-propos-anga-textiles\/#breadcrumb"},"inLanguage":"en-CA","potentialAction":[{"@type":"ReadAction","target":["https:\/\/angatextiles.com\/a-propos-anga-textiles\/"]}]},{"@type":"BreadcrumbList","@id":"https:\/\/angatextiles.com\/a-propos-anga-textiles\/#breadcrumb","itemListElement":[{"@type":"ListItem","position":1,"name":"Accueil","item":"https:\/\/angatextiles.com\/"},{"@type":"ListItem","position":2,"name":"\u00c0 propos Anga Textiles"}]},{"@type":"WebSite","@id":"https:\/\/angatextiles.com\/#website","url":"https:\/\/angatextiles.com\/","name":"Anga Textiles","description":"Online fabric store","publisher":{"@id":"https:\/\/angatextiles.com\/#organization"},"potentialAction":[{"@type":"SearchAction","target":{"@type":"EntryPoint","urlTemplate":"https:\/\/angatextiles.com\/?s={search_term_string}"},"query-input":{"@type":"PropertyValueSpecification","valueRequired":true,"valueName":"search_term_string"}}],"inLanguage":"en-CA"},{"@type":"Organization","@id":"https:\/\/angatextiles.com\/#organization","name":"Anga Textiles","url":"https:\/\/angatextiles.com\/","logo":{"@type":"ImageObject","inLanguage":"en-CA","@id":"https:\/\/angatextiles.com\/#\/schema\/logo\/image\/","url":"https:\/\/angatextiles.com\/wp-content\/uploads\/2024\/03\/cropped-432615758_392499060370502_4636391169995674141_n.png","contentUrl":"https:\/\/angatextiles.com\/wp-content\/uploads\/2024\/03\/cropped-432615758_392499060370502_4636391169995674141_n.png","width":566,"height":189,"caption":"Anga Textiles"},"image":{"@id":"https:\/\/angatextiles.com\/#\/schema\/logo\/image\/"},"sameAs":["https:\/\/facebook.com\/anga.textiles","https:\/\/www.instagram.com\/anga_textiles"]}]}},"_links":{"self":[{"href":"https:\/\/angatextiles.com\/en\/wp-json\/wp\/v2\/pages\/297","targetHints":{"allow":["GET"]}}],"collection":[{"href":"https:\/\/angatextiles.com\/en\/wp-json\/wp\/v2\/pages"}],"about":[{"href":"https:\/\/angatextiles.com\/en\/wp-json\/wp\/v2\/types\/page"}],"author":[{"embeddable":true,"href":"https:\/\/angatextiles.com\/en\/wp-json\/wp\/v2\/users\/1"}],"replies":[{"embeddable":true,"href":"https:\/\/angatextiles.com\/en\/wp-json\/wp\/v2\/comments?post=297"}],"version-history":[{"count":30,"href":"https:\/\/angatextiles.com\/en\/wp-json\/wp\/v2\/pages\/297\/revisions"}],"predecessor-version":[{"id":1763,"href":"https:\/\/angatextiles.com\/en\/wp-json\/wp\/v2\/pages\/297\/revisions\/1763"}],"wp:attachment":[{"href":"https:\/\/angatextiles.com\/en\/wp-json\/wp\/v2\/media?parent=297"}],"curies":[{"name":"wp","href":"https:\/\/api.w.org\/{rel}","templated":true}]}}